{"id":692,"date":"2012-01-30T17:36:51","date_gmt":"2012-01-30T15:36:51","guid":{"rendered":"http:\/\/www.nocturnus-film.de\/home\/?page_id=692"},"modified":"2020-01-16T18:07:38","modified_gmt":"2020-01-16T16:07:38","slug":"the-last-survivor","status":"publish","type":"page","link":"https:\/\/www.nocturnus-film.de\/home\/filmprojekte\/the-last-survivor\/","title":{"rendered":"The Last Survivor"},"content":{"rendered":"<ul>\n<li>Deutschland, 2013<\/li>\n<li>Genre: Science Fiction \/ Horror<\/li>\n<li>L\u00e4nge: 6 min.<\/li>\n<li>Label: Nocturnus Film &amp; Lumatik<\/li>\n<\/ul>\n<p style=\"text-align: justify;\">&#8222;The Last Survivor&#8220; ist ein satirisches Remake der letzten Szene von Ridley Scotts &#8222;Alien&#8220;. Das anspruchsvolle Projekt mit Siri Nase und Gerald Arp wurde unter enormem Arbeitsaufwand aller Beteiligten und der Schirmherrschaft von Akki e.V. und der Clipper Medienwerkstatt realisiert.<\/p>\n<h5 style=\"text-align: justify;\">Story<\/h5>\n<p style=\"text-align: justify;\">Ellen Riley hat es geschafft! Kurz vor der Zerst\u00f6rung ihres Raumschiffs konnte sie sich in ein Shuttle retten, um der gewaltigen Explosion zu entkommen. Alle restlichen Crewmitglieder sind bei dem Versuch, das unheimliche Alien zu t\u00f6ten, ums Leben gekommen. Nur Riley hat \u00fcberlebt. Doch ist sie wirklich v\u00f6llig allein in ihrem Shuttle?<\/p>\n<h5>Cast und Crew<\/h5>\n<ul>\n<li><strong>Drehbuch und Regie<\/strong>: Daniel Raboldt<\/li>\n<li><strong>Produktion<\/strong>: Thorsten Franzen, Daniel Raboldt, Axel Ricke, Stefan Weski<\/li>\n<li><strong>Production Design und Kamera<\/strong>: Thorsten Franzen<\/li>\n<li><strong>Ausstattung<\/strong>: Stefan Weski, Daniel Raboldt<\/li>\n<li><strong>Schnitt<\/strong>: Zuhal Er<\/li>\n<li><strong>Kost\u00fcm- und Aliendesign<\/strong>: Stefan Weski<\/li>\n<li><strong>Maske<\/strong>: Lisa Huttenlocher<\/li>\n<li><strong>Licht und Kamera-Assistenz<\/strong>: Marcus Weiner<\/li>\n<li><strong>Produktionsleitung<\/strong>: Axel Ricke<\/li>\n<li><strong>Casting<\/strong>: Kristin Diehle<\/li>\n<li><strong>Musik<\/strong>: Norah B.<\/li>\n<li><strong>Sounddesign und Soundschnitt<\/strong>: Daniel Raboldt und Zuhal Er<\/li>\n<li><strong>Compositing \/ VFX-Artis<\/strong>t: Niko Junge, Henning Ricke<\/li>\n<li><strong>SFX<\/strong>: Stefan Weski, Axel Ricke, Daniel Raboldt<\/li>\n<li><strong>Setfahrerin<\/strong>: Pia Beine<\/li>\n<li><strong>Darsteller<\/strong>: Siri Nase, Gerald Arp<\/li>\n<\/ul>\n<h5 style=\"text-align: center;\">Film<\/h5>\n<p style=\"text-align: center;\"><iframe loading=\"lazy\" src=\"http:\/\/www.youtube.com\/embed\/a2emA8OusWo\" width=\"640\" height=\"360\" frameborder=\"0\" allowfullscreen=\"allowfullscreen\"><\/iframe><\/p>\n<h5 style=\"text-align: center;\">Trailer<\/h5>\n<p style=\"text-align: center;\"><iframe loading=\"lazy\" src=\"http:\/\/www.youtube.com\/embed\/IgXQzh5JKFY\" width=\"640\" height=\"360\" frameborder=\"0\" allowfullscreen=\"allowfullscreen\"><\/iframe><\/p>\n","protected":false},"excerpt":{"rendered":"<p>D\u00fcsterer Sci-Fi Kurzfilm mit Siri Nase<\/p>\n","protected":false},"author":1,"featured_media":2765,"parent":46,"menu_order":7,"comment_status":"closed","ping_status":"closed","template":"","meta":{"footnotes":""},"class_list":["post-692","page","type-page","status-publish","has-post-thumbnail","hentry"],"aioseo_notices":[],"_links":{"self":[{"href":"https:\/\/www.nocturnus-film.de\/home\/wp-json\/wp\/v2\/pages\/692","targetHints":{"allow":["GET"]}}],"collection":[{"href":"https:\/\/www.nocturnus-film.de\/home\/wp-json\/wp\/v2\/pages"}],"about":[{"href":"https:\/\/www.nocturnus-film.de\/home\/wp-json\/wp\/v2\/types\/page"}],"author":[{"embeddable":true,"href":"https:\/\/www.nocturnus-film.de\/home\/wp-json\/wp\/v2\/users\/1"}],"replies":[{"embeddable":true,"href":"https:\/\/www.nocturnus-film.de\/home\/wp-json\/wp\/v2\/comments?post=692"}],"version-history":[{"count":36,"href":"https:\/\/www.nocturnus-film.de\/home\/wp-json\/wp\/v2\/pages\/692\/revisions"}],"predecessor-version":[{"id":2768,"href":"https:\/\/www.nocturnus-film.de\/home\/wp-json\/wp\/v2\/pages\/692\/revisions\/2768"}],"up":[{"embeddable":true,"href":"https:\/\/www.nocturnus-film.de\/home\/wp-json\/wp\/v2\/pages\/46"}],"wp:featuredmedia":[{"embeddable":true,"href":"https:\/\/www.nocturnus-film.de\/home\/wp-json\/wp\/v2\/media\/2765"}],"wp:attachment":[{"href":"https:\/\/www.nocturnus-film.de\/home\/wp-json\/wp\/v2\/media?parent=692"}],"curies":[{"name":"wp","href":"https:\/\/api.w.org\/{rel}","templated":true}]}}