{"id":647,"date":"2011-09-13T02:38:12","date_gmt":"2011-09-13T00:38:12","guid":{"rendered":"http:\/\/www.nocturnus-film.de\/home\/?page_id=647"},"modified":"2018-05-01T13:10:19","modified_gmt":"2018-05-01T11:10:19","slug":"nur-eine-phase","status":"publish","type":"page","link":"https:\/\/www.nocturnus-film.de\/home\/filmprojekte\/nur-eine-phase\/","title":{"rendered":"Nur eine Phase"},"content":{"rendered":"<ul>\n<li>Deutschland, 2011<\/li>\n<li>Genre: Gangsterfilm \/ Kom\u00f6die<\/li>\n<li>L\u00e4nge: 5:00 min<\/li>\n<li>Label: G.I.-Productions<\/li>\n<\/ul>\n<p style=\"text-align: justify;\">Nach dem Erfolg von <a title=\"Infos zum Film\" href=\"https:\/\/www.nocturnus-film.de\/home\/?page_id=193\" target=\"_self\">&#8222;Was geschah &#8211; Man wei\u00df es nicht&#8220;<\/a> aus dem Jahr 2009, bildeten die\u00a0 <a title=\"Die Homepage der Ricke-Br\u00fcder\" href=\"http:\/\/www.rickebros.de\" target=\"_blank\">Ricke-Br\u00fcder<\/a> und Daniel Raboldt erneut zusammen ein Team, um beim <a title=\"Die Webseite des Festivals\" href=\"http:\/\/www.2880-filmfestival.de\/\" target=\"_blank\">2880 Filmfestival<\/a> in Leverkusen teilzunehmen.<\/p>\n<p style=\"text-align: justify;\">Die Vorgaben lauteten diesmal: Gangsterfilm, Titel &#8222;Nur eine Phase&#8220;.\u00a0 Durch die tatkr\u00e4ftige Unterst\u00fctzung des restlichen Teams entstand eine coole Mischung aus Gangsterfilm und Buddykom\u00f6die mit Lutz Reichert und Roman Dobriakov in den Hauptrollen.<\/p>\n<p style=\"text-align: justify;\">Ein besonderes Dankesch\u00f6n sei hier nochmal an <a title=\"Die Homepage von AKKI e.V.\" href=\"http:\/\/www.akki-ev.de\" target=\"_blank\">AKKI e.V.<\/a> und besonders Stefan Weski ausgesprochen, ohne die dieser Film nicht m\u00f6glich gewesen w\u00e4re.<\/p>\n<h5 style=\"text-align: justify;\">Story<\/h5>\n<p style=\"text-align: justify;\">Der Mafiapate steht vor einem scheinbar unl\u00f6sbaren Problem: Sein leicht debiler Sohn hat einen HipHop-Song aufgenommen, in welchem er jedes Verbrechen des Vaters bis ins kleinste Detail auspalavert. Nun ist Schadensbegrenzung angesagt und der einzige Mann, der hier helfen kann, ist &#8222;der Rabe&#8220;, ein erfahrener Profikiller, der einfach alles kann, effizient und pr\u00e4zise arbeitet und niemals Zeugen hinterl\u00e4sst.<\/p>\n<p style=\"text-align: justify;\">Doch der Rabe und der Sohn des Paten sind eine zu explosive Mischung, als dass der Auftrag leicht \u00fcber die B\u00fchne gehen k\u00f6nnte&#8230;<\/p>\n<h5 style=\"text-align: justify;\">Cast und Crew<\/h5>\n<ul>\n<li>Regie: Daniel Raboldt und Henning Ricke<\/li>\n<li>Produktion: Axel Ricke<\/li>\n<li>Drehbuch: Axel Ricke, Henning Ricke, Daniel Raboldt<\/li>\n<li>Kamera: Thorsten Franzen<\/li>\n<li>Schnitt: Zuhal Er<\/li>\n<li>Musik und Ton: Marc Meester<\/li>\n<li>Technische Leitung: Stefan Weski<\/li>\n<li>Ausstattung: Stefan Weski, Thorsten Franzen, Axel Ricke, Pia Beine<\/li>\n<li>Licht, Produktionsassistenz: Sebastian Bair<\/li>\n<li>VFX \/ Compositing: Marc Potocnik<\/li>\n<li>Script \/ Continuity: Pia Beine<\/li>\n<li>Standfotographie: Pia Beine, Stefan Weski<\/li>\n<li>Darsteller: Lutz Reichert, Roman Dobriakov, Gerd Buurmann, Henning Ricke, Daniel Raboldt<\/li>\n<\/ul>\n<p><object width=\"640\" height=\"360\" classid=\"clsid:d27cdb6e-ae6d-11cf-96b8-444553540000\" codebase=\"http:\/\/download.macromedia.com\/pub\/shockwave\/cabs\/flash\/swflash.cab#version=6,0,40,0\"><param name=\"allowFullScreen\" value=\"true\" \/><param name=\"allowscriptaccess\" value=\"always\" \/><param name=\"src\" value=\"http:\/\/www.youtube.com\/v\/rxIbXuu7RTA?version=3&amp;hl=de_DE\" \/><param name=\"allowfullscreen\" value=\"true\" \/><embed width=\"640\" height=\"360\" type=\"application\/x-shockwave-flash\" src=\"http:\/\/www.youtube.com\/v\/rxIbXuu7RTA?version=3&amp;hl=de_DE\" allowfullscreen=\"allowfullscreen\" allowscriptaccess=\"always\" allowfullscreen=\"allowfullscreen\" \/><\/object><\/p>\n<div id='gallery-1' class='gallery galleryid-647 gallery-columns-3 gallery-size-thumbnail'><figure class='gallery-item'>\n\t\t\t<div class='gallery-icon landscape'>\n\t\t\t\t<a href='https:\/\/www.nocturnus-film.de\/home\/filmprojekte\/nur-eine-phase\/5-11\/'><img loading=\"lazy\" decoding=\"async\" width=\"150\" height=\"150\" src=\"https:\/\/www.nocturnus-film.de\/home\/wp-content\/uploads\/2011\/09\/5-150x150.jpg\" class=\"attachment-thumbnail size-thumbnail\" alt=\"\" aria-describedby=\"gallery-1-657\" \/><\/a>\n\t\t\t<\/div>\n\t\t\t\t<figcaption class='wp-caption-text gallery-caption' id='gallery-1-657'>\n\t\t\t\tKameramann Thorsten Franzen\n\t\t\t\t<\/figcaption><\/figure><figure class='gallery-item'>\n\t\t\t<div class='gallery-icon landscape'>\n\t\t\t\t<a href='https:\/\/www.nocturnus-film.de\/home\/filmprojekte\/nur-eine-phase\/1-15\/'><img loading=\"lazy\" decoding=\"async\" width=\"150\" height=\"150\" src=\"https:\/\/www.nocturnus-film.de\/home\/wp-content\/uploads\/2011\/09\/1-150x150.jpg\" class=\"attachment-thumbnail size-thumbnail\" alt=\"\" aria-describedby=\"gallery-1-649\" \/><\/a>\n\t\t\t<\/div>\n\t\t\t\t<figcaption class='wp-caption-text gallery-caption' id='gallery-1-649'>\n\t\t\t\tHenning Ricke als DogJaws\n\t\t\t\t<\/figcaption><\/figure><figure class='gallery-item'>\n\t\t\t<div class='gallery-icon landscape'>\n\t\t\t\t<a href='https:\/\/www.nocturnus-film.de\/home\/filmprojekte\/nur-eine-phase\/6-9\/'><img loading=\"lazy\" decoding=\"async\" width=\"150\" height=\"150\" src=\"https:\/\/www.nocturnus-film.de\/home\/wp-content\/uploads\/2011\/09\/6-150x150.jpg\" class=\"attachment-thumbnail size-thumbnail\" alt=\"\" aria-describedby=\"gallery-1-658\" \/><\/a>\n\t\t\t<\/div>\n\t\t\t\t<figcaption class='wp-caption-text gallery-caption' id='gallery-1-658'>\n\t\t\t\tAxel Ricke, Produzent und Security\n\t\t\t\t<\/figcaption><\/figure><figure class='gallery-item'>\n\t\t\t<div class='gallery-icon landscape'>\n\t\t\t\t<a href='https:\/\/www.nocturnus-film.de\/home\/filmprojekte\/nur-eine-phase\/4-14\/'><img loading=\"lazy\" decoding=\"async\" width=\"150\" height=\"150\" src=\"https:\/\/www.nocturnus-film.de\/home\/wp-content\/uploads\/2011\/09\/4-150x150.jpg\" class=\"attachment-thumbnail size-thumbnail\" alt=\"\" aria-describedby=\"gallery-1-652\" \/><\/a>\n\t\t\t<\/div>\n\t\t\t\t<figcaption class='wp-caption-text gallery-caption' id='gallery-1-652'>\n\t\t\t\tDaniel Raboldt und Thorsten Franzen\n\t\t\t\t<\/figcaption><\/figure><figure class='gallery-item'>\n\t\t\t<div class='gallery-icon landscape'>\n\t\t\t\t<a href='https:\/\/www.nocturnus-film.de\/home\/filmprojekte\/nur-eine-phase\/3-11\/'><img loading=\"lazy\" decoding=\"async\" width=\"150\" height=\"150\" src=\"https:\/\/www.nocturnus-film.de\/home\/wp-content\/uploads\/2011\/09\/3-150x150.jpg\" class=\"attachment-thumbnail size-thumbnail\" alt=\"\" aria-describedby=\"gallery-1-651\" \/><\/a>\n\t\t\t<\/div>\n\t\t\t\t<figcaption class='wp-caption-text gallery-caption' id='gallery-1-651'>\n\t\t\t\tLutz Reichert, der Profi\n\t\t\t\t<\/figcaption><\/figure>\n\t\t<\/div>\n\n<p>&nbsp;<\/p>\n","protected":false},"excerpt":{"rendered":"<p>Deutschland, 2011 Genre: Gangsterfilm \/ Kom\u00f6die L\u00e4nge: 5:00 min Label: G.I.-Productions Nach dem Erfolg von &#8222;Was geschah &#8211; Man wei\u00df es nicht&#8220; aus dem Jahr 2009, bildeten die\u00a0 Ricke-Br\u00fcder und Daniel Raboldt erneut zusammen ein Team, um beim 2880 Filmfestival in Leverkusen teilzunehmen. Die Vorgaben lauteten diesmal: Gangsterfilm, Titel &#8222;Nur eine Phase&#8220;.\u00a0 Durch die tatkr\u00e4ftige&#8230;<\/p>\n","protected":false},"author":1,"featured_media":648,"parent":46,"menu_order":9,"comment_status":"closed","ping_status":"closed","template":"","meta":{"footnotes":""},"class_list":["post-647","page","type-page","status-publish","has-post-thumbnail","hentry"],"aioseo_notices":[],"_links":{"self":[{"href":"https:\/\/www.nocturnus-film.de\/home\/wp-json\/wp\/v2\/pages\/647","targetHints":{"allow":["GET"]}}],"collection":[{"href":"https:\/\/www.nocturnus-film.de\/home\/wp-json\/wp\/v2\/pages"}],"about":[{"href":"https:\/\/www.nocturnus-film.de\/home\/wp-json\/wp\/v2\/types\/page"}],"author":[{"embeddable":true,"href":"https:\/\/www.nocturnus-film.de\/home\/wp-json\/wp\/v2\/users\/1"}],"replies":[{"embeddable":true,"href":"https:\/\/www.nocturnus-film.de\/home\/wp-json\/wp\/v2\/comments?post=647"}],"version-history":[{"count":26,"href":"https:\/\/www.nocturnus-film.de\/home\/wp-json\/wp\/v2\/pages\/647\/revisions"}],"predecessor-version":[{"id":1837,"href":"https:\/\/www.nocturnus-film.de\/home\/wp-json\/wp\/v2\/pages\/647\/revisions\/1837"}],"up":[{"embeddable":true,"href":"https:\/\/www.nocturnus-film.de\/home\/wp-json\/wp\/v2\/pages\/46"}],"wp:featuredmedia":[{"embeddable":true,"href":"https:\/\/www.nocturnus-film.de\/home\/wp-json\/wp\/v2\/media\/648"}],"wp:attachment":[{"href":"https:\/\/www.nocturnus-film.de\/home\/wp-json\/wp\/v2\/media?parent=647"}],"curies":[{"name":"wp","href":"https:\/\/api.w.org\/{rel}","templated":true}]}}