{"id":606,"date":"2011-06-08T00:57:00","date_gmt":"2011-06-07T22:57:00","guid":{"rendered":"http:\/\/www.nocturnus-film.de\/home\/?page_id=606"},"modified":"2019-12-03T20:53:20","modified_gmt":"2019-12-03T18:53:20","slug":"star-crew-die-grenzen-der-realitat","status":"publish","type":"page","link":"https:\/\/www.nocturnus-film.de\/home\/filmprojekte\/archiv\/star-crew-die-grenzen-der-realitat\/","title":{"rendered":"Star Crew &#8211; Die Grenzen der Realit\u00e4t"},"content":{"rendered":"<ul>\n<li>Deutschland, 2012<strong><br \/>\n<\/strong><\/li>\n<li>Genre: Science Fiction Kurzfilm<\/li>\n<li>L\u00e4nge: ca 40 min.<\/li>\n<li>Label: Clipper Medienwerkstatt<\/li>\n<\/ul>\n<div style=\"text-align: justify;\">Die Hommage an die Star-Trek-Filme, organisiert und produziert von <a title=\"Zur Website von AKKI e.V.\" href=\"http:\/\/www.akki-ev.de\/\" target=\"_blank\" rel=\"noopener noreferrer\">AKKI e.V. D\u00fcsseldorf<\/a> und der <a title=\"Zur Website der Clipper Medienwerkstatt\" href=\"http:\/\/www.clipper-medienwerkstatt.com\/\" target=\"_blank\" rel=\"noopener noreferrer\">Clipper Medienwerkstatt<\/a>, befindet sich derzeit in der Vorproduktionsphase. Die erste Klappe ist Ende August gefallen. Das Mammutprojekt entsteht aus einem knapp einj\u00e4hrigen Workshop mit Kindern und Jugendlichen im Alter von 12 bis 18 Jahren.<\/div>\n<div><\/div>\n<h5 style=\"text-align: justify;\">Story<\/h5>\n<div style=\"text-align: justify;\">Die Besatzung der &#8222;Starcruiser&#8220;, einem beinahe ausrangierten Kreuzer der Sternenflotte, der am hintersten Ende der Galaxie vor sich hin d\u00fcmpelt, wird aus heiterem &#8222;Himmel&#8220; von mehreren \u00fcberlegenen Gegnern angegriffen, die ihren Captain entf\u00fchren und das Schiff vollst\u00e4ndig zerst\u00f6ren. Eine Handvoll \u00dcberlebender macht sich in einem engen und schrottreifen Rettungsshuttle auf die Suche quer durch die Galaxie, um ihren Captain wieder zu bekommen und heraus zu finden, wer sich hinter dem Angriff verbirgt.<\/div>\n<h5>Cast und Crew<\/h5>\n<ul>\n<li style=\"list-style-type: none;\">\n<ul>\n<li>Regie: Daniel Raboldt<\/li>\n<li>Drehbuch: die TeilnehmerInnen des Workshops unter der Leitung von Stefan Weski und Daniel Raboldt<\/li>\n<li>Austattung: Stefan Weski, Thorsten Franzen<\/li>\n<li>Visual Effects: Daniel Raboldt<\/li>\n<li>Darsteller: die TeilnehmerInnen des Workshops<\/li>\n<\/ul>\n<\/li>\n<\/ul>\n<div><\/div>\n<p>&nbsp;<\/p>\n","protected":false},"excerpt":{"rendered":"<p>Deutschland, 2012 Genre: Science Fiction Kurzfilm L\u00e4nge: ca 40 min. Label: Clipper Medienwerkstatt Die Hommage an die Star-Trek-Filme, organisiert und produziert von AKKI e.V. D\u00fcsseldorf und der Clipper Medienwerkstatt, befindet sich derzeit in der Vorproduktionsphase. Die erste Klappe ist Ende August gefallen. Das Mammutprojekt entsteht aus einem knapp einj\u00e4hrigen Workshop mit Kindern und Jugendlichen im&#8230;<\/p>\n","protected":false},"author":1,"featured_media":2704,"parent":2406,"menu_order":8,"comment_status":"closed","ping_status":"closed","template":"","meta":{"footnotes":""},"class_list":["post-606","page","type-page","status-publish","has-post-thumbnail","hentry"],"aioseo_notices":[],"_links":{"self":[{"href":"https:\/\/www.nocturnus-film.de\/home\/wp-json\/wp\/v2\/pages\/606","targetHints":{"allow":["GET"]}}],"collection":[{"href":"https:\/\/www.nocturnus-film.de\/home\/wp-json\/wp\/v2\/pages"}],"about":[{"href":"https:\/\/www.nocturnus-film.de\/home\/wp-json\/wp\/v2\/types\/page"}],"author":[{"embeddable":true,"href":"https:\/\/www.nocturnus-film.de\/home\/wp-json\/wp\/v2\/users\/1"}],"replies":[{"embeddable":true,"href":"https:\/\/www.nocturnus-film.de\/home\/wp-json\/wp\/v2\/comments?post=606"}],"version-history":[{"count":26,"href":"https:\/\/www.nocturnus-film.de\/home\/wp-json\/wp\/v2\/pages\/606\/revisions"}],"predecessor-version":[{"id":2705,"href":"https:\/\/www.nocturnus-film.de\/home\/wp-json\/wp\/v2\/pages\/606\/revisions\/2705"}],"up":[{"embeddable":true,"href":"https:\/\/www.nocturnus-film.de\/home\/wp-json\/wp\/v2\/pages\/2406"}],"wp:featuredmedia":[{"embeddable":true,"href":"https:\/\/www.nocturnus-film.de\/home\/wp-json\/wp\/v2\/media\/2704"}],"wp:attachment":[{"href":"https:\/\/www.nocturnus-film.de\/home\/wp-json\/wp\/v2\/media?parent=606"}],"curies":[{"name":"wp","href":"https:\/\/api.w.org\/{rel}","templated":true}]}}