{"id":566,"date":"2010-09-13T14:22:33","date_gmt":"2010-09-13T12:22:33","guid":{"rendered":"http:\/\/www.nocturnus-film.de\/home\/?page_id=566"},"modified":"2019-02-22T12:56:10","modified_gmt":"2019-02-22T10:56:10","slug":"das-blaue-lacheln","status":"publish","type":"page","link":"https:\/\/www.nocturnus-film.de\/home\/filmprojekte\/archiv\/das-blaue-lacheln\/","title":{"rendered":"Das blaue L\u00e4cheln"},"content":{"rendered":"<ul>\n<li>Deutschland, 2010<\/li>\n<li>Genre: Sci-Fi \/ Drama<\/li>\n<li>L\u00e4nge: 5 min.<\/li>\n<li>Label: G.I.-Productions<\/li>\n<\/ul>\n<div style=\"text-align: justify;\">Dieser Film wurde im Rahmen des 2880-Filmfestivals 2010 in Leverkusen innerhalb von neun Stunden geschrieben, gedreht, gerendert und geschnitten. Daniel Raboldt bekam auf der 2880-Gala den Preis f\u00fcr die beste schauspielerische Leistung.<\/div>\n<h5 style=\"text-align: justify;\">Story<\/h5>\n<div style=\"text-align: justify;\">Ein einsamer Astronaut kehrt nach einer zw\u00f6lfj\u00e4hrigen Reise durch die Tiefen des Weltalls zur\u00fcck von einem Abenteuer, das ihn nicht nur seine Seele gekostet hat&#8230;<\/div>\n<h5 style=\"text-align: justify;\">&#8222;Cast und Crew&#8220;<\/h5>\n<ul>\n<li>Drehbuch, Kamera, Schnitt, Visuelle Effekte und Regie: Daniel Raboldt<\/li>\n<li>Darsteller: Daniel Raboldt<\/li>\n<\/ul>\n","protected":false},"excerpt":{"rendered":"<p>Deutschland, 2010 Genre: Sci-Fi \/ Drama L\u00e4nge: 5 min. Label: G.I.-Productions Dieser Film wurde im Rahmen des 2880-Filmfestivals 2010 in Leverkusen innerhalb von neun Stunden geschrieben, gedreht, gerendert und geschnitten. Daniel Raboldt bekam auf der 2880-Gala den Preis f\u00fcr die beste schauspielerische Leistung. Story Ein einsamer Astronaut kehrt nach einer zw\u00f6lfj\u00e4hrigen Reise durch die Tiefen&#8230;<\/p>\n","protected":false},"author":1,"featured_media":567,"parent":2406,"menu_order":10,"comment_status":"closed","ping_status":"closed","template":"","meta":{"footnotes":""},"class_list":["post-566","page","type-page","status-publish","has-post-thumbnail","hentry"],"aioseo_notices":[],"_links":{"self":[{"href":"https:\/\/www.nocturnus-film.de\/home\/wp-json\/wp\/v2\/pages\/566","targetHints":{"allow":["GET"]}}],"collection":[{"href":"https:\/\/www.nocturnus-film.de\/home\/wp-json\/wp\/v2\/pages"}],"about":[{"href":"https:\/\/www.nocturnus-film.de\/home\/wp-json\/wp\/v2\/types\/page"}],"author":[{"embeddable":true,"href":"https:\/\/www.nocturnus-film.de\/home\/wp-json\/wp\/v2\/users\/1"}],"replies":[{"embeddable":true,"href":"https:\/\/www.nocturnus-film.de\/home\/wp-json\/wp\/v2\/comments?post=566"}],"version-history":[{"count":15,"href":"https:\/\/www.nocturnus-film.de\/home\/wp-json\/wp\/v2\/pages\/566\/revisions"}],"predecessor-version":[{"id":2471,"href":"https:\/\/www.nocturnus-film.de\/home\/wp-json\/wp\/v2\/pages\/566\/revisions\/2471"}],"up":[{"embeddable":true,"href":"https:\/\/www.nocturnus-film.de\/home\/wp-json\/wp\/v2\/pages\/2406"}],"wp:featuredmedia":[{"embeddable":true,"href":"https:\/\/www.nocturnus-film.de\/home\/wp-json\/wp\/v2\/media\/567"}],"wp:attachment":[{"href":"https:\/\/www.nocturnus-film.de\/home\/wp-json\/wp\/v2\/media?parent=566"}],"curies":[{"name":"wp","href":"https:\/\/api.w.org\/{rel}","templated":true}]}}