{"id":550,"date":"2010-06-30T08:45:29","date_gmt":"2010-06-30T06:45:29","guid":{"rendered":"http:\/\/www.nocturnus-film.de\/home\/?page_id=550"},"modified":"2018-06-13T10:07:40","modified_gmt":"2018-06-13T08:07:40","slug":"spam-attack","status":"publish","type":"page","link":"https:\/\/www.nocturnus-film.de\/home\/filmprojekte\/spam-attack\/","title":{"rendered":"Spam Attack &#8211; The Movie"},"content":{"rendered":"<ul>\n<li>Deutschland, 2016<\/li>\n<li>Genre: Science Fiction Farce<\/li>\n<li>L\u00e4nge: 15\u00a0min.<\/li>\n<li>Label: Nocturnus Film<\/li>\n<\/ul>\n<div style=\"text-align: justify;\">Nach nur sieben (!) Jahren Postproduktion hat die trashige Retro-SciFi-Farce endlich das Licht der Welt erblickt.<\/div>\n<div style=\"text-align: justify;\">Der Film ist eine Hommage an das SciFi-Kino der 50er Jahre und lebt von seinem Vintage-Schwarzwei\u00df-Look. Neben der vordergr\u00fcndigen Pulp-Handlung ist &#8222;Spam Attack&#8220; eine kleine Reise durch die Filmgeschichte und es finden sich unz\u00e4hlige Anspielungen und Zitate auf Klassiker der Filmgeschichte von &#8222;Metropolis&#8220;, \u00fcber &#8222;The day the earth stood still&#8220;, &#8222;Krieg der Welten&#8220; und David Lynch&#8217;s &#8222;Dune&#8220; bis zu &#8222;Blade Runner&#8220;. <a title=\"Die Homepage von Maik Evers\" href=\"http:\/\/www.maik-evers.de\/\" target=\"_blank\" rel=\"noopener\">Maik Evers<\/a>, der auch die Alienmaske und das Kost\u00fcm entworfen und gebaut hat, spielt beinahe alle Rollen in diesem Film&#8230;<\/div>\n<div><\/div>\n<h5>Story<\/h5>\n<div style=\"text-align: justify;\">Das &#8222;SPAM&#8220; (Abk. f\u00fcr &#8222;Space Alien Monster&#8220;) ist einsam. Seit ewigen Zeiten fliegt es mit seinem Sternenkreuzer durch die finsteren Tiefen des Alls und trauert alten Zeiten hinterher&#8230; Zeiten, in denen es noch Teil eines ganzen Volkes von galaktischen Eroberern war, die ganze Galaxien in Angst und Schrecken versetzt haben. Doch nun, als letzter \u00dcberlebender, ist es an der Zeit, sich zur Ruhe zu setzen. Es gilt, noch eine letzte Eroberung zu machen, sich noch einmal eine Welt zu unterwerfen und sich noch ein letztes Mal zum Herrscher \u00fcber eine Zivilisation aufzuschwingen. Seine Wahl f\u00e4llt ausgerechnet auf die Erde. Gemeinsam mit seinem treuen Freund, einem m\u00e4chtigen Kampfroboter, landet es auf unserer Welt und die Invasion kann beginnen!<\/div>\n<div><\/div>\n<h5>Cast und Crew<\/h5>\n<ul>\n<li>Drehbuch, Produktion und Regie: Daniel Raboldt<\/li>\n<li>Kamera, Special Effects, Musik, Sound und Schnitt: Daniel Raboldt<\/li>\n<li>2. Kamera: Axel Ricke<\/li>\n<li>Zus\u00e4tzliche VFX-Sequenzen: Niko Junge<\/li>\n<li>Darsteller: Maik Evers (in diversen Rollen), Melanie Stiemert, Pia Beine, Christopher Pott, Boris Siuda, Axel Ricke, Susan Raboldt, Thorsten Franzen<\/li>\n<\/ul>\n<p><iframe loading=\"lazy\" src=\"https:\/\/www.youtube.com\/embed\/kYdLRVHWRg4\" width=\"640\" height=\"360\" frameborder=\"0\" allowfullscreen=\"allowfullscreen\"><\/iframe><\/p>\n<div><\/div>\n<div><img loading=\"lazy\" decoding=\"async\" class=\"alignleft size-full wp-image-683\" title=\"Spam Attack 2\" src=\"https:\/\/www.nocturnus-film.de\/home\/wp-content\/uploads\/2010\/06\/5.jpg\" alt=\"Alien Sex\" width=\"330\" height=\"186\" srcset=\"https:\/\/www.nocturnus-film.de\/home\/wp-content\/uploads\/2010\/06\/5.jpg 330w, https:\/\/www.nocturnus-film.de\/home\/wp-content\/uploads\/2010\/06\/5-300x169.jpg 300w\" sizes=\"auto, (max-width: 330px) 100vw, 330px\" \/><img loading=\"lazy\" decoding=\"async\" class=\"size-full wp-image-684 alignright\" title=\"Spam Attack\" src=\"https:\/\/www.nocturnus-film.de\/home\/wp-content\/uploads\/2010\/06\/6.jpg\" alt=\"Kampfroboter\" width=\"330\" height=\"186\" srcset=\"https:\/\/www.nocturnus-film.de\/home\/wp-content\/uploads\/2010\/06\/6.jpg 330w, https:\/\/www.nocturnus-film.de\/home\/wp-content\/uploads\/2010\/06\/6-300x169.jpg 300w\" sizes=\"auto, (max-width: 330px) 100vw, 330px\" \/><\/div>\n<div><img loading=\"lazy\" decoding=\"async\" class=\"alignleft size-full wp-image-685\" title=\"Spam Attack\" src=\"https:\/\/www.nocturnus-film.de\/home\/wp-content\/uploads\/2010\/06\/7.jpg\" alt=\"Faschismus\" width=\"330\" height=\"186\" srcset=\"https:\/\/www.nocturnus-film.de\/home\/wp-content\/uploads\/2010\/06\/7.jpg 330w, https:\/\/www.nocturnus-film.de\/home\/wp-content\/uploads\/2010\/06\/7-300x169.jpg 300w\" sizes=\"auto, (max-width: 330px) 100vw, 330px\" \/><img loading=\"lazy\" decoding=\"async\" class=\"size-full wp-image-686 alignright\" title=\"Spam Attack\" src=\"https:\/\/www.nocturnus-film.de\/home\/wp-content\/uploads\/2010\/06\/8.jpg\" alt=\"Sch\u00fctzengraben\" width=\"330\" height=\"186\" srcset=\"https:\/\/www.nocturnus-film.de\/home\/wp-content\/uploads\/2010\/06\/8.jpg 330w, https:\/\/www.nocturnus-film.de\/home\/wp-content\/uploads\/2010\/06\/8-300x169.jpg 300w\" sizes=\"auto, (max-width: 330px) 100vw, 330px\" \/><\/div>\n","protected":false},"excerpt":{"rendered":"<p>Deutschland, 2016 Genre: Science Fiction Farce L\u00e4nge: 15\u00a0min. Label: Nocturnus Film Nach nur sieben (!) Jahren Postproduktion hat die trashige Retro-SciFi-Farce endlich das Licht der Welt erblickt. Der Film ist eine Hommage an das SciFi-Kino der 50er Jahre und lebt von seinem Vintage-Schwarzwei\u00df-Look. Neben der vordergr\u00fcndigen Pulp-Handlung ist &#8222;Spam Attack&#8220; eine kleine Reise durch die&#8230;<\/p>\n","protected":false},"author":1,"featured_media":683,"parent":46,"menu_order":5,"comment_status":"closed","ping_status":"closed","template":"","meta":{"footnotes":""},"class_list":["post-550","page","type-page","status-publish","has-post-thumbnail","hentry"],"aioseo_notices":[],"_links":{"self":[{"href":"https:\/\/www.nocturnus-film.de\/home\/wp-json\/wp\/v2\/pages\/550","targetHints":{"allow":["GET"]}}],"collection":[{"href":"https:\/\/www.nocturnus-film.de\/home\/wp-json\/wp\/v2\/pages"}],"about":[{"href":"https:\/\/www.nocturnus-film.de\/home\/wp-json\/wp\/v2\/types\/page"}],"author":[{"embeddable":true,"href":"https:\/\/www.nocturnus-film.de\/home\/wp-json\/wp\/v2\/users\/1"}],"replies":[{"embeddable":true,"href":"https:\/\/www.nocturnus-film.de\/home\/wp-json\/wp\/v2\/comments?post=550"}],"version-history":[{"count":26,"href":"https:\/\/www.nocturnus-film.de\/home\/wp-json\/wp\/v2\/pages\/550\/revisions"}],"predecessor-version":[{"id":2363,"href":"https:\/\/www.nocturnus-film.de\/home\/wp-json\/wp\/v2\/pages\/550\/revisions\/2363"}],"up":[{"embeddable":true,"href":"https:\/\/www.nocturnus-film.de\/home\/wp-json\/wp\/v2\/pages\/46"}],"wp:featuredmedia":[{"embeddable":true,"href":"https:\/\/www.nocturnus-film.de\/home\/wp-json\/wp\/v2\/media\/683"}],"wp:attachment":[{"href":"https:\/\/www.nocturnus-film.de\/home\/wp-json\/wp\/v2\/media?parent=550"}],"curies":[{"name":"wp","href":"https:\/\/api.w.org\/{rel}","templated":true}]}}