{"id":367,"date":"2009-09-30T03:37:38","date_gmt":"2009-09-30T01:37:38","guid":{"rendered":"http:\/\/www.nocturnus-film.de\/home\/?page_id=367"},"modified":"2025-06-08T19:54:39","modified_gmt":"2025-06-08T17:54:39","slug":"monstrum","status":"publish","type":"page","link":"https:\/\/www.nocturnus-film.de\/home\/filmprojekte\/monstrum\/","title":{"rendered":"Monstrum"},"content":{"rendered":"<ul>\n<li>Deutschland, 2008<\/li>\n<li>Genre: Horrorthriller<\/li>\n<li>L\u00e4nge: 13 min.<\/li>\n<li>Label: Nocturnus Film<\/li>\n<\/ul>\n<div style=\"text-align: justify;\">Der d\u00fcstere Horrorthriller enstand als erste Kooperation zwischen<a title=\"Die imdb-Seite von Axel Ricke\" href=\"http:\/\/www.imdb.com\/name\/nm2443412\/\" target=\"_blank\" rel=\"noopener\"> Axel Ricke<\/a>, der die Regie \u00fcbernahm, und Nocturnus Film. <a title=\"Die Homepage von Gerald Arp\" href=\"http:\/\/www.gerald-arp.de\/Willkommen.html\" target=\"_blank\" rel=\"noopener\">Gerald Arp<\/a> und Axel Ricke produzierten, Daniel Raboldt schrieb das Drehbuch. Die Maske des Monstrums wurde von <a title=\"Die Homepage von Maik Evers\" href=\"http:\/\/www.maik-evers.de\/\" target=\"_blank\" rel=\"noopener\">Maik Evers<\/a> entworfen und konstruiert.<\/div>\n<h5>Story<\/h5>\n<div>Tom (gespielt von Gerald Arp) wacht jeden Morgen aus grauenhaften Albtr\u00e4umen auf, in denen Lizzy (gespielt von <a title=\"Ania Niedieck bei Filmmakers.de\" href=\"http:\/\/filmmakers.de\/ania-niedieck\" target=\"_blank\" rel=\"noopener\">Ania Niedieck<\/a>), seine Freundin auf bestialische Weise von einem Unbekannten mit einer Maske (das &#8222;Monstrum&#8220;) ermordet wird. Er wei\u00df nicht, woher diese Tr\u00e4ume kommen, warum sie sich jede Nacht auf&#8217;s Neue wiederholen oder was sie bedeuten. Doktor Philip Konrad (gespielt von Gerd Buurmann), der undurchschaubare Psychiater, der st\u00e4ndig an Toms Seite ist, wei\u00df scheinbar auch keine Hilfe, bis Tom eine erschreckende und folgenschwere Erkenntnis macht&#8230;<\/div>\n<h5 style=\"text-align: justify;\">Cast und Crew<\/h5>\n<ul>\n<li>Regie: Axel Ricke<\/li>\n<li>Produktion: Gerald Arp und Axel Ricke<\/li>\n<li>Drehbuch, Kamera und Schnitt: Daniel Raboldt<\/li>\n<li>2. Kamera: Bj\u00f6rn Karg<\/li>\n<li>Ton: Walter Schie\u00dfberg<\/li>\n<li>Darsteller: Gerald Arp, Ania Niedieck, Gerd Buurmann<\/li>\n<\/ul>\n<div id='gallery-1' class='gallery galleryid-367 gallery-columns-4 gallery-size-thumbnail'><figure class='gallery-item'>\n\t\t\t<div class='gallery-icon landscape'>\n\t\t\t\t<a href='https:\/\/www.nocturnus-film.de\/home\/filmprojekte\/monstrum\/8-2\/'><img loading=\"lazy\" decoding=\"async\" width=\"150\" height=\"150\" src=\"https:\/\/www.nocturnus-film.de\/home\/wp-content\/uploads\/2009\/09\/81-150x150.jpg\" class=\"attachment-thumbnail size-thumbnail\" alt=\"\" \/><\/a>\n\t\t\t<\/div><\/figure><figure class='gallery-item'>\n\t\t\t<div class='gallery-icon landscape'>\n\t\t\t\t<a href='https:\/\/www.nocturnus-film.de\/home\/filmprojekte\/monstrum\/7-2\/'><img loading=\"lazy\" decoding=\"async\" width=\"150\" height=\"150\" src=\"https:\/\/www.nocturnus-film.de\/home\/wp-content\/uploads\/2009\/09\/71-150x150.jpg\" class=\"attachment-thumbnail size-thumbnail\" alt=\"\" \/><\/a>\n\t\t\t<\/div><\/figure><figure class='gallery-item'>\n\t\t\t<div class='gallery-icon landscape'>\n\t\t\t\t<a href='https:\/\/www.nocturnus-film.de\/home\/filmprojekte\/monstrum\/6-4\/'><img loading=\"lazy\" decoding=\"async\" width=\"150\" height=\"150\" src=\"https:\/\/www.nocturnus-film.de\/home\/wp-content\/uploads\/2009\/09\/63-150x150.jpg\" class=\"attachment-thumbnail size-thumbnail\" alt=\"\" \/><\/a>\n\t\t\t<\/div><\/figure><figure class='gallery-item'>\n\t\t\t<div class='gallery-icon landscape'>\n\t\t\t\t<a href='https:\/\/www.nocturnus-film.de\/home\/filmprojekte\/monstrum\/5-5\/'><img loading=\"lazy\" decoding=\"async\" width=\"150\" height=\"150\" src=\"https:\/\/www.nocturnus-film.de\/home\/wp-content\/uploads\/2009\/09\/54-150x150.jpg\" class=\"attachment-thumbnail size-thumbnail\" alt=\"\" \/><\/a>\n\t\t\t<\/div><\/figure><figure class='gallery-item'>\n\t\t\t<div class='gallery-icon landscape'>\n\t\t\t\t<a href='https:\/\/www.nocturnus-film.de\/home\/filmprojekte\/monstrum\/4-6\/'><img loading=\"lazy\" decoding=\"async\" width=\"150\" height=\"150\" src=\"https:\/\/www.nocturnus-film.de\/home\/wp-content\/uploads\/2009\/09\/45-150x150.jpg\" class=\"attachment-thumbnail size-thumbnail\" alt=\"\" \/><\/a>\n\t\t\t<\/div><\/figure><figure class='gallery-item'>\n\t\t\t<div class='gallery-icon landscape'>\n\t\t\t\t<a href='https:\/\/www.nocturnus-film.de\/home\/filmprojekte\/monstrum\/3-2\/'><img loading=\"lazy\" decoding=\"async\" width=\"150\" height=\"150\" src=\"https:\/\/www.nocturnus-film.de\/home\/wp-content\/uploads\/2009\/09\/31-150x150.jpg\" class=\"attachment-thumbnail size-thumbnail\" alt=\"\" \/><\/a>\n\t\t\t<\/div><\/figure><figure class='gallery-item'>\n\t\t\t<div class='gallery-icon landscape'>\n\t\t\t\t<a href='https:\/\/www.nocturnus-film.de\/home\/filmprojekte\/monstrum\/2-6\/'><img loading=\"lazy\" decoding=\"async\" width=\"150\" height=\"150\" src=\"https:\/\/www.nocturnus-film.de\/home\/wp-content\/uploads\/2009\/09\/25-150x150.jpg\" class=\"attachment-thumbnail size-thumbnail\" alt=\"\" \/><\/a>\n\t\t\t<\/div><\/figure><figure class='gallery-item'>\n\t\t\t<div class='gallery-icon landscape'>\n\t\t\t\t<a href='https:\/\/www.nocturnus-film.de\/home\/filmprojekte\/monstrum\/1-8\/'><img loading=\"lazy\" decoding=\"async\" width=\"150\" height=\"150\" src=\"https:\/\/www.nocturnus-film.de\/home\/wp-content\/uploads\/2009\/09\/17-150x150.jpg\" class=\"attachment-thumbnail size-thumbnail\" alt=\"\" \/><\/a>\n\t\t\t<\/div><\/figure>\n\t\t<\/div>\n\n","protected":false},"excerpt":{"rendered":"<p>Deutschland, 2008 Genre: Horrorthriller L\u00e4nge: 13 min. Label: Nocturnus Film Der d\u00fcstere Horrorthriller enstand als erste Kooperation zwischen Axel Ricke, der die Regie \u00fcbernahm, und Nocturnus Film. Gerald Arp und Axel Ricke produzierten, Daniel Raboldt schrieb das Drehbuch. Die Maske des Monstrums wurde von Maik Evers entworfen und konstruiert. Story Tom (gespielt von Gerald Arp)&#8230;<\/p>\n","protected":false},"author":1,"featured_media":384,"parent":46,"menu_order":13,"comment_status":"closed","ping_status":"closed","template":"","meta":{"footnotes":""},"class_list":["post-367","page","type-page","status-publish","has-post-thumbnail","hentry"],"aioseo_notices":[],"_links":{"self":[{"href":"https:\/\/www.nocturnus-film.de\/home\/wp-json\/wp\/v2\/pages\/367","targetHints":{"allow":["GET"]}}],"collection":[{"href":"https:\/\/www.nocturnus-film.de\/home\/wp-json\/wp\/v2\/pages"}],"about":[{"href":"https:\/\/www.nocturnus-film.de\/home\/wp-json\/wp\/v2\/types\/page"}],"author":[{"embeddable":true,"href":"https:\/\/www.nocturnus-film.de\/home\/wp-json\/wp\/v2\/users\/1"}],"replies":[{"embeddable":true,"href":"https:\/\/www.nocturnus-film.de\/home\/wp-json\/wp\/v2\/comments?post=367"}],"version-history":[{"count":22,"href":"https:\/\/www.nocturnus-film.de\/home\/wp-json\/wp\/v2\/pages\/367\/revisions"}],"predecessor-version":[{"id":3469,"href":"https:\/\/www.nocturnus-film.de\/home\/wp-json\/wp\/v2\/pages\/367\/revisions\/3469"}],"up":[{"embeddable":true,"href":"https:\/\/www.nocturnus-film.de\/home\/wp-json\/wp\/v2\/pages\/46"}],"wp:featuredmedia":[{"embeddable":true,"href":"https:\/\/www.nocturnus-film.de\/home\/wp-json\/wp\/v2\/media\/384"}],"wp:attachment":[{"href":"https:\/\/www.nocturnus-film.de\/home\/wp-json\/wp\/v2\/media?parent=367"}],"curies":[{"name":"wp","href":"https:\/\/api.w.org\/{rel}","templated":true}]}}