{"id":34,"date":"2009-09-28T00:56:30","date_gmt":"2009-09-27T22:56:30","guid":{"rendered":"http:\/\/www.nocturnus-film.de\/home\/?page_id=34"},"modified":"2025-06-27T20:43:09","modified_gmt":"2025-06-27T18:43:09","slug":"home-4","status":"publish","type":"page","link":"https:\/\/www.nocturnus-film.de\/home\/","title":{"rendered":"Home"},"content":{"rendered":"<p><span style=\"font-size: 14pt; font-family: helvetica, arial, sans-serif;\"><a href=\"https:\/\/www.youtube.com\/watch?v=JCOiJJ0Vv3I\"><img loading=\"lazy\" decoding=\"async\" class=\"aligncenter wp-image-3253 size-large\" src=\"https:\/\/www.nocturnus-film.de\/home\/wp-content\/uploads\/2023\/08\/QUALITAeT-Kinder-Shot-13-Ellie-erzaehlt-KOMPLETT-v02_00282-e1692919736382-1024x484.png\" alt=\"\" width=\"640\" height=\"303\" srcset=\"https:\/\/www.nocturnus-film.de\/home\/wp-content\/uploads\/2023\/08\/QUALITAeT-Kinder-Shot-13-Ellie-erzaehlt-KOMPLETT-v02_00282-e1692919736382-1024x484.png 1024w, https:\/\/www.nocturnus-film.de\/home\/wp-content\/uploads\/2023\/08\/QUALITAeT-Kinder-Shot-13-Ellie-erzaehlt-KOMPLETT-v02_00282-e1692919736382-300x142.png 300w, https:\/\/www.nocturnus-film.de\/home\/wp-content\/uploads\/2023\/08\/QUALITAeT-Kinder-Shot-13-Ellie-erzaehlt-KOMPLETT-v02_00282-e1692919736382-768x363.png 768w, https:\/\/www.nocturnus-film.de\/home\/wp-content\/uploads\/2023\/08\/QUALITAeT-Kinder-Shot-13-Ellie-erzaehlt-KOMPLETT-v02_00282-e1692919736382-1536x726.png 1536w, https:\/\/www.nocturnus-film.de\/home\/wp-content\/uploads\/2023\/08\/QUALITAeT-Kinder-Shot-13-Ellie-erzaehlt-KOMPLETT-v02_00282-e1692919736382.png 1920w\" sizes=\"auto, (max-width: 640px) 100vw, 640px\" \/><\/a><\/span><\/p>\n<p>&nbsp;<\/p>\n<p style=\"text-align: center;\"><span style=\"font-size: 14pt; font-family: helvetica, arial, sans-serif;\"><strong>Kreative Kurz- und Langfilme, Imagefilme, Visual Effects und Dokumentationen von Daniel Raboldt<\/strong><\/span><\/p>\n<p style=\"text-align: justify;\"><span style=\"font-size: 14pt; font-family: helvetica, arial, sans-serif;\">Vom <strong>Science Fiction Spielfilm<\/strong> bis zum kindgerechten Kurzfilm, von abgedrehten Animationsfilmen bis zu historischen <strong>Dokumentarfilmen<\/strong>, 3D-Visualisierungen oder preisgekr\u00f6nten visuellen Effekten &#8211; in den letzten 20 Jahren haben Nocturnus Film und Daniel Raboldt in allen diesen Bereichen gearbeitet und eine Menge Erfahrung gesammelt.<\/span><\/p>\n<p style=\"text-align: justify;\"><span style=\"font-size: 14pt; font-family: helvetica, arial, sans-serif;\">Das zuletzt ambitionierteste Projekt von Nocturnus Film ist der mehrfach preisgekr\u00f6nte Science Fiction Spielfilm <strong><a href=\"https:\/\/www.nocturnus-film.de\/home\/projekte\/alivingdog\/\">&#8222;A Living Dog&#8220;<\/a><\/strong>, der am <strong>8. Oktober 2021 in den USA im Kino<\/strong> gestartet und mittlerweile in England, S\u00fcdkorea, Japan, Kanada, der T\u00fcrkei, Irland, Russland auf DVD und VOD erh\u00e4ltlich ist. (\u2192 &#8222;A Living Dog&#8220; auf der <a href=\"https:\/\/www.imdb.com\/title\/tt10805862\/\" target=\"_blank\" rel=\"noopener\"><strong>International Movie Database<\/strong><\/a> und bei <a href=\"https:\/\/de.wikipedia.org\/wiki\/A_Living_Dog\" target=\"_blank\" rel=\"noopener\"><strong>Wikipedia<\/strong><\/a>)<\/span><\/p>\n<p style=\"text-align: justify;\"><span style=\"font-family: helvetica, arial, sans-serif; font-size: 14pt;\">\u00a0<\/span><br \/>\n<span style=\"font-family: helvetica, arial, sans-serif; font-size: 14pt;\">Neuester Trailer: <strong>&#8222;Starfood &#8211; Sushi im Weltall&#8220;<\/strong><\/span><br \/>\n<span style=\"font-family: helvetica, arial, sans-serif; font-size: 14pt;\">\u00a0<\/span><\/p>\n<p style=\"text-align: center;\"><iframe loading=\"lazy\" title=\"YouTube video player\" src=\"https:\/\/www.youtube.com\/embed\/qMzvNxr4VS0?si=X9giuB99r4pyjX83\" width=\"560\" height=\"315\" frameborder=\"0\" allowfullscreen=\"allowfullscreen\"><\/iframe><\/p>\n<p style=\"text-align: justify;\"><span style=\"font-size: 14pt; font-family: helvetica, arial, sans-serif;\">Bereits in Arbeit ist derzeit <a title=\"Licht und Schatten \u2013 \u201eShadow Road\u201c\" href=\"https:\/\/www.nocturnus-film.de\/home\/licht-und-schatten-shadow-road\/\"><strong>unser neuer Spielfilm &#8222;Shadow Road&#8220;<\/strong><\/a>, ein Roadmovie und Psychothriller um eine Mutter (gespielt von <a href=\"https:\/\/hannawerth.com\/\" target=\"_blank\" rel=\"noopener\"><strong>Hanna Werth<\/strong><\/a>, siehe Foto) auf der verzweifelten Suche nach ihrem entf\u00fchrten Kind.<\/span><\/p>\n<p>&nbsp;<\/p>\n<p><span style=\"font-size: 14pt; font-family: helvetica, arial, sans-serif;\"><img loading=\"lazy\" decoding=\"async\" class=\"aligncenter wp-image-3139 size-full\" src=\"https:\/\/www.nocturnus-film.de\/home\/wp-content\/uploads\/2022\/08\/shadow08-72-scaled-e1692704615863.jpg\" alt=\"\" width=\"2560\" height=\"1036\" srcset=\"https:\/\/www.nocturnus-film.de\/home\/wp-content\/uploads\/2022\/08\/shadow08-72-scaled-e1692704615863.jpg 2560w, https:\/\/www.nocturnus-film.de\/home\/wp-content\/uploads\/2022\/08\/shadow08-72-scaled-e1692704615863-300x121.jpg 300w, https:\/\/www.nocturnus-film.de\/home\/wp-content\/uploads\/2022\/08\/shadow08-72-scaled-e1692704615863-1024x414.jpg 1024w, https:\/\/www.nocturnus-film.de\/home\/wp-content\/uploads\/2022\/08\/shadow08-72-scaled-e1692704615863-768x311.jpg 768w, https:\/\/www.nocturnus-film.de\/home\/wp-content\/uploads\/2022\/08\/shadow08-72-scaled-e1692704615863-1536x622.jpg 1536w, https:\/\/www.nocturnus-film.de\/home\/wp-content\/uploads\/2022\/08\/shadow08-72-scaled-e1692704615863-2048x829.jpg 2048w\" sizes=\"auto, (max-width: 2560px) 100vw, 2560px\" \/><\/span><\/p>\n<p>&nbsp;<\/p>\n<p style=\"text-align: justify;\"><span style=\"font-size: 14pt; font-family: helvetica, arial, sans-serif;\">Und wer sich ganz tief in die Fr\u00fchgeschichte unseres filmischen Schaffens bewegen m\u00f6chte, findet hier auch noch preisgekr\u00f6nte Kurzfilme wie\u00a0<strong><a href=\"https:\/\/www.nocturnus-film.de\/home\/projekte\/was-geschah-man-weis-es-nicht\/\">&#8222;Was geschah &#8211; Man wei\u00df es nicht&#8220;<\/a><\/strong>, <strong><a href=\"https:\/\/www.nocturnus-film.de\/home\/projekte\/furple-reign\/\">&#8222;Furple Reign&#8220;<\/a><\/strong> oder <strong><a href=\"https:\/\/www.nocturnus-film.de\/home\/projekte\/die-molekularbiologin\/\">&#8222;Die Molekularbiologin&#8220;<\/a><\/strong>. Viel Spa\u00df beim St\u00f6bern!<\/span><\/p>\n<p>&nbsp;<\/p>\n<p style=\"text-align: justify;\"><span style=\"font-size: 14pt; font-family: helvetica, arial, sans-serif;\"><a href=\"https:\/\/www.nocturnus-film.de\/home\/news\/\"><img loading=\"lazy\" decoding=\"async\" class=\"wp-image-2710 size-thumbnail aligncenter\" src=\"https:\/\/www.nocturnus-film.de\/home\/wp-content\/uploads\/2019\/12\/NOCTURNUS-FILM-2019-LOGO-Rund-Alpha-150x150.png\" alt=\"\" width=\"150\" height=\"150\" srcset=\"https:\/\/www.nocturnus-film.de\/home\/wp-content\/uploads\/2019\/12\/NOCTURNUS-FILM-2019-LOGO-Rund-Alpha-150x150.png 150w, https:\/\/www.nocturnus-film.de\/home\/wp-content\/uploads\/2019\/12\/NOCTURNUS-FILM-2019-LOGO-Rund-Alpha-300x297.png 300w, https:\/\/www.nocturnus-film.de\/home\/wp-content\/uploads\/2019\/12\/NOCTURNUS-FILM-2019-LOGO-Rund-Alpha-1024x1015.png 1024w, https:\/\/www.nocturnus-film.de\/home\/wp-content\/uploads\/2019\/12\/NOCTURNUS-FILM-2019-LOGO-Rund-Alpha-768x761.png 768w, https:\/\/www.nocturnus-film.de\/home\/wp-content\/uploads\/2019\/12\/NOCTURNUS-FILM-2019-LOGO-Rund-Alpha-60x60.png 60w, https:\/\/www.nocturnus-film.de\/home\/wp-content\/uploads\/2019\/12\/NOCTURNUS-FILM-2019-LOGO-Rund-Alpha.png 1090w\" sizes=\"auto, (max-width: 150px) 100vw, 150px\" \/><\/a><\/span><\/p>\n","protected":false},"excerpt":{"rendered":"<p>Nocturnus Film ist ein D\u00fcsseldorfer Label f\u00fcr innovative Kurzfilme, Werbung, Imagefilme und Dokumentationen vor allem f\u00fcr&#8217;s Web.<\/p>\n","protected":false},"author":1,"featured_media":3019,"parent":0,"menu_order":1,"comment_status":"closed","ping_status":"closed","template":"","meta":{"footnotes":""},"class_list":["post-34","page","type-page","status-publish","has-post-thumbnail","hentry"],"aioseo_notices":[],"_links":{"self":[{"href":"https:\/\/www.nocturnus-film.de\/home\/wp-json\/wp\/v2\/pages\/34","targetHints":{"allow":["GET"]}}],"collection":[{"href":"https:\/\/www.nocturnus-film.de\/home\/wp-json\/wp\/v2\/pages"}],"about":[{"href":"https:\/\/www.nocturnus-film.de\/home\/wp-json\/wp\/v2\/types\/page"}],"author":[{"embeddable":true,"href":"https:\/\/www.nocturnus-film.de\/home\/wp-json\/wp\/v2\/users\/1"}],"replies":[{"embeddable":true,"href":"https:\/\/www.nocturnus-film.de\/home\/wp-json\/wp\/v2\/comments?post=34"}],"version-history":[{"count":111,"href":"https:\/\/www.nocturnus-film.de\/home\/wp-json\/wp\/v2\/pages\/34\/revisions"}],"predecessor-version":[{"id":3509,"href":"https:\/\/www.nocturnus-film.de\/home\/wp-json\/wp\/v2\/pages\/34\/revisions\/3509"}],"wp:featuredmedia":[{"embeddable":true,"href":"https:\/\/www.nocturnus-film.de\/home\/wp-json\/wp\/v2\/media\/3019"}],"wp:attachment":[{"href":"https:\/\/www.nocturnus-film.de\/home\/wp-json\/wp\/v2\/media?parent=34"}],"curies":[{"name":"wp","href":"https:\/\/api.w.org\/{rel}","templated":true}]}}