{"id":309,"date":"2009-09-29T20:47:21","date_gmt":"2009-09-29T18:47:21","guid":{"rendered":"http:\/\/www.nocturnus-film.de\/home\/?page_id=309"},"modified":"2024-05-04T15:27:32","modified_gmt":"2024-05-04T13:27:32","slug":"kontakt","status":"publish","type":"page","link":"https:\/\/www.nocturnus-film.de\/home\/kontakt\/","title":{"rendered":"Kontakt"},"content":{"rendered":"<p style=\"text-align: justify;\"><span style=\"font-size: 14pt;\">Es g\u00e4be nat\u00fcrlich noch viel mehr zu berichten, aber Lesen tut im Internet freilich niemand gern. \ud83d\ude09 <\/span><span style=\"font-size: 14pt;\">Daher k\u00f6nnt ihr mich zu n\u00e4heren Informationen, Fragen und Angeboten <\/span><span style=\"font-size: 14pt;\">nat\u00fcrlich gern jederzeit per Mail kontaktieren:<\/span><\/p>\n<hr \/>\n<p style=\"text-align: center;\"><span style=\"color: #0000ff; font-size: 14pt;\"><strong>danielraboldt[\u00e4t]nocturnusfilm[Punkt]de<\/strong><\/span><\/p>\n<hr \/>\n<p><img loading=\"lazy\" decoding=\"async\" class=\"aligncenter wp-image-3266 size-full\" src=\"https:\/\/www.nocturnus-film.de\/home\/wp-content\/uploads\/2023\/08\/A-living-Dog-Drone-02.jpg\" alt=\"Szenenbild aus &quot;A Living Dog&quot;\" width=\"600\" height=\"220\" srcset=\"https:\/\/www.nocturnus-film.de\/home\/wp-content\/uploads\/2023\/08\/A-living-Dog-Drone-02.jpg 600w, https:\/\/www.nocturnus-film.de\/home\/wp-content\/uploads\/2023\/08\/A-living-Dog-Drone-02-300x110.jpg 300w\" sizes=\"auto, (max-width: 600px) 100vw, 600px\" \/><\/p>\n<p style=\"text-align: justify;\"><span style=\"font-size: 14pt;\">Ihr findet mich au\u00dferdem auf <strong><a href=\"https:\/\/www.instagram.com\/danielraboldt\/\" target=\"_blank\" rel=\"noopener\">Instagram<\/a>, <a href=\"https:\/\/www.facebook.com\/NocturnusFilm\" target=\"_blank\" rel=\"noopener\">Facebook<\/a>, <a href=\"https:\/\/nerdculture.de\/@danielr\" target=\"_blank\" rel=\"noopener\">Mastodon<\/a> und <a href=\"https:\/\/www.youtube.com\/c\/NOCTURNUSFILM\" target=\"_blank\" rel=\"noopener\">YouTube<\/a>.<\/strong><\/span><\/p>\n<p style=\"text-align: justify;\"><span style=\"font-size: 14pt;\"><a href=\"https:\/\/www.nocturnus-film.de\/home\/daniel-raboldt\/\">Daniel Raboldt<\/a> lebt in D\u00fcsseldorf und freut sich nat\u00fcrlich auch auf echte Gespr\u00e4che in der richtigen Welt. <strong>Hauptsache, es gibt guten Kaffee.<\/strong><\/span><\/p>\n<p>&nbsp;<\/p>\n","protected":false},"excerpt":{"rendered":"<p>Es g\u00e4be nat\u00fcrlich noch viel mehr zu berichten, aber Lesen tut im Internet freilich niemand gern. \ud83d\ude09 Daher k\u00f6nnt ihr mich zu n\u00e4heren Informationen, Fragen und Angeboten nat\u00fcrlich gern jederzeit per Mail kontaktieren: danielraboldt[\u00e4t]nocturnusfilm[Punkt]de Ihr findet mich au\u00dferdem auf Instagram, Facebook, Mastodon und YouTube. Daniel Raboldt lebt in D\u00fcsseldorf und freut sich nat\u00fcrlich auch auf&#8230;<\/p>\n","protected":false},"author":1,"featured_media":3339,"parent":0,"menu_order":6,"comment_status":"closed","ping_status":"closed","template":"","meta":{"footnotes":""},"class_list":["post-309","page","type-page","status-publish","has-post-thumbnail","hentry"],"aioseo_notices":[],"_links":{"self":[{"href":"https:\/\/www.nocturnus-film.de\/home\/wp-json\/wp\/v2\/pages\/309","targetHints":{"allow":["GET"]}}],"collection":[{"href":"https:\/\/www.nocturnus-film.de\/home\/wp-json\/wp\/v2\/pages"}],"about":[{"href":"https:\/\/www.nocturnus-film.de\/home\/wp-json\/wp\/v2\/types\/page"}],"author":[{"embeddable":true,"href":"https:\/\/www.nocturnus-film.de\/home\/wp-json\/wp\/v2\/users\/1"}],"replies":[{"embeddable":true,"href":"https:\/\/www.nocturnus-film.de\/home\/wp-json\/wp\/v2\/comments?post=309"}],"version-history":[{"count":26,"href":"https:\/\/www.nocturnus-film.de\/home\/wp-json\/wp\/v2\/pages\/309\/revisions"}],"predecessor-version":[{"id":3349,"href":"https:\/\/www.nocturnus-film.de\/home\/wp-json\/wp\/v2\/pages\/309\/revisions\/3349"}],"wp:featuredmedia":[{"embeddable":true,"href":"https:\/\/www.nocturnus-film.de\/home\/wp-json\/wp\/v2\/media\/3339"}],"wp:attachment":[{"href":"https:\/\/www.nocturnus-film.de\/home\/wp-json\/wp\/v2\/media?parent=309"}],"curies":[{"name":"wp","href":"https:\/\/api.w.org\/{rel}","templated":true}]}}