{"id":302,"date":"2009-09-29T20:39:49","date_gmt":"2009-09-29T18:39:49","guid":{"rendered":"http:\/\/www.nocturnus-film.de\/home\/?page_id=302"},"modified":"2024-04-10T02:04:02","modified_gmt":"2024-04-10T00:04:02","slug":"impressum","status":"publish","type":"page","link":"https:\/\/www.nocturnus-film.de\/home\/impressum\/","title":{"rendered":"Impressum &#038; Datenschutz"},"content":{"rendered":"<p style=\"text-align: justify;\"><span style=\"font-family: helvetica, arial, sans-serif;\"><img loading=\"lazy\" decoding=\"async\" class=\"size-full wp-image-2799 alignleft\" src=\"https:\/\/www.nocturnus-film.de\/home\/wp-content\/uploads\/2020\/01\/IMPRESSUM.jpg\" alt=\"\" width=\"400\" height=\"200\" srcset=\"https:\/\/www.nocturnus-film.de\/home\/wp-content\/uploads\/2020\/01\/IMPRESSUM.jpg 400w, https:\/\/www.nocturnus-film.de\/home\/wp-content\/uploads\/2020\/01\/IMPRESSUM-300x150.jpg 300w\" sizes=\"auto, (max-width: 400px) 100vw, 400px\" \/><\/span><\/p>\n<p style=\"text-align: justify;\"><span style=\"font-family: helvetica, arial, sans-serif;\">Haftungsausschluss \/ Disclaimer<\/span><\/p>\n<p style=\"line-height: 13.3px; text-align: justify;\"><span style=\"font-family: helvetica, arial, sans-serif;\">HAFTUNG F\u00dcR INHALTE<\/span><\/p>\n<p style=\"line-height: 19.95px; text-align: justify;\"><span style=\"font-family: helvetica, arial, sans-serif;\">Die Inhalte unserer Seiten wurden mit gr\u00f6\u00dfter Sorgfalt erstellt. F\u00fcr die Richtigkeit, Vollst\u00e4ndigkeit und Aktualit\u00e4t der Inhalte k\u00f6nnen wir jedoch keine Gew\u00e4hr \u00fcbernehmen.<\/span><br \/>\n<span style=\"font-family: helvetica, arial, sans-serif;\">Als Diensteanbieter sind wir gem\u00e4\u00df \u00a7 6 Abs.1 MDStV und \u00a7 8 Abs.1 TDG f\u00fcr eigene Inhalte auf diesen Seiten nach den allgemeinen Gesetzen verantwortlich. Diensteanbieter sind jedoch nicht verpflichtet, die von ihnen \u00fcbermittelten oder gespeicherten fremden Informationen zu \u00fcberwachen oder nach Umst\u00e4nden zu forschen, die auf eine rechtswidrige T\u00e4tigkeit hinweisen. Verpflichtungen zur Entfernung oder Sperrung der Nutzung von Informationen nach den allgemeinen Gesetzen bleiben hiervon unber\u00fchrt. Eine diesbez\u00fcgliche Haftung ist jedoch erst ab dem Zeitpunkt der Kenntnis einer konkreten Rechtsverletzung m\u00f6glich. Bei bekannt werden von entsprechenden Rechtsverletzungen werden wir diese Inhalte umgehend entfernen.<\/span><\/p>\n<p style=\"line-height: 13.3px; text-align: justify;\"><span style=\"font-family: helvetica, arial, sans-serif;\">HAFTUNG F\u00dcR LINKS<\/span><\/p>\n<p style=\"line-height: 19.95px; text-align: justify;\"><span style=\"font-family: helvetica, arial, sans-serif;\">Unser Angebot enth\u00e4lt Links zu externen Webseiten Dritter, auf deren Inhalte wir keinen Einfluss haben. Deshalb k\u00f6nnen wir f\u00fcr diese fremden Inhalte auch keine Gew\u00e4hr \u00fcbernehmen. F\u00fcr die Inhalte der verlinkten Seiten ist stets der jeweilige Anbieter oder Betreiber der Seiten verantwortlich. Die verlinkten Seiten wurden zum Zeitpunkt der Verlinkung auf m\u00f6gliche Rechtsverst\u00f6\u00dfe \u00fcberpr\u00fcft. Rechtswidrige Inhalte waren zum Zeitpunkt der Verlinkung nicht erkennbar. Eine permanente inhaltliche Kontrolle der verlinkten Seiten ist jedoch ohne konkrete Anhaltspunkte einer Rechtsverletzung nicht zumutbar. Bei bekannt werden von Rechtsverletzungen werden wir derartige Links umgehend entfernen.<\/span><\/p>\n<p style=\"line-height: 13.3px; text-align: justify;\"><span style=\"font-family: helvetica, arial, sans-serif;\">URHEBERRECHT<\/span><\/p>\n<p style=\"line-height: 19.95px; text-align: justify;\"><span style=\"font-family: helvetica, arial, sans-serif;\">Die Betreiber der Seiten sind bem\u00fcht, stets die Urheberrechte anderer zu beachten bzw. auf selbst erstellte sowie lizenzfreie Werke zur\u00fcckzugreifen.<\/span><br \/>\n<span style=\"font-family: helvetica, arial, sans-serif;\">Die durch die Seitenbetreiber erstellten Inhalte und Werke auf diesen Seiten unterliegen dem deutschen Urheberrecht. Beitr\u00e4ge Dritter sind als solche gekennzeichnet. Die Vervielf\u00e4ltigung, Bearbeitung, Verbreitung und jede Art der Verwertung au\u00dferhalb der Grenzen des Urheberrechtes bed\u00fcrfen der schriftlichen Zustimmung des jeweiligen Autors bzw. Erstellers. Downloads und Kopien dieser Seite sind nur f\u00fcr den privaten, nicht kommerziellen Gebrauch gestattet.<\/span><\/p>\n<p style=\"line-height: 13.3px; text-align: justify;\"><span style=\"font-family: helvetica, arial, sans-serif;\">DATENSCHUTZ<\/span><\/p>\n<p style=\"padding-bottom: 0pt; line-height: 19.95px; text-align: justify;\"><span style=\"font-family: helvetica, arial, sans-serif;\">Soweit auf unseren Seiten personenbezogene Daten (beispielsweise Name, Anschrift oder eMail-Adressen) erhoben werden, erfolgt dies stets auf freiwilliger Basis. Die Nutzung der Angebote und Dienste ist stets auch ohne Angabe personenbezogener Daten m\u00f6glich.<\/span><br \/>\n<span style=\"font-family: helvetica, arial, sans-serif;\">Der Nutzung von im Rahmen der Impressumspflicht ver\u00f6ffentlichten Kontaktdaten oder auf der Webseite ver\u00f6ffentlichten Kontaktdaten durch Dritte zur \u00dcbersendung von nicht ausdr\u00fccklich angeforderter Werbung und Informationsmaterialien wird hiermit ausdr\u00fccklich widersprochen. Die Betreiber der Seiten behalten sich ausdr\u00fccklich rechtliche Schritte im Falle der unverlangten Zusendung von Werbeinformationen, etwa durch Spam-Mails, vor.<\/span><\/p>\n<h2><span style=\"font-family: helvetica, arial, sans-serif;\">Datenschutzerkl\u00e4rung<\/span><\/h2>\n<p><span style=\"font-family: helvetica, arial, sans-serif;\">Personenbezogene Daten (nachfolgend zumeist nur \u201eDaten\u201c genannt) werden von uns nur im Rahmen der Erforderlichkeit sowie zum Zwecke der Bereitstellung eines funktionsf\u00e4higen und nutzerfreundlichen Internetauftritts, inklusive seiner Inhalte und der dort angebotenen Leistungen, verarbeitet.<\/span><\/p>\n<p><span style=\"font-family: helvetica, arial, sans-serif;\">Gem\u00e4\u00df Art. 4 Ziffer 1. der Verordnung (EU) 2016\/679, also der Datenschutz-Grundverordnung (nachfolgend nur \u201eDSGVO\u201c genannt), gilt als \u201eVerarbeitung\u201c jeder mit oder ohne Hilfe automatisierter Verfahren ausgef\u00fchrter Vorgang oder jede solche Vorgangsreihe im Zusammenhang mit personenbezogenen Daten, wie das Erheben, das Erfassen, die Organisation, das Ordnen, die Speicherung, die Anpassung oder Ver\u00e4nderung, das Auslesen, das Abfragen, die Verwendung, die Offenlegung durch \u00dcbermittlung, Verbreitung oder eine andere Form der Bereitstellung, den Abgleich oder die Verkn\u00fcpfung, die Einschr\u00e4nkung, das L\u00f6schen oder die Vernichtung.<\/span><\/p>\n<p><span style=\"font-family: helvetica, arial, sans-serif;\">Mit der nachfolgenden Datenschutzerkl\u00e4rung informieren wir Sie insbesondere \u00fcber Art, Umfang, Zweck, Dauer und Rechtsgrundlage der Verarbeitung personenbezogener Daten, soweit wir entweder allein oder gemeinsam mit anderen \u00fcber die Zwecke und Mittel der Verarbeitung entscheiden. Zudem informieren wir Sie nachfolgend \u00fcber die von uns zu Optimierungszwecken sowie zur Steigerung der Nutzungsqualit\u00e4t eingesetzten Fremdkomponenten, soweit hierdurch Dritte Daten in wiederum eigener Verantwortung verarbeiten.<\/span><\/p>\n<p><span style=\"font-family: helvetica, arial, sans-serif;\">Unsere Datenschutzerkl\u00e4rung ist wie folgt gegliedert:<\/span><\/p>\n<p><span style=\"font-family: helvetica, arial, sans-serif;\">I. Informationen \u00fcber uns als Verantwortliche<\/span><br \/>\n<span style=\"font-family: helvetica, arial, sans-serif;\">II. Rechte der Nutzer und Betroffenen<\/span><br \/>\n<span style=\"font-family: helvetica, arial, sans-serif;\">III. Informationen zur Datenverarbeitung<\/span><\/p>\n<h3><span style=\"font-family: helvetica, arial, sans-serif;\">I. Informationen \u00fcber uns als Verantwortliche<\/span><\/h3>\n<p><span style=\"font-family: helvetica, arial, sans-serif;\">Verantwortlicher Anbieter dieses Internetauftritts im datenschutzrechtlichen Sinne ist:<\/span><\/p>\n<p><img loading=\"lazy\" decoding=\"async\" class=\"wp-image-2799 size-full aligncenter\" src=\"https:\/\/www.nocturnus-film.de\/home\/wp-content\/uploads\/2020\/01\/IMPRESSUM.jpg\" alt=\"\" width=\"400\" height=\"200\" srcset=\"https:\/\/www.nocturnus-film.de\/home\/wp-content\/uploads\/2020\/01\/IMPRESSUM.jpg 400w, https:\/\/www.nocturnus-film.de\/home\/wp-content\/uploads\/2020\/01\/IMPRESSUM-300x150.jpg 300w\" sizes=\"auto, (max-width: 400px) 100vw, 400px\" \/><\/p>\n<p><span style=\"font-family: helvetica, arial, sans-serif;\">Datenschutzbeauftragte\/r beim Anbieter ist:<\/span><\/p>\n<p><img loading=\"lazy\" decoding=\"async\" class=\"aligncenter wp-image-2799 size-full\" src=\"https:\/\/www.nocturnus-film.de\/home\/wp-content\/uploads\/2020\/01\/IMPRESSUM.jpg\" alt=\"\" width=\"400\" height=\"200\" srcset=\"https:\/\/www.nocturnus-film.de\/home\/wp-content\/uploads\/2020\/01\/IMPRESSUM.jpg 400w, https:\/\/www.nocturnus-film.de\/home\/wp-content\/uploads\/2020\/01\/IMPRESSUM-300x150.jpg 300w\" sizes=\"auto, (max-width: 400px) 100vw, 400px\" \/><\/p>\n<h3><span style=\"font-family: helvetica, arial, sans-serif;\">II. Rechte der Nutzer und Betroffenen<\/span><\/h3>\n<p><span style=\"font-family: helvetica, arial, sans-serif;\">Mit Blick auf die nachfolgend noch n\u00e4her beschriebene Datenverarbeitung haben die Nutzer und Betroffenen das Recht<\/span><\/p>\n<ul>\n<li><span style=\"font-family: helvetica, arial, sans-serif;\">auf Best\u00e4tigung, ob sie betreffende Daten verarbeitet werden, auf Auskunft \u00fcber die verarbeiteten Daten, auf weitere Informationen \u00fcber die Datenverarbeitung sowie auf Kopien der Daten (vgl. auch Art. 15 DSGVO);<\/span><\/li>\n<li><span style=\"font-family: helvetica, arial, sans-serif;\">auf Berichtigung oder Vervollst\u00e4ndigung unrichtiger bzw. unvollst\u00e4ndiger Daten (vgl. auch Art. 16 DSGVO);<\/span><\/li>\n<li><span style=\"font-family: helvetica, arial, sans-serif;\">auf unverz\u00fcgliche L\u00f6schung der sie betreffenden Daten (vgl. auch Art. 17 DSGVO), oder, alternativ, soweit eine weitere Verarbeitung gem\u00e4\u00df Art. 17 Abs. 3 DSGVO erforderlich ist, auf Einschr\u00e4nkung der Verarbeitung nach Ma\u00dfgabe von Art. 18 DSGVO;<\/span><\/li>\n<li><span style=\"font-family: helvetica, arial, sans-serif;\">auf Erhalt der sie betreffenden und von ihnen bereitgestellten Daten und auf \u00dcbermittlung dieser Daten an andere Anbieter\/Verantwortliche (vgl. auch Art. 20 DSGVO);<\/span><\/li>\n<li><span style=\"font-family: helvetica, arial, sans-serif;\">auf Beschwerde gegen\u00fcber der Aufsichtsbeh\u00f6rde, sofern sie der Ansicht sind, dass die sie betreffenden Daten durch den Anbieter unter Versto\u00df gegen datenschutzrechtliche Bestimmungen verarbeitet werden (vgl. auch Art. 77 DSGVO).<\/span><\/li>\n<\/ul>\n<p><span style=\"font-family: helvetica, arial, sans-serif;\">Dar\u00fcber hinaus ist der Anbieter dazu verpflichtet, alle Empf\u00e4nger, denen gegen\u00fcber Daten durch den Anbieter offengelegt worden sind, \u00fcber jedwede Berichtigung oder L\u00f6schung von Daten oder die Einschr\u00e4nkung der Verarbeitung, die aufgrund der Artikel 16, 17 Abs. 1, 18 DSGVO erfolgt, zu unterrichten. Diese Verpflichtung besteht jedoch nicht, soweit diese Mitteilung unm\u00f6glich oder mit einem unverh\u00e4ltnism\u00e4\u00dfigen Aufwand verbunden ist. Unbeschadet dessen hat der Nutzer ein Recht auf Auskunft \u00fcber diese Empf\u00e4nger.<\/span><\/p>\n<p><span style=\"font-family: helvetica, arial, sans-serif;\"><strong>Ebenfalls haben die Nutzer und Betroffenen nach Art. 21 DSGVO das Recht auf Widerspruch gegen die k\u00fcnftige Verarbeitung der sie betreffenden Daten, sofern die Daten durch den Anbieter nach Ma\u00dfgabe von Art. 6 Abs. 1 lit. f) DSGVO verarbeitet werden. Insbesondere ist ein Widerspruch gegen die Datenverarbeitung zum Zwecke der Direktwerbung statthaft.<\/strong><\/span><\/p>\n<h3><span style=\"font-family: helvetica, arial, sans-serif;\">III. Informationen zur Datenverarbeitung<\/span><\/h3>\n<p><span style=\"font-family: helvetica, arial, sans-serif;\">Ihre bei Nutzung unseres Internetauftritts verarbeiteten Daten werden gel\u00f6scht oder gesperrt, sobald der Zweck der Speicherung entf\u00e4llt, der L\u00f6schung der Daten keine gesetzlichen Aufbewahrungspflichten entgegenstehen und nachfolgend keine anderslautenden Angaben zu einzelnen Verarbeitungsverfahren gemacht werden.<\/span><\/p>\n<h4><span style=\"font-family: helvetica, arial, sans-serif; font-size: 14pt;\">Kontaktanfragen \/ Kontaktm\u00f6glichkeit<\/span><\/h4>\n<p><span style=\"font-family: helvetica, arial, sans-serif;\">Sofern Sie per Kontaktformular oder E-Mail mit uns in Kontakt treten, werden die dabei von Ihnen angegebenen Daten zur Bearbeitung Ihrer Anfrage genutzt. Die Angabe der Daten ist zur Bearbeitung und Beantwortung Ihre Anfrage erforderlich &#8211; ohne deren Bereitstellung k\u00f6nnen wir Ihre Anfrage nicht oder allenfalls eingeschr\u00e4nkt beantworten.<\/span><\/p>\n<p><span style=\"font-family: helvetica, arial, sans-serif;\">Rechtsgrundlage f\u00fcr diese Verarbeitung ist Art. 6 Abs. 1 lit. b) DSGVO.<\/span><\/p>\n<p><span style=\"font-family: helvetica, arial, sans-serif;\">Ihre Daten werden gel\u00f6scht, sofern Ihre Anfrage abschlie\u00dfend beantwortet worden ist und der L\u00f6schung keine gesetzlichen Aufbewahrungspflichten entgegenstehen, wie bspw. bei einer sich etwaig anschlie\u00dfenden Vertragsabwicklung.<\/span><\/p>\n<h4><span style=\"font-family: helvetica, arial, sans-serif; font-size: 14pt;\">YouTube<\/span><\/h4>\n<p><span style=\"font-family: helvetica, arial, sans-serif;\">In unserem Internetauftritt setzen wir YouTube ein. Hierbei handelt es sich um ein Videoportal der YouTube LLC., 901 Cherry Ave., 94066 San Bruno, CA, USA, nachfolgend nur \u201eYouTube\u201c genannt.<\/span><\/p>\n<p><span style=\"font-family: helvetica, arial, sans-serif;\">YouTube ist ein Tochterunternehmen der Google LLC., 1600 Amphitheatre Parkway, Mountain View, CA 94043 USA, nachfolgend nur \u201eGoogle\u201c genannt.<\/span><\/p>\n<p><span style=\"font-family: helvetica, arial, sans-serif;\">Durch die Zertifizierung nach dem EU-US-Datenschutzschild (\u201eEU-US Privacy Shield\u201c)<\/span><\/p>\n<p><span style=\"font-family: helvetica, arial, sans-serif;\"><a href=\"https:\/\/www.privacyshield.gov\/participant?id=a2zt000000001L5AAI&amp;status=Active\" target=\"_blank\" rel=\"nofollow noopener noreferrer\">https:\/\/www.privacyshield.gov\/participant?id=a2zt000000001L5AAI&amp;status=Active<\/a><\/span><\/p>\n<p><span style=\"font-family: helvetica, arial, sans-serif;\">garantiert Google und damit auch das Tochterunternehmen YouTube, dass die Datenschutzvorgaben der EU auch bei der Verarbeitung von Daten in den USA eingehalten werden.<\/span><\/p>\n<p><span style=\"font-family: helvetica, arial, sans-serif;\">Wir nutzen YouTube im Zusammenhang mit der Funktion \u201eErweiterter Datenschutzmodus\u201c, um Ihnen Videos anzeigen zu k\u00f6nnen. Rechtsgrundlage ist Art. 6 Abs. 1 lit. f) DSGVO. Unser berechtigtes Interesse liegt in der Qualit\u00e4tsverbesserung unseres Internetauftritts. Die Funktion \u201eErweiterter Datenschutzmodus\u201c bewirkt laut Angaben von YouTube, dass die nachfolgend noch n\u00e4her bezeichneten Daten nur dann an den Server von YouTube \u00fcbermittelt werden, wenn Sie ein Video auch tats\u00e4chlich starten.<\/span><\/p>\n<p><span style=\"font-family: helvetica, arial, sans-serif;\">Ohne diesen \u201eErweiterten Datenschutz\u201c wird eine Verbindung zum Server von YouTube in den USA hergestellt, sobald Sie eine unserer Internetseiten, auf der ein YouTube-Video eingebettet ist, aufrufen.<\/span><\/p>\n<p><span style=\"font-family: helvetica, arial, sans-serif;\">Diese Verbindung ist erforderlich, um das jeweilige Video auf unserer Internetseite \u00fcber Ihren Internet-Browser darstellen zu k\u00f6nnen. Im Zuge dessen wird YouTube zumindest Ihre IP-Adresse, das Datum nebst Uhrzeit sowie die von Ihnen besuchte Internetseite erfassen und verarbeiten. Zudem wird eine Verbindung zu dem Werbenetzwerk \u201eDoubleClick\u201c von Google hergestellt.<\/span><\/p>\n<p><span style=\"font-family: helvetica, arial, sans-serif;\">Sollten Sie gleichzeitig bei YouTube eingeloggt sein, weist YouTube die Verbindungsinformationen Ihrem YouTube-Konto zu. Wenn Sie das verhindern m\u00f6chten, m\u00fcssen Sie sich entweder vor dem Besuch unseres Internetauftritts bei YouTube ausloggen oder die entsprechenden Einstellungen in Ihrem YouTube-Benutzerkonto vornehmen.<\/span><\/p>\n<p><span style=\"font-family: helvetica, arial, sans-serif;\">Zum Zwecke der Funktionalit\u00e4t sowie zur Analyse des Nutzungsverhaltens speichert YouTube dauerhaft Cookies \u00fcber Ihren Internet-Browser auf Ihrem Endger\u00e4t. Falls Sie mit dieser Verarbeitung nicht einverstanden sind, haben Sie die M\u00f6glichkeit, die Speicherung der Cookies durch eine Einstellung in Ihrem Internet-Browsers zu verhindern. N\u00e4here Informationen hierzu finden Sie vorstehend unter \u201eCookies\u201c.<\/span><\/p>\n<p><span style=\"font-family: helvetica, arial, sans-serif;\">Weitergehende Informationen \u00fcber die Erhebung und Nutzung von Daten sowie Ihre diesbez\u00fcglichen Rechte und Schutzm\u00f6glichkeiten h\u00e4lt Google in den unter<\/span><\/p>\n<p><span style=\"font-family: helvetica, arial, sans-serif;\"><a href=\"https:\/\/policies.google.com\/privacy\" target=\"_blank\" rel=\"nofollow noopener noreferrer\">https:\/\/policies.google.com\/privacy<\/a><\/span><\/p>\n<p><span style=\"font-family: helvetica, arial, sans-serif;\">abrufbaren Datenschutzhinweisen bereit.<\/span><\/p>\n<p><span style=\"font-family: helvetica, arial, sans-serif;\"><a href=\"https:\/\/www.ratgeberrecht.eu\/leistungen\/muster-datenschutzerklaerung.html\" target=\"_blank\" rel=\"noopener noreferrer\">Muster-Datenschutzerkl\u00e4rung<\/a> der <a href=\"https:\/\/www.ratgeberrecht.eu\/\" target=\"_blank\" rel=\"noopener noreferrer\">Anwaltskanzlei Wei\u00df &amp; Partner<\/a><\/span><\/p>\n<p><strong><span style=\"font-family: helvetica, arial, sans-serif; font-size: 14pt;\">Real Cookie Banner<\/span><\/strong><\/p>\n<p><span style=\"font-family: helvetica, arial, sans-serif;\">Zur Verwaltung der eingesetzten Cookies und \u00e4hnlichen Technologien (Tracking-Pixel, Web-Beacons etc.) und diesbez\u00fcglicher Einwilligungen setzen wir das Consent Tool &#8222;Real Cookie Banner&#8220; ein. Details zur Funktionsweise von &#8222;Real Cookie Banner&#8220; findest du unter &lt;a href=&#8220;https:\/\/devowl.io\/de\/rcb\/datenverarbeitung\/&#8220; rel=&#8220;noreferrer&#8220; target=&#8220;_blank&#8220;&gt;https:\/\/devowl.io\/de\/rcb\/datenverarbeitung\/&lt;\/a&gt;.<\/span><\/p>\n<p><span style=\"font-family: helvetica, arial, sans-serif;\">Rechtsgrundlagen f\u00fcr die Verarbeitung von personenbezogenen Daten in diesem Zusammenhang sind Art. 6 Abs. 1 lit. c DS-GVO und Art. 6 Abs. 1 lit. f DS-GVO. Unser berechtigtes Interesse ist die Verwaltung der eingesetzten Cookies und \u00e4hnlichen Technologien und der diesbez\u00fcglichen Einwilligungen.<\/span><\/p>\n<p><span style=\"font-family: helvetica, arial, sans-serif;\">Die Bereitstellung der personenbezogenen Daten ist weder vertraglich vorgeschrieben noch f\u00fcr den Abschluss eines Vertrages notwendig. Du bist nicht verpflichtet die personenbezogenen Daten bereitzustellen. Wenn du die personenbezogenen Daten nicht bereitstellst, k\u00f6nnen wir deine Einwilligungen nicht verwalten.<\/span><\/p>\n<h5 style=\"padding-bottom: 0pt; line-height: 19.95px; text-align: justify;\"><span style=\"font-family: helvetica, arial, sans-serif;\">Weitere Seiten<\/span><\/h5>\n<p style=\"padding-bottom: 0pt; line-height: 19.95px; text-align: justify;\"><span style=\"font-family: helvetica, arial, sans-serif;\">Dieses Impressum bzw. diese Datenschutzerkl\u00e4rung gelten auch f\u00fcr unsere Social-Media Webseiten und Blogs:<\/span><\/p>\n<p><a href=\"http:\/\/alivingdog.de\"><span style=\"font-family: helvetica, arial, sans-serif;\">http:\/\/alivingdog.de<\/span><\/a><\/p>\n<p style=\"text-align: justify;\"><span style=\"font-family: helvetica, arial, sans-serif;\"><a title=\"Nocturnus Film auf YouTube\" href=\"https:\/\/www.youtube.com\/user\/SWAM2\" target=\"_blank\" rel=\"noopener noreferrer\">http:\/\/www.youtube.com\/user\/SWAM2<\/a><\/span><\/p>\n<p><span style=\"font-family: helvetica, arial, sans-serif;\"><a href=\"https:\/\/www.youtube.com\/nocturnusfilm\">https:\/\/www.youtube.com\/nocturnusfilm<\/a><\/span><\/p>\n<p style=\"text-align: justify;\"><span style=\"font-family: helvetica, arial, sans-serif;\"><a href=\"https:\/\/www.facebook.com\/alivingdogthemovie\/\">https:\/\/www.facebook.com\/alivingdogthemovie\/<\/a><\/span><\/p>\n<p style=\"text-align: justify;\"><span style=\"font-family: helvetica, arial, sans-serif;\"><a href=\"https:\/\/www.facebook.com\/NocturnusFilm\/\">https:\/\/www.facebook.com\/NocturnusFilm\/<\/a><\/span><\/p>\n<p>\u00a0<a href=\"https:\/\/nerdculture.de\/@danielr\" rel=\"me\">Mastodon<\/a><\/p>\n","protected":false},"excerpt":{"rendered":"<p>Haftungsausschluss \/ Disclaimer HAFTUNG F\u00dcR INHALTE Die Inhalte unserer Seiten wurden mit gr\u00f6\u00dfter Sorgfalt erstellt. F\u00fcr die Richtigkeit, Vollst\u00e4ndigkeit und Aktualit\u00e4t der Inhalte k\u00f6nnen wir jedoch keine Gew\u00e4hr \u00fcbernehmen. Als Diensteanbieter sind wir gem\u00e4\u00df \u00a7 6 Abs.1 MDStV und \u00a7 8 Abs.1 TDG f\u00fcr eigene Inhalte auf diesen Seiten nach den allgemeinen Gesetzen verantwortlich. Diensteanbieter&#8230;<\/p>\n","protected":false},"author":1,"featured_media":2783,"parent":0,"menu_order":7,"comment_status":"closed","ping_status":"closed","template":"","meta":{"footnotes":""},"class_list":["post-302","page","type-page","status-publish","has-post-thumbnail","hentry"],"aioseo_notices":[],"_links":{"self":[{"href":"https:\/\/www.nocturnus-film.de\/home\/wp-json\/wp\/v2\/pages\/302","targetHints":{"allow":["GET"]}}],"collection":[{"href":"https:\/\/www.nocturnus-film.de\/home\/wp-json\/wp\/v2\/pages"}],"about":[{"href":"https:\/\/www.nocturnus-film.de\/home\/wp-json\/wp\/v2\/types\/page"}],"author":[{"embeddable":true,"href":"https:\/\/www.nocturnus-film.de\/home\/wp-json\/wp\/v2\/users\/1"}],"replies":[{"embeddable":true,"href":"https:\/\/www.nocturnus-film.de\/home\/wp-json\/wp\/v2\/comments?post=302"}],"version-history":[{"count":29,"href":"https:\/\/www.nocturnus-film.de\/home\/wp-json\/wp\/v2\/pages\/302\/revisions"}],"predecessor-version":[{"id":3236,"href":"https:\/\/www.nocturnus-film.de\/home\/wp-json\/wp\/v2\/pages\/302\/revisions\/3236"}],"wp:featuredmedia":[{"embeddable":true,"href":"https:\/\/www.nocturnus-film.de\/home\/wp-json\/wp\/v2\/media\/2783"}],"wp:attachment":[{"href":"https:\/\/www.nocturnus-film.de\/home\/wp-json\/wp\/v2\/media?parent=302"}],"curies":[{"name":"wp","href":"https:\/\/api.w.org\/{rel}","templated":true}]}}