{"id":256,"date":"2009-09-28T20:59:13","date_gmt":"2009-09-28T18:59:13","guid":{"rendered":"http:\/\/www.nocturnus-film.de\/home\/?page_id=256"},"modified":"2025-02-28T13:56:01","modified_gmt":"2025-02-28T12:56:01","slug":"daniel-raboldt","status":"publish","type":"page","link":"https:\/\/www.nocturnus-film.de\/home\/daniel-raboldt\/","title":{"rendered":"About"},"content":{"rendered":"<p style=\"text-align: justify;\"><span style=\"font-size: 14pt;\"><img loading=\"lazy\" decoding=\"async\" class=\"wp-image-831 aligncenter\" title=\"Star Crew\" src=\"https:\/\/www.nocturnus-film.de\/home\/wp-content\/uploads\/2009\/09\/STARCREW3.jpg\" alt=\"Star Crew\" width=\"813\" height=\"186\" srcset=\"https:\/\/www.nocturnus-film.de\/home\/wp-content\/uploads\/2009\/09\/STARCREW3.jpg 699w, https:\/\/www.nocturnus-film.de\/home\/wp-content\/uploads\/2009\/09\/STARCREW3-300x68.jpg 300w\" sizes=\"auto, (max-width: 813px) 100vw, 813px\" \/><\/span><\/p>\n<p style=\"text-align: justify;\"><span style=\"font-size: 14pt;\"><strong>Nocturnus Film versteht sich als unabh\u00e4ngiges Label, das im Independent-Bereich kleinere und gr\u00f6\u00dfere Projekte realisiert (egal ob Kurzfilm, Dokumentation, Musikvideo oder Werbefilm), die Projekte anderer mit Kreativit\u00e4t und Originalit\u00e4t bereichert und einen Kontaktpool f\u00fcr alle Leute bietet, die sich f\u00fcr Filme oder Drehb\u00fccher interessieren und begeistern.<\/strong><\/span><\/p>\n<p style=\"text-align: justify;\"><span style=\"font-size: 14pt;\">Dabei geht es auch, aber nicht nur um komplette Filme. Daniel Raboldt bzw. Nocturnus Film bet\u00e4tigen sich auch (medien-)p\u00e4dagogisch mit Kindern und Jugendlichen, arbeiten mit Fl\u00fcchtlingen, Behindertengruppen, Kinderheimen, Jugendfreizeit-Einrichtungen und in Schulen und Museen.<\/span><\/p>\n<p style=\"text-align: justify;\"><span style=\"font-size: 14pt;\">Daneben bietet Nocturnus Film aber auch professionelle Begleitung mit langj\u00e4hriger Erfahrung im Bereich Werbefilm, Architektur-Visualisierung, Animationsfilm, Visual Effects, Kameraarbeit und ganz allgemein filmische Postproduktion.<\/span><\/p>\n<hr \/>\n<p><img loading=\"lazy\" decoding=\"async\" class=\"aligncenter wp-image-3260\" src=\"https:\/\/www.nocturnus-film.de\/home\/wp-content\/uploads\/2023\/08\/Daniel-Raboldt-02-1024x682.jpg\" alt=\"Daniel Raboldt\" width=\"600\" height=\"400\" srcset=\"https:\/\/www.nocturnus-film.de\/home\/wp-content\/uploads\/2023\/08\/Daniel-Raboldt-02-1024x682.jpg 1024w, https:\/\/www.nocturnus-film.de\/home\/wp-content\/uploads\/2023\/08\/Daniel-Raboldt-02-300x200.jpg 300w, https:\/\/www.nocturnus-film.de\/home\/wp-content\/uploads\/2023\/08\/Daniel-Raboldt-02-768x512.jpg 768w, https:\/\/www.nocturnus-film.de\/home\/wp-content\/uploads\/2023\/08\/Daniel-Raboldt-02.jpg 1280w\" sizes=\"auto, (max-width: 600px) 100vw, 600px\" \/><\/p>\n<p style=\"text-align: justify;\"><span style=\"font-size: 14pt;\">Ins Leben gerufen wurde Nocturnus Film von Regisseur und Drehbuchautor <strong>Daniel Raboldt<\/strong>.<\/span><\/p>\n<p style=\"text-align: justify;\"><span style=\"font-size: 14pt;\">Er widmete sich dem Storytelling schon in fr\u00fchester Kindheit in Form von <strong>Comics, Kurzgeschichten und Kurzromanen<\/strong>. Bereits w\u00e4hrend der Schulzeit drehte er Kurzfilme und besch\u00e4ftigte sich mit den Themen Animation und Tricktechnik.<\/span><\/p>\n<p style=\"text-align: justify;\"><span style=\"font-size: 14pt;\">Nach seinem <strong>Philosophie-, Germanistik- und Politikstudium<\/strong> in K\u00f6ln begann er, als selbstst\u00e4ndiger Filmemacher zu arbeiten. Er hat in den letzten 20 Jahren nicht zuletzt durch seine p\u00e4dagogische Arbeit bei zahlreichen zum Teil preisgekr\u00f6nten <strong>Kurz- und Langfilmen, Werbevideos, Imagefilmen und Dokumentationen<\/strong> Regie gef\u00fchrt. Daniel ist au\u00dferdem im p\u00e4dagogischen Bereich t\u00e4tig und arbeitet in Nordrhein-Westfalen unter anderem f\u00fcr das Filmmuseum D\u00fcsseldorf, Akki e.V. und das D\u00fcsseldorfer Schauspielhaus.<\/span><\/p>\n<p style=\"text-align: justify;\"><span style=\"font-size: 14pt;\">Zus\u00e4tzlich zur kreativen Arbeit ist Daniel Raboldt seit 2014 als <strong>Gastdozent<\/strong> an Schulen, Fachhochschulen und Universit\u00e4ten zu den Themen &#8222;Film in der Lehre&#8220;, Animation, Postproduktion und Independentfilm t\u00e4tig.<\/span><\/p>\n<p style=\"text-align: justify;\"><span style=\"font-size: 14pt;\">2019 feiert er Premiere mit seinem ersten Langspielfilm, dem Science-Fiction Thriller <strong><a href=\"https:\/\/www.nocturnus-film.de\/home\/projekte\/alivingdog\/\">&#8222;A Living Dog&#8220;<\/a><\/strong>, der am 8. Oktober 2021 in die <a href=\"https:\/\/alivingdog.de\/\" target=\"_blank\" rel=\"noopener\"><strong>US-amerikanischen Kinos<\/strong><\/a> kam.<\/span><\/p>\n<p style=\"text-align: justify;\"><span style=\"font-size: 14pt;\">Mittlerweile in Arbeit sind die animierte Webserie <a href=\"https:\/\/www.nocturnus-film.de\/home\/flucht-in-ferne-welten\/\"><strong>&#8222;The Cubus Anthology&#8220;<\/strong><\/a> und der Mystery-Thriller <a href=\"https:\/\/www.nocturnus-film.de\/home\/licht-und-schatten-shadow-road\/\"><strong>&#8222;Shadow Road&#8220;<\/strong><\/a>.<\/span><\/p>\n<p><img loading=\"lazy\" decoding=\"async\" class=\"aligncenter size-large wp-image-3262\" src=\"https:\/\/www.nocturnus-film.de\/home\/wp-content\/uploads\/2023\/08\/shadow10-19-1024x683.jpg\" alt=\"\" width=\"525\" height=\"350\" \/><\/p>\n<p><span style=\"font-size: 10pt;\">(Fotos von Pia Raboldt)<\/span><\/p>\n<p style=\"text-align: justify;\">\n","protected":false},"excerpt":{"rendered":"<p>About Nocturnus Film: Wer sind wir und was tun wir eigentlich? Hier erfahrt ihr es!<\/p>\n","protected":false},"author":1,"featured_media":3152,"parent":0,"menu_order":5,"comment_status":"closed","ping_status":"closed","template":"","meta":{"footnotes":""},"class_list":["post-256","page","type-page","status-publish","has-post-thumbnail","hentry"],"aioseo_notices":[],"_links":{"self":[{"href":"https:\/\/www.nocturnus-film.de\/home\/wp-json\/wp\/v2\/pages\/256","targetHints":{"allow":["GET"]}}],"collection":[{"href":"https:\/\/www.nocturnus-film.de\/home\/wp-json\/wp\/v2\/pages"}],"about":[{"href":"https:\/\/www.nocturnus-film.de\/home\/wp-json\/wp\/v2\/types\/page"}],"author":[{"embeddable":true,"href":"https:\/\/www.nocturnus-film.de\/home\/wp-json\/wp\/v2\/users\/1"}],"replies":[{"embeddable":true,"href":"https:\/\/www.nocturnus-film.de\/home\/wp-json\/wp\/v2\/comments?post=256"}],"version-history":[{"count":88,"href":"https:\/\/www.nocturnus-film.de\/home\/wp-json\/wp\/v2\/pages\/256\/revisions"}],"predecessor-version":[{"id":3415,"href":"https:\/\/www.nocturnus-film.de\/home\/wp-json\/wp\/v2\/pages\/256\/revisions\/3415"}],"wp:featuredmedia":[{"embeddable":true,"href":"https:\/\/www.nocturnus-film.de\/home\/wp-json\/wp\/v2\/media\/3152"}],"wp:attachment":[{"href":"https:\/\/www.nocturnus-film.de\/home\/wp-json\/wp\/v2\/media?parent=256"}],"curies":[{"name":"wp","href":"https:\/\/api.w.org\/{rel}","templated":true}]}}