{"id":2406,"date":"2018-12-27T13:53:11","date_gmt":"2018-12-27T11:53:11","guid":{"rendered":"http:\/\/www.nocturnus-film.de\/home\/?page_id=2406"},"modified":"2025-06-28T00:37:47","modified_gmt":"2025-06-27T22:37:47","slug":"archiv","status":"publish","type":"page","link":"https:\/\/www.nocturnus-film.de\/home\/filmprojekte\/archiv\/","title":{"rendered":"Archiv"},"content":{"rendered":"\r\n<p><span style=\"font-family: helvetica, arial, sans-serif; font-size: 14pt;\">Ja, auch wir haben mit kleinen, anarchischen Projekten angefangen (und sie auch nie ganz aufgegeben!). Wenn ihr unbedingt einen Blick in unsere Anfangsstunden werfen wollt, dann sei euch das geg\u00f6nnt&#8230;<\/span><\/p>\r\n<p><span style=\"font-family: helvetica, arial, sans-serif; font-size: 14pt;\">\r\n\r\n<\/span><\/p>\r\n<ul class=\"wp-block-list\">\r\n<li><span style=\"font-family: helvetica, arial, sans-serif; font-size: 14pt;\"><a href=\"https:\/\/www.nocturnus-film.de\/home\/projekte\/star-crew-die-grenzen-der-realitat\/\">Star Crew 3 &#8211; Die Grenzen der Realit\u00e4t<\/a><\/span><\/li>\r\n<li><span style=\"font-family: helvetica, arial, sans-serif; font-size: 14pt;\"><a href=\"https:\/\/www.nocturnus-film.de\/home\/projekte\/das-blaue-lacheln\/\">Das blaue L\u00e4cheln<\/a><\/span><\/li>\r\n<li><span style=\"font-family: helvetica, arial, sans-serif; font-size: 14pt;\">Musikvideo: <a href=\"https:\/\/www.nocturnus-film.de\/home\/projekte\/where-the-silence-lives\/\">Where the silence lives<\/a><\/span><\/li>\r\n<li><span style=\"font-family: helvetica, arial, sans-serif; font-size: 14pt;\"><a href=\"https:\/\/www.nocturnus-film.de\/home\/projekte\/gruppentherapie\/\">Gruppentherapie<\/a><\/span><\/li>\r\n<li><span style=\"font-family: helvetica, arial, sans-serif; font-size: 14pt;\"><a href=\"https:\/\/www.nocturnus-film.de\/home\/projekte\/kaffee-schwarz\/\">Kaffee &amp; Schwarz<\/a><\/span><\/li>\r\n<li><span style=\"font-family: helvetica, arial, sans-serif; font-size: 14pt;\"><a href=\"https:\/\/www.nocturnus-film.de\/home\/projekte\/der-raum\/\">Der Raum<\/a><\/span><\/li>\r\n<li><span style=\"font-family: helvetica, arial, sans-serif; font-size: 14pt;\"><a href=\"https:\/\/www.nocturnus-film.de\/home\/filmprojekte\/warum\/\">Warum?<\/a><\/span><\/li>\r\n<li><span style=\"font-family: helvetica, arial, sans-serif; font-size: 14pt;\"><a href=\"https:\/\/www.nocturnus-film.de\/home\/projekte\/swam-2-resurrection\/\">SWAM 2 &#8211; Resurrection<\/a><\/span><\/li>\r\n<\/ul>\r\n","protected":false},"excerpt":{"rendered":"<p>Ja, auch wir haben mit kleinen, anarchischen Projekten angefangen (und sie auch nie ganz aufgegeben!). Wenn ihr unbedingt einen Blick in unsere Anfangsstunden werfen wollt, dann sei euch das geg\u00f6nnt&#8230; Star Crew 3 &#8211; Die Grenzen der Realit\u00e4t Das blaue L\u00e4cheln Musikvideo: Where the silence lives Gruppentherapie Kaffee &amp; Schwarz Der Raum Warum? SWAM 2&#8230;<\/p>\n","protected":false},"author":1,"featured_media":0,"parent":46,"menu_order":20,"comment_status":"closed","ping_status":"closed","template":"","meta":{"footnotes":""},"class_list":["post-2406","page","type-page","status-publish","hentry"],"aioseo_notices":[],"_links":{"self":[{"href":"https:\/\/www.nocturnus-film.de\/home\/wp-json\/wp\/v2\/pages\/2406","targetHints":{"allow":["GET"]}}],"collection":[{"href":"https:\/\/www.nocturnus-film.de\/home\/wp-json\/wp\/v2\/pages"}],"about":[{"href":"https:\/\/www.nocturnus-film.de\/home\/wp-json\/wp\/v2\/types\/page"}],"author":[{"embeddable":true,"href":"https:\/\/www.nocturnus-film.de\/home\/wp-json\/wp\/v2\/users\/1"}],"replies":[{"embeddable":true,"href":"https:\/\/www.nocturnus-film.de\/home\/wp-json\/wp\/v2\/comments?post=2406"}],"version-history":[{"count":3,"href":"https:\/\/www.nocturnus-film.de\/home\/wp-json\/wp\/v2\/pages\/2406\/revisions"}],"predecessor-version":[{"id":3520,"href":"https:\/\/www.nocturnus-film.de\/home\/wp-json\/wp\/v2\/pages\/2406\/revisions\/3520"}],"up":[{"embeddable":true,"href":"https:\/\/www.nocturnus-film.de\/home\/wp-json\/wp\/v2\/pages\/46"}],"wp:attachment":[{"href":"https:\/\/www.nocturnus-film.de\/home\/wp-json\/wp\/v2\/media?parent=2406"}],"curies":[{"name":"wp","href":"https:\/\/api.w.org\/{rel}","templated":true}]}}