{"id":2307,"date":"2018-03-02T15:36:01","date_gmt":"2018-03-02T13:36:01","guid":{"rendered":"http:\/\/www.nocturnus-film.de\/home\/?page_id=2307"},"modified":"2020-01-16T18:06:19","modified_gmt":"2020-01-16T16:06:19","slug":"im-ruecken-der-geschichte-dokumentarfilm","status":"publish","type":"page","link":"https:\/\/www.nocturnus-film.de\/home\/filmprojekte\/im-ruecken-der-geschichte-dokumentarfilm\/","title":{"rendered":"Im R\u00fccken der Geschichte (Dokumentarfilm)"},"content":{"rendered":"<ul>\n<li style=\"text-align: justify;\">Polen \/ Deutschland, 2018<\/li>\n<li style=\"text-align: justify;\">Genre: Dokumentarfilm<\/li>\n<li style=\"text-align: justify;\">L\u00e4nge: 36 min.<\/li>\n<li style=\"text-align: justify;\">Label: Nocturnus Film<\/li>\n<\/ul>\n<p style=\"text-align: justify;\">Im September 2017 begleitete Daniel Raboldt mit seiner Kamera eine Gruppe deutscher und polnischer Studenten und Forscher auf eine Reise tief in die masurischen W\u00e4lder Polens.<\/p>\n<p style=\"text-align: justify;\">Die Expedition hatte den Plan, alte vergessene Friedh\u00f6fe, die l\u00e4ngst von der Natur &#8222;zur\u00fcck erobert&#8220; worden sind, wieder freizulegen und dem Vergessen zu entrei\u00dfen.<\/p>\n<p><iframe loading=\"lazy\" src=\"https:\/\/www.youtube.com\/embed\/h05VXXajQfQ\" width=\"560\" height=\"315\" frameborder=\"0\" allowfullscreen=\"allowfullscreen\"><\/iframe><\/p>\n<h5 style=\"text-align: justify;\">Inhalt<\/h5>\n<p style=\"text-align: justify;\">Die Geschichte Masurens und des verschwundenen Volkes der Masuren stehen im Zentrum dieser Dokumentation. Ein Volk, das zerrieben wurde zwischen den Nationalismen Deutschlands und Polens, bildet den Kern von &#8222;Im R\u00fccken der Geschichte&#8220;, der damit in Zeiten wieder erstarkenden nationalistischen und rassistischen Denkens in Europa hochaktuell ist.<\/p>\n<p style=\"text-align: justify;\"><img loading=\"lazy\" decoding=\"async\" class=\"aligncenter size-large wp-image-2308\" src=\"https:\/\/www.nocturnus-film.de\/home\/wp-content\/uploads\/2018\/03\/Masuren_Poland_Documents_History_01-1024x576.jpg\" alt=\"\" width=\"474\" height=\"267\" srcset=\"https:\/\/www.nocturnus-film.de\/home\/wp-content\/uploads\/2018\/03\/Masuren_Poland_Documents_History_01-1024x576.jpg 1024w, https:\/\/www.nocturnus-film.de\/home\/wp-content\/uploads\/2018\/03\/Masuren_Poland_Documents_History_01-300x169.jpg 300w, https:\/\/www.nocturnus-film.de\/home\/wp-content\/uploads\/2018\/03\/Masuren_Poland_Documents_History_01-768x432.jpg 768w, https:\/\/www.nocturnus-film.de\/home\/wp-content\/uploads\/2018\/03\/Masuren_Poland_Documents_History_01.jpg 1920w\" sizes=\"auto, (max-width: 474px) 100vw, 474px\" \/><\/p>\n<p style=\"text-align: justify;\">Der Film besch\u00e4ftigt sich jedoch nicht nur mit der Restaurierung der Gr\u00e4ber, sondern auch mit den Schwierigkeiten einer solchen arch\u00e4ologischen Arbeit.\u00a0Ist der Weg, den die Historiker beschreiten tats\u00e4chlich der Richtige, um uns ein Bild der Vergangenheit zu bescheren? T\u00e4uscht die Ansammlung von Fakten aus alten Archiven nicht eine Realit\u00e4t vor, die es so nie gegeben hat?<\/p>\n<p style=\"text-align: justify;\">Und ist es moralisch wirklich vertretbar, alte vergessene Gr\u00e4ber wieder sichtbar zu machen und dadurch eventuell auch alte Wunden wieder zu \u00f6ffnen?<\/p>\n<p><img loading=\"lazy\" decoding=\"async\" class=\"aligncenter size-large wp-image-2309\" src=\"https:\/\/www.nocturnus-film.de\/home\/wp-content\/uploads\/2018\/03\/Masuren_Poland_Graveyards_History_01-1024x576.jpg\" alt=\"\" width=\"474\" height=\"267\" srcset=\"https:\/\/www.nocturnus-film.de\/home\/wp-content\/uploads\/2018\/03\/Masuren_Poland_Graveyards_History_01-1024x576.jpg 1024w, https:\/\/www.nocturnus-film.de\/home\/wp-content\/uploads\/2018\/03\/Masuren_Poland_Graveyards_History_01-300x169.jpg 300w, https:\/\/www.nocturnus-film.de\/home\/wp-content\/uploads\/2018\/03\/Masuren_Poland_Graveyards_History_01-768x432.jpg 768w, https:\/\/www.nocturnus-film.de\/home\/wp-content\/uploads\/2018\/03\/Masuren_Poland_Graveyards_History_01.jpg 1920w\" sizes=\"auto, (max-width: 474px) 100vw, 474px\" \/><\/p>\n<p style=\"text-align: justify;\">Das Masuren-Projekt des Gerhart-Hauptmann-Hauses, der Heinrich-Heine-Universit\u00e4t in D\u00fcsseldorf wird in Zusammenarbeit mit den polnischen Organisationen Sadyba Mazury und Borussia\u00a0 auch dieses Jahr fortgef\u00fchrt.<\/p>\n<p style=\"text-align: justify;\">Denn wenn es etwas gibt, das man einer Politik der Grenzen und auch der zurzeit in ganz Europa wieder aufkeimenden Fremdenfeindlichkeit entgegen stellen kann, dann ist es die Zusammenarbeit zwischen Menschen verschiedener L\u00e4nder und Kulturen. Ein Beispiel daf\u00fcr liefert der Film &#8222;Im R\u00fccken der Geschichte&#8220;.<\/p>\n<p style=\"text-align: justify;\">Der Film feierte seine Urauff\u00fchrung im Gerhart-Hauptmann-Haus in D\u00fcsseldorf vor polnischen und deutschen ZuschauerInnen.<\/p>\n<p style=\"text-align: justify;\"><img loading=\"lazy\" decoding=\"async\" class=\"aligncenter size-large wp-image-2310\" src=\"https:\/\/www.nocturnus-film.de\/home\/wp-content\/uploads\/2018\/03\/Die-verlorenen-D\u00f6rfer-FILM-v02.00_01_10_01.Standbild015-Kopie-1024x576.jpg\" alt=\"\" width=\"474\" height=\"267\" srcset=\"https:\/\/www.nocturnus-film.de\/home\/wp-content\/uploads\/2018\/03\/Die-verlorenen-D\u00f6rfer-FILM-v02.00_01_10_01.Standbild015-Kopie-1024x576.jpg 1024w, https:\/\/www.nocturnus-film.de\/home\/wp-content\/uploads\/2018\/03\/Die-verlorenen-D\u00f6rfer-FILM-v02.00_01_10_01.Standbild015-Kopie-300x169.jpg 300w, https:\/\/www.nocturnus-film.de\/home\/wp-content\/uploads\/2018\/03\/Die-verlorenen-D\u00f6rfer-FILM-v02.00_01_10_01.Standbild015-Kopie-768x432.jpg 768w, https:\/\/www.nocturnus-film.de\/home\/wp-content\/uploads\/2018\/03\/Die-verlorenen-D\u00f6rfer-FILM-v02.00_01_10_01.Standbild015-Kopie.jpg 1920w\" sizes=\"auto, (max-width: 474px) 100vw, 474px\" \/><\/p>\n<h5 style=\"text-align: justify;\">Cast und Crew<\/h5>\n<ul style=\"text-align: justify;\">\n<li><strong>Drehbuch und Regie<\/strong>: Daniel Raboldt<\/li>\n<li><strong>Produktion<\/strong>: Daniel Raboldt, Dr. Sabine Grabowski<\/li>\n<li><strong>Kamera und Schnitt<\/strong>: Daniel Raboldt<\/li>\n<li><strong>Musik<\/strong>: Norah B. und andere<\/li>\n<li><strong>Sprecher<\/strong>: Oliver El-Fayoumy<\/li>\n<\/ul>\n<p style=\"text-align: justify;\">\n","protected":false},"excerpt":{"rendered":"<p>Daniel Raboldts preisgekr\u00f6nter Dokumentarfilm \u00fcber das verschwundene Volk der Masuren<\/p>\n","protected":false},"author":1,"featured_media":2763,"parent":46,"menu_order":2,"comment_status":"closed","ping_status":"closed","template":"","meta":{"footnotes":""},"class_list":["post-2307","page","type-page","status-publish","has-post-thumbnail","hentry"],"aioseo_notices":[],"_links":{"self":[{"href":"https:\/\/www.nocturnus-film.de\/home\/wp-json\/wp\/v2\/pages\/2307","targetHints":{"allow":["GET"]}}],"collection":[{"href":"https:\/\/www.nocturnus-film.de\/home\/wp-json\/wp\/v2\/pages"}],"about":[{"href":"https:\/\/www.nocturnus-film.de\/home\/wp-json\/wp\/v2\/types\/page"}],"author":[{"embeddable":true,"href":"https:\/\/www.nocturnus-film.de\/home\/wp-json\/wp\/v2\/users\/1"}],"replies":[{"embeddable":true,"href":"https:\/\/www.nocturnus-film.de\/home\/wp-json\/wp\/v2\/comments?post=2307"}],"version-history":[{"count":5,"href":"https:\/\/www.nocturnus-film.de\/home\/wp-json\/wp\/v2\/pages\/2307\/revisions"}],"predecessor-version":[{"id":2767,"href":"https:\/\/www.nocturnus-film.de\/home\/wp-json\/wp\/v2\/pages\/2307\/revisions\/2767"}],"up":[{"embeddable":true,"href":"https:\/\/www.nocturnus-film.de\/home\/wp-json\/wp\/v2\/pages\/46"}],"wp:featuredmedia":[{"embeddable":true,"href":"https:\/\/www.nocturnus-film.de\/home\/wp-json\/wp\/v2\/media\/2763"}],"wp:attachment":[{"href":"https:\/\/www.nocturnus-film.de\/home\/wp-json\/wp\/v2\/media?parent=2307"}],"curies":[{"name":"wp","href":"https:\/\/api.w.org\/{rel}","templated":true}]}}