{"id":193,"date":"2009-09-28T07:42:40","date_gmt":"2009-09-28T05:42:40","guid":{"rendered":"http:\/\/www.nocturnus-film.de\/home\/?page_id=193"},"modified":"2020-01-16T19:27:22","modified_gmt":"2020-01-16T17:27:22","slug":"was-geschah-man-weis-es-nicht","status":"publish","type":"page","link":"https:\/\/www.nocturnus-film.de\/home\/filmprojekte\/was-geschah-man-weis-es-nicht\/","title":{"rendered":"Was geschah &#8211; Man wei\u00df es nicht"},"content":{"rendered":"<ul>\n<li><span style=\"font-family: helvetica, arial, sans-serif;\">Deutschland, 2009<\/span><\/li>\n<li><span style=\"font-family: helvetica, arial, sans-serif;\">Genre: Heimatfilm \/ Kom\u00f6die<\/span><\/li>\n<li><span style=\"font-family: helvetica, arial, sans-serif;\">L\u00e4nge: 5:30 min<\/span><\/li>\n<li><span style=\"font-family: helvetica, arial, sans-serif;\">Label: G.I.-Productions<\/span><\/li>\n<\/ul>\n<p style=\"text-align: justify;\"><span style=\"font-family: helvetica, arial, sans-serif;\">F\u00fcr den Heimatfilm &#8222;Was geschah &#8211; Man wei\u00df es nicht&#8220;, der f\u00fcr den 2880 &#8211; Grandprix du film de NRW produziert wurde, tat sich Daniel Raboldt mit dem Team der <a title=\"Die Homepage der Ricke-Br\u00fcder\" href=\"http:\/\/www.rickebros.de\" target=\"_blank\" rel=\"noopener noreferrer\">Ricke-Br\u00fcder<\/a> zusammen. Der Film machte den 1. Platz beim Finale, gewann den Publikumspreis und Kerstin G\u00e4hte erhielt die Auszeichnung f\u00fcr die beste schauspielerische Leistung. Ein besonderes Dankesch\u00f6n sei hier nochmal an <a title=\"Die Homepage von AKKI e.V.\" href=\"http:\/\/www.akki-ev.de\" target=\"_blank\" rel=\"noopener noreferrer\">AKKI e.V.<\/a> und besonders Stefan Weski ausgesprochen, ohne die dieser Film nicht m\u00f6glich gewesen w\u00e4re.<\/span><\/p>\n<h5 style=\"text-align: justify;\"><span style=\"font-family: helvetica, arial, sans-serif;\">Story<\/span><\/h5>\n<p style=\"text-align: justify;\"><span style=\"font-family: helvetica, arial, sans-serif;\">Lisbeth, Walter und Herbert haben sich auf einem Dach in einem gro\u00dfst\u00e4dtischen Industriegebiet eine gem\u00fctliche und abgeschottete kleine Welt geschaffen. Jeder hat seine Aufgabe, es gibt keine unangenehmen \u00dcberraschungen und die Tage vergehen in friedlicher Routine. Doch eines Morgens taucht aus dem Nichts ein merkw\u00fcrdiger Fremder auf. Das kann nur \u00c4rger bedeuten &#8230; oder vielleicht doch noch etwas anderes &#8230;<\/span><\/p>\n<h5 style=\"text-align: justify;\"><span style=\"font-family: helvetica, arial, sans-serif;\">Cast und Crew<\/span><\/h5>\n<ul>\n<li><span style=\"font-family: helvetica, arial, sans-serif;\"><strong>Regie<\/strong>: Daniel Raboldt und Henning Ricke<\/span><\/li>\n<li><span style=\"font-family: helvetica, arial, sans-serif;\"><strong>Produktion<\/strong>: Axel Ricke<\/span><\/li>\n<li><span style=\"font-family: helvetica, arial, sans-serif;\"><strong>Drehbuch<\/strong>: Axel Ricke, Henning Ricke, Daniel Raboldt<\/span><\/li>\n<li><span style=\"font-family: helvetica, arial, sans-serif;\"><strong>Kamera<\/strong>: Thorsten Franzen<\/span><\/li>\n<li><span style=\"font-family: helvetica, arial, sans-serif;\"><strong>Schnitt<\/strong>: Axel Ricke, Henning Ricke, Daniel Raboldt<\/span><\/li>\n<li><span style=\"font-family: helvetica, arial, sans-serif;\"><strong>Musik und Ton<\/strong>: Marc Meester<\/span><\/li>\n<li><span style=\"font-family: helvetica, arial, sans-serif;\"><strong>Ausstattung<\/strong>: Thorsten Franzen<\/span><\/li>\n<li><span style=\"font-family: helvetica, arial, sans-serif;\"><strong>Requisite, Standfotographie<\/strong>: Pia Beine<\/span><\/li>\n<li><span style=\"font-family: helvetica, arial, sans-serif;\"><strong>Requisite, Setrunner<\/strong>: Dan Rampoldt<\/span><\/li>\n<li><span style=\"font-family: helvetica, arial, sans-serif;\"><strong>DarstellerInnen<\/strong>: Kerstin G\u00e4hte, Klaus Zmorek, Lutz Reichert, Gerd Buurmann<\/span><\/li>\n<\/ul>\n<p><span style=\"font-family: helvetica, arial, sans-serif;\"><object width=\"660\" height=\"405\" classid=\"clsid:d27cdb6e-ae6d-11cf-96b8-444553540000\" codebase=\"http:\/\/download.macromedia.com\/pub\/shockwave\/cabs\/flash\/swflash.cab#version=6,0,40,0\"><param name=\"allowFullScreen\" value=\"true\" \/><param name=\"allowscriptaccess\" value=\"always\" \/><param name=\"src\" value=\"http:\/\/www.youtube.com\/v\/wPojN8lNikE&amp;hl=de&amp;fs=1&amp;color1=0x3a3a3a&amp;color2=0x999999&amp;border=1\" \/><param name=\"allowfullscreen\" value=\"true\" \/><embed width=\"660\" height=\"405\" type=\"application\/x-shockwave-flash\" src=\"http:\/\/www.youtube.com\/v\/wPojN8lNikE&amp;hl=de&amp;fs=1&amp;color1=0x3a3a3a&amp;color2=0x999999&amp;border=1\" allowfullscreen=\"allowfullscreen\" allowscriptaccess=\"always\" \/><\/object><\/span><\/p>\n<p><span style=\"font-family: helvetica, arial, sans-serif;\"><img loading=\"lazy\" decoding=\"async\" class=\"size-full wp-image-462 aligncenter\" title=\"Axel Ricke bei der Planung von &quot;Was geschah&quot;\" src=\"https:\/\/www.nocturnus-film.de\/home\/wp-content\/uploads\/2009\/09\/92.jpg\" alt=\"9\" width=\"330\" height=\"220\" srcset=\"https:\/\/www.nocturnus-film.de\/home\/wp-content\/uploads\/2009\/09\/92.jpg 330w, https:\/\/www.nocturnus-film.de\/home\/wp-content\/uploads\/2009\/09\/92-300x200.jpg 300w\" sizes=\"auto, (max-width: 330px) 100vw, 330px\" \/><\/span><\/p>\n<p style=\"text-align: center;\"><span style=\"font-family: helvetica, arial, sans-serif;\"><img loading=\"lazy\" decoding=\"async\" class=\"size-full wp-image-463 aligncenter\" title=\"Lutz Reichert Kerstin G\u00e4hte und Klaus Zmorek\" src=\"https:\/\/www.nocturnus-film.de\/home\/wp-content\/uploads\/2009\/09\/83.jpg\" alt=\"8\" width=\"330\" height=\"221\" srcset=\"https:\/\/www.nocturnus-film.de\/home\/wp-content\/uploads\/2009\/09\/83.jpg 330w, https:\/\/www.nocturnus-film.de\/home\/wp-content\/uploads\/2009\/09\/83-300x200.jpg 300w\" sizes=\"auto, (max-width: 330px) 100vw, 330px\" \/><img loading=\"lazy\" decoding=\"async\" class=\"size-full wp-image-464 aligncenter\" title=\"Henning Ricke am Set\" src=\"https:\/\/www.nocturnus-film.de\/home\/wp-content\/uploads\/2009\/09\/73.jpg\" alt=\"7\" width=\"330\" height=\"221\" srcset=\"https:\/\/www.nocturnus-film.de\/home\/wp-content\/uploads\/2009\/09\/73.jpg 330w, https:\/\/www.nocturnus-film.de\/home\/wp-content\/uploads\/2009\/09\/73-300x200.jpg 300w\" sizes=\"auto, (max-width: 330px) 100vw, 330px\" \/><img loading=\"lazy\" decoding=\"async\" class=\"size-full wp-image-465 aligncenter\" title=\"Klaus Zmorek genie\u00dft den Sonnenaufgang\" src=\"https:\/\/www.nocturnus-film.de\/home\/wp-content\/uploads\/2009\/09\/66.jpg\" alt=\"6\" width=\"330\" height=\"221\" srcset=\"https:\/\/www.nocturnus-film.de\/home\/wp-content\/uploads\/2009\/09\/66.jpg 330w, https:\/\/www.nocturnus-film.de\/home\/wp-content\/uploads\/2009\/09\/66-300x200.jpg 300w\" sizes=\"auto, (max-width: 330px) 100vw, 330px\" \/><img loading=\"lazy\" decoding=\"async\" class=\"size-full wp-image-466 aligncenter\" title=\"Daniel Raboldt und Thorsten Franzen\" src=\"https:\/\/www.nocturnus-film.de\/home\/wp-content\/uploads\/2009\/09\/58.jpg\" alt=\"5\" width=\"330\" height=\"221\" srcset=\"https:\/\/www.nocturnus-film.de\/home\/wp-content\/uploads\/2009\/09\/58.jpg 330w, https:\/\/www.nocturnus-film.de\/home\/wp-content\/uploads\/2009\/09\/58-300x200.jpg 300w\" sizes=\"auto, (max-width: 330px) 100vw, 330px\" \/><img loading=\"lazy\" decoding=\"async\" class=\"size-full wp-image-467 aligncenter\" title=\"Marc Meester am Set\" src=\"https:\/\/www.nocturnus-film.de\/home\/wp-content\/uploads\/2009\/09\/410.jpg\" alt=\"4\" width=\"330\" height=\"221\" srcset=\"https:\/\/www.nocturnus-film.de\/home\/wp-content\/uploads\/2009\/09\/410.jpg 330w, https:\/\/www.nocturnus-film.de\/home\/wp-content\/uploads\/2009\/09\/410-300x200.jpg 300w\" sizes=\"auto, (max-width: 330px) 100vw, 330px\" \/><img loading=\"lazy\" decoding=\"async\" class=\"size-full wp-image-468 aligncenter\" title=\"Daniel Raboldt und Henning Ricke\" src=\"https:\/\/www.nocturnus-film.de\/home\/wp-content\/uploads\/2009\/09\/37.jpg\" alt=\"3\" width=\"330\" height=\"221\" srcset=\"https:\/\/www.nocturnus-film.de\/home\/wp-content\/uploads\/2009\/09\/37.jpg 330w, https:\/\/www.nocturnus-film.de\/home\/wp-content\/uploads\/2009\/09\/37-300x200.jpg 300w\" sizes=\"auto, (max-width: 330px) 100vw, 330px\" \/><img loading=\"lazy\" decoding=\"async\" class=\"size-full wp-image-469 aligncenter\" title=\"Gerd Buurmann am Set\" src=\"https:\/\/www.nocturnus-film.de\/home\/wp-content\/uploads\/2009\/09\/210.jpg\" alt=\"2\" width=\"330\" height=\"221\" srcset=\"https:\/\/www.nocturnus-film.de\/home\/wp-content\/uploads\/2009\/09\/210.jpg 330w, https:\/\/www.nocturnus-film.de\/home\/wp-content\/uploads\/2009\/09\/210-300x200.jpg 300w\" sizes=\"auto, (max-width: 330px) 100vw, 330px\" \/>Fotos von Pia Beine<\/span><\/p>\n","protected":false},"excerpt":{"rendered":"<p>Der preisgekr\u00f6nte Kurzfilm von Daniel Raboldt und Henning Ricke<\/p>\n","protected":false},"author":1,"featured_media":2793,"parent":46,"menu_order":12,"comment_status":"closed","ping_status":"closed","template":"","meta":{"footnotes":""},"class_list":["post-193","page","type-page","status-publish","has-post-thumbnail","hentry"],"aioseo_notices":[],"_links":{"self":[{"href":"https:\/\/www.nocturnus-film.de\/home\/wp-json\/wp\/v2\/pages\/193","targetHints":{"allow":["GET"]}}],"collection":[{"href":"https:\/\/www.nocturnus-film.de\/home\/wp-json\/wp\/v2\/pages"}],"about":[{"href":"https:\/\/www.nocturnus-film.de\/home\/wp-json\/wp\/v2\/types\/page"}],"author":[{"embeddable":true,"href":"https:\/\/www.nocturnus-film.de\/home\/wp-json\/wp\/v2\/users\/1"}],"replies":[{"embeddable":true,"href":"https:\/\/www.nocturnus-film.de\/home\/wp-json\/wp\/v2\/comments?post=193"}],"version-history":[{"count":18,"href":"https:\/\/www.nocturnus-film.de\/home\/wp-json\/wp\/v2\/pages\/193\/revisions"}],"predecessor-version":[{"id":2769,"href":"https:\/\/www.nocturnus-film.de\/home\/wp-json\/wp\/v2\/pages\/193\/revisions\/2769"}],"up":[{"embeddable":true,"href":"https:\/\/www.nocturnus-film.de\/home\/wp-json\/wp\/v2\/pages\/46"}],"wp:featuredmedia":[{"embeddable":true,"href":"https:\/\/www.nocturnus-film.de\/home\/wp-json\/wp\/v2\/media\/2793"}],"wp:attachment":[{"href":"https:\/\/www.nocturnus-film.de\/home\/wp-json\/wp\/v2\/media?parent=193"}],"curies":[{"name":"wp","href":"https:\/\/api.w.org\/{rel}","templated":true}]}}