{"id":1685,"date":"2016-02-07T21:08:46","date_gmt":"2016-02-07T19:08:46","guid":{"rendered":"http:\/\/www.nocturnus-film.de\/home\/?page_id=1685"},"modified":"2025-09-01T20:25:19","modified_gmt":"2025-09-01T18:25:19","slug":"alivingdog","status":"publish","type":"page","link":"https:\/\/www.nocturnus-film.de\/home\/filmprojekte\/alivingdog\/","title":{"rendered":"A Living Dog"},"content":{"rendered":"<p style=\"text-align: left;\"><a href=\"https:\/\/www.nocturnus-film.de\/home\/filmprojekte\/a-living-dog-english\/\" target=\"_blank\" rel=\"noopener noreferrer\"><span style=\"font-family: helvetica, arial, sans-serif;\"><strong>ENGLISH PAGE FOR &#8222;A LIVING DOG&#8220;<\/strong><\/span><\/a><\/p>\n<p style=\"text-align: justify;\"><span style=\"font-family: helvetica, arial, sans-serif;\"><strong>&#8222;A Living Dog&#8220; &#8211; ein Science-Fiction Spielfilm<\/strong>, unser bisher ambitioniertestes Projekt, vollst\u00e4ndig finanziert \u00fcber eine Crowdfunding-Kampagne bei Kickstarter.<\/span><\/p>\n<p style=\"text-align: justify;\"><span style=\"font-family: helvetica, arial, sans-serif;\"><img loading=\"lazy\" decoding=\"async\" class=\"aligncenter size-full wp-image-2628\" src=\"https:\/\/www.nocturnus-film.de\/home\/wp-content\/uploads\/2019\/10\/A-Living-Dog-Poster-Small-RGB.jpg\" alt=\"\" width=\"650\" height=\"918\" srcset=\"https:\/\/www.nocturnus-film.de\/home\/wp-content\/uploads\/2019\/10\/A-Living-Dog-Poster-Small-RGB.jpg 650w, https:\/\/www.nocturnus-film.de\/home\/wp-content\/uploads\/2019\/10\/A-Living-Dog-Poster-Small-RGB-212x300.jpg 212w\" sizes=\"auto, (max-width: 650px) 100vw, 650px\" \/><\/span><\/p>\n<p style=\"text-align: justify;\"><span style=\"font-family: helvetica, arial, sans-serif;\">Im Juni 2016 machten sich Autor und Regisseur <strong>Daniel Raboldt<\/strong> und Produzent und Kameramann <strong>Thorsten Franzen<\/strong> mit einer siebenk\u00f6pfigen Crew auf den Weg nach Lappland, wo in zweiw\u00f6chigen Dreharbeiten der Science-Fiction-Thriller &#8222;A Living Dog&#8220; entstand.<\/span><\/p>\n<figure id=\"attachment_2478\" aria-describedby=\"caption-attachment-2478\" style=\"width: 640px\" class=\"wp-caption aligncenter\"><a href=\"https:\/\/www.flickr.com\/photos\/torivonglory\/albums\/72157672844232750\" target=\"_blank\" rel=\"noopener noreferrer\"><img loading=\"lazy\" decoding=\"async\" class=\"wp-image-2478 size-large\" src=\"https:\/\/www.nocturnus-film.de\/home\/wp-content\/uploads\/2019\/02\/Gruppenbild_mit_Damen_02-1024x738.jpg\" alt=\"\" width=\"640\" height=\"461\" srcset=\"https:\/\/www.nocturnus-film.de\/home\/wp-content\/uploads\/2019\/02\/Gruppenbild_mit_Damen_02-1024x738.jpg 1024w, https:\/\/www.nocturnus-film.de\/home\/wp-content\/uploads\/2019\/02\/Gruppenbild_mit_Damen_02-300x216.jpg 300w, https:\/\/www.nocturnus-film.de\/home\/wp-content\/uploads\/2019\/02\/Gruppenbild_mit_Damen_02-768x554.jpg 768w\" sizes=\"auto, (max-width: 640px) 100vw, 640px\" \/><\/a><figcaption id=\"caption-attachment-2478\" class=\"wp-caption-text\"><span style=\"font-family: helvetica, arial, sans-serif;\">Foto von Pia Raboldt<\/span><\/figcaption><\/figure>\n<p style=\"text-align: justify;\"><span style=\"text-align: justify; font-family: helvetica, arial, sans-serif;\">Teile des Films wurden sp\u00e4ter noch in Deutschland nachgedreht, doch der Hauptteil entstand zur Zeit der Mitternachtssonne, n\u00f6rdlich des Polarkreises im finnischen Luosto und Umgebung. Ein wahnsinniger Kraftakt f\u00fcr eine kleine Independent-Filmcrew aus Deutschland, dem Land der Krimis und Historiendramen&#8230;<\/span><\/p>\n<p style=\"text-align: justify;\"><span style=\"font-family: helvetica, arial, sans-serif;\"><strong>&#8222;A Living Dog&#8220; handelt von den letzten Tagen der Menschheit:<\/strong><\/span><\/p>\n<p style=\"text-align: justify;\"><span style=\"font-family: helvetica, arial, sans-serif;\">Der Krieg zwischen der Menschheit und den von ihr selbst entwickelten autonomen Kampfdrohnen hat begonnen \u2013 und wir verlieren ihn. Jede Kommunikation zwischen Menschen ist unm\u00f6glich, da die Maschinen gelernt haben, auf menschliche Sprachfrequenzen zu reagieren. Und sie entwickeln sich st\u00e4ndig weiter.<\/span><\/p>\n<p style=\"text-align: justify;\"><span style=\"font-family: helvetica, arial, sans-serif;\"><strong>Der Deserteur Tomasz (Stefan Ebel) hat allem falschen Heldentum abgeschworen. Mit einem gestohlenen Fahrzeug flieht er in die Ein\u00f6de der skandinavischen W\u00e4lder, fernab vom Kampfgeschehen. Immer auf der Flucht und immer in Bewegung hofft er, dem Schlimmsten zu entkommen. Doch da trifft er auf die willensstarke russische Widerstandsk\u00e4mpferin Lilja (Siri Nase), die die Hoffnung noch nicht aufgegeben hat.<\/strong><\/span><\/p>\n<p style=\"text-align: justify;\"><span style=\"font-family: helvetica, arial, sans-serif;\"><strong>Mit der Kraft der Verzweiflung verfolgt sie als letzte \u00dcberlebende ihrer Kampfgruppe einen selbstm\u00f6rderischen Plan, um den \u00fcberm\u00e4chtigen Maschinen doch noch eine entscheidende Niederlage beizubringen. Damit jedoch bringt sie nicht nur sich selbst in Gefahr, sondern sie lockt auch die Maschinen auf Tomasz&#8216; F\u00e4hrte.<\/strong><\/span><\/p>\n<p style=\"text-align: center;\"><iframe loading=\"lazy\" src=\"https:\/\/www.youtube.com\/embed\/yUM8t999DGc\" width=\"560\" height=\"315\" frameborder=\"0\" allowfullscreen=\"allowfullscreen\"><\/iframe><\/p>\n<div id='gallery-1' class='gallery galleryid-1685 gallery-columns-3 gallery-size-thumbnail'><figure class='gallery-item'>\n\t\t\t<div class='gallery-icon landscape'>\n\t\t\t\t<a href='https:\/\/www.nocturnus-film.de\/home\/festival-news-zu-a-living-dog\/a-living-dog-still-14\/'><img loading=\"lazy\" decoding=\"async\" width=\"150\" height=\"150\" src=\"https:\/\/www.nocturnus-film.de\/home\/wp-content\/uploads\/2019\/09\/A-Living-Dog-Still-14-150x150.jpg\" class=\"attachment-thumbnail size-thumbnail\" alt=\"\" srcset=\"https:\/\/www.nocturnus-film.de\/home\/wp-content\/uploads\/2019\/09\/A-Living-Dog-Still-14-150x150.jpg 150w, https:\/\/www.nocturnus-film.de\/home\/wp-content\/uploads\/2019\/09\/A-Living-Dog-Still-14-60x60.jpg 60w\" sizes=\"auto, (max-width: 150px) 100vw, 150px\" \/><\/a>\n\t\t\t<\/div><\/figure><figure class='gallery-item'>\n\t\t\t<div class='gallery-icon landscape'>\n\t\t\t\t<a href='https:\/\/www.nocturnus-film.de\/home\/filmprojekte\/alivingdog\/a-living-dog-still-21\/'><img loading=\"lazy\" decoding=\"async\" width=\"150\" height=\"150\" src=\"https:\/\/www.nocturnus-film.de\/home\/wp-content\/uploads\/2019\/10\/A-Living-Dog-Still-21-150x150.jpg\" class=\"attachment-thumbnail size-thumbnail\" alt=\"\" srcset=\"https:\/\/www.nocturnus-film.de\/home\/wp-content\/uploads\/2019\/10\/A-Living-Dog-Still-21-150x150.jpg 150w, https:\/\/www.nocturnus-film.de\/home\/wp-content\/uploads\/2019\/10\/A-Living-Dog-Still-21-60x60.jpg 60w\" sizes=\"auto, (max-width: 150px) 100vw, 150px\" \/><\/a>\n\t\t\t<\/div><\/figure><figure class='gallery-item'>\n\t\t\t<div class='gallery-icon landscape'>\n\t\t\t\t<a href='https:\/\/www.nocturnus-film.de\/home\/a-living-dog-the-dark-night-rises\/a-living-dog-stefan-01\/'><img loading=\"lazy\" decoding=\"async\" width=\"150\" height=\"150\" src=\"https:\/\/www.nocturnus-film.de\/home\/wp-content\/uploads\/2016\/12\/A-living-dog-Stefan-01-150x150.jpg\" class=\"attachment-thumbnail size-thumbnail\" alt=\"\" srcset=\"https:\/\/www.nocturnus-film.de\/home\/wp-content\/uploads\/2016\/12\/A-living-dog-Stefan-01-150x150.jpg 150w, https:\/\/www.nocturnus-film.de\/home\/wp-content\/uploads\/2016\/12\/A-living-dog-Stefan-01-60x60.jpg 60w\" sizes=\"auto, (max-width: 150px) 100vw, 150px\" \/><\/a>\n\t\t\t<\/div><\/figure><figure class='gallery-item'>\n\t\t\t<div class='gallery-icon landscape'>\n\t\t\t\t<a href='https:\/\/www.nocturnus-film.de\/home\/filmprojekte\/alivingdog\/a-living-dog-still-03\/'><img loading=\"lazy\" decoding=\"async\" width=\"150\" height=\"150\" src=\"https:\/\/www.nocturnus-film.de\/home\/wp-content\/uploads\/2019\/10\/A-Living-Dog-Still-03-150x150.jpg\" class=\"attachment-thumbnail size-thumbnail\" alt=\"\" srcset=\"https:\/\/www.nocturnus-film.de\/home\/wp-content\/uploads\/2019\/10\/A-Living-Dog-Still-03-150x150.jpg 150w, https:\/\/www.nocturnus-film.de\/home\/wp-content\/uploads\/2019\/10\/A-Living-Dog-Still-03-60x60.jpg 60w\" sizes=\"auto, (max-width: 150px) 100vw, 150px\" \/><\/a>\n\t\t\t<\/div><\/figure><figure class='gallery-item'>\n\t\t\t<div class='gallery-icon landscape'>\n\t\t\t\t<a href='https:\/\/www.nocturnus-film.de\/home\/festival-news-zu-a-living-dog\/a-living-dog-still-17\/'><img loading=\"lazy\" decoding=\"async\" width=\"150\" height=\"150\" src=\"https:\/\/www.nocturnus-film.de\/home\/wp-content\/uploads\/2019\/09\/A-Living-Dog-Still-17-150x150.jpg\" class=\"attachment-thumbnail size-thumbnail\" alt=\"\" srcset=\"https:\/\/www.nocturnus-film.de\/home\/wp-content\/uploads\/2019\/09\/A-Living-Dog-Still-17-150x150.jpg 150w, https:\/\/www.nocturnus-film.de\/home\/wp-content\/uploads\/2019\/09\/A-Living-Dog-Still-17-60x60.jpg 60w\" sizes=\"auto, (max-width: 150px) 100vw, 150px\" \/><\/a>\n\t\t\t<\/div><\/figure><figure class='gallery-item'>\n\t\t\t<div class='gallery-icon landscape'>\n\t\t\t\t<a href='https:\/\/www.nocturnus-film.de\/home\/a-living-dog-sahnt-seinen-ersten-preis-ab\/a-living-dog-still-18\/'><img loading=\"lazy\" decoding=\"async\" width=\"150\" height=\"150\" src=\"https:\/\/www.nocturnus-film.de\/home\/wp-content\/uploads\/2019\/09\/A-Living-Dog-Still-18-150x150.jpg\" class=\"attachment-thumbnail size-thumbnail\" alt=\"\" srcset=\"https:\/\/www.nocturnus-film.de\/home\/wp-content\/uploads\/2019\/09\/A-Living-Dog-Still-18-150x150.jpg 150w, https:\/\/www.nocturnus-film.de\/home\/wp-content\/uploads\/2019\/09\/A-Living-Dog-Still-18-60x60.jpg 60w\" sizes=\"auto, (max-width: 150px) 100vw, 150px\" \/><\/a>\n\t\t\t<\/div><\/figure><figure class='gallery-item'>\n\t\t\t<div class='gallery-icon landscape'>\n\t\t\t\t<a href='https:\/\/www.nocturnus-film.de\/home\/interview-mit-dem-scifi-film-festival-sydney\/a-living-dog-still-13-klein\/'><img loading=\"lazy\" decoding=\"async\" width=\"150\" height=\"150\" src=\"https:\/\/www.nocturnus-film.de\/home\/wp-content\/uploads\/2019\/08\/A-Living-Dog-Still-13-klein-150x150.jpg\" class=\"attachment-thumbnail size-thumbnail\" alt=\"Siri Nase\" srcset=\"https:\/\/www.nocturnus-film.de\/home\/wp-content\/uploads\/2019\/08\/A-Living-Dog-Still-13-klein-150x150.jpg 150w, https:\/\/www.nocturnus-film.de\/home\/wp-content\/uploads\/2019\/08\/A-Living-Dog-Still-13-klein-60x60.jpg 60w\" sizes=\"auto, (max-width: 150px) 100vw, 150px\" \/><\/a>\n\t\t\t<\/div><\/figure><figure class='gallery-item'>\n\t\t\t<div class='gallery-icon landscape'>\n\t\t\t\t<a href='https:\/\/www.nocturnus-film.de\/home\/das-dunkle-im-innern-drehbericht\/tomasz-stefan-ebel-a-living-dog-klein\/'><img loading=\"lazy\" decoding=\"async\" width=\"150\" height=\"150\" src=\"https:\/\/www.nocturnus-film.de\/home\/wp-content\/uploads\/2016\/12\/Tomasz-Stefan-Ebel-A-living-dog-klein-150x150.jpg\" class=\"attachment-thumbnail size-thumbnail\" alt=\"\" srcset=\"https:\/\/www.nocturnus-film.de\/home\/wp-content\/uploads\/2016\/12\/Tomasz-Stefan-Ebel-A-living-dog-klein-150x150.jpg 150w, https:\/\/www.nocturnus-film.de\/home\/wp-content\/uploads\/2016\/12\/Tomasz-Stefan-Ebel-A-living-dog-klein-60x60.jpg 60w\" sizes=\"auto, (max-width: 150px) 100vw, 150px\" \/><\/a>\n\t\t\t<\/div><\/figure><figure class='gallery-item'>\n\t\t\t<div class='gallery-icon landscape'>\n\t\t\t\t<a href='https:\/\/www.nocturnus-film.de\/home\/ein-lebendiger-hund-am-set-von-a-living-dog\/siri-nase-a-living-dog-02\/'><img loading=\"lazy\" decoding=\"async\" width=\"150\" height=\"150\" src=\"https:\/\/www.nocturnus-film.de\/home\/wp-content\/uploads\/2016\/11\/Siri-Nase-A-living-dog-02-150x150.jpg\" class=\"attachment-thumbnail size-thumbnail\" alt=\"\" srcset=\"https:\/\/www.nocturnus-film.de\/home\/wp-content\/uploads\/2016\/11\/Siri-Nase-A-living-dog-02-150x150.jpg 150w, https:\/\/www.nocturnus-film.de\/home\/wp-content\/uploads\/2016\/11\/Siri-Nase-A-living-dog-02-60x60.jpg 60w\" sizes=\"auto, (max-width: 150px) 100vw, 150px\" \/><\/a>\n\t\t\t<\/div><\/figure><figure class='gallery-item'>\n\t\t\t<div class='gallery-icon landscape'>\n\t\t\t\t<a href='https:\/\/www.nocturnus-film.de\/home\/a-living-dog-und-das-berlin-scifi-filmfest\/a-living-dog-drone-02\/'><img loading=\"lazy\" decoding=\"async\" width=\"150\" height=\"150\" src=\"https:\/\/www.nocturnus-film.de\/home\/wp-content\/uploads\/2018\/09\/A-living-Dog-Drone-02-150x150.jpg\" class=\"attachment-thumbnail size-thumbnail\" alt=\"\" srcset=\"https:\/\/www.nocturnus-film.de\/home\/wp-content\/uploads\/2018\/09\/A-living-Dog-Drone-02-150x150.jpg 150w, https:\/\/www.nocturnus-film.de\/home\/wp-content\/uploads\/2018\/09\/A-living-Dog-Drone-02-60x60.jpg 60w\" sizes=\"auto, (max-width: 150px) 100vw, 150px\" \/><\/a>\n\t\t\t<\/div><\/figure><figure class='gallery-item'>\n\t\t\t<div class='gallery-icon landscape'>\n\t\t\t\t<a href='https:\/\/www.nocturnus-film.de\/home\/filmprojekte\/alivingdog\/a-living-dog-character-design\/'><img loading=\"lazy\" decoding=\"async\" width=\"150\" height=\"150\" src=\"https:\/\/www.nocturnus-film.de\/home\/wp-content\/uploads\/2019\/02\/A-Living-Dog-Character-Design-150x150.jpg\" class=\"attachment-thumbnail size-thumbnail\" alt=\"\" srcset=\"https:\/\/www.nocturnus-film.de\/home\/wp-content\/uploads\/2019\/02\/A-Living-Dog-Character-Design-150x150.jpg 150w, https:\/\/www.nocturnus-film.de\/home\/wp-content\/uploads\/2019\/02\/A-Living-Dog-Character-Design-60x60.jpg 60w\" sizes=\"auto, (max-width: 150px) 100vw, 150px\" \/><\/a>\n\t\t\t<\/div><\/figure><figure class='gallery-item'>\n\t\t\t<div class='gallery-icon landscape'>\n\t\t\t\t<a href='https:\/\/www.nocturnus-film.de\/home\/filmprojekte\/alivingdog\/a-living-dog-design-walker-02\/'><img loading=\"lazy\" decoding=\"async\" width=\"150\" height=\"150\" src=\"https:\/\/www.nocturnus-film.de\/home\/wp-content\/uploads\/2019\/10\/A-Living-Dog-Design-Walker-02-150x150.jpg\" class=\"attachment-thumbnail size-thumbnail\" alt=\"\" srcset=\"https:\/\/www.nocturnus-film.de\/home\/wp-content\/uploads\/2019\/10\/A-Living-Dog-Design-Walker-02-150x150.jpg 150w, https:\/\/www.nocturnus-film.de\/home\/wp-content\/uploads\/2019\/10\/A-Living-Dog-Design-Walker-02-60x60.jpg 60w\" sizes=\"auto, (max-width: 150px) 100vw, 150px\" \/><\/a>\n\t\t\t<\/div><\/figure>\n\t\t<\/div>\n\n<p style=\"text-align: justify;\"><span style=\"font-family: helvetica, arial, sans-serif;\">Der Film feierte am <strong>7. September 2019 seine Weltpremiere<\/strong> auf dem SciFi Filmfest in Sydney, Australien. Seitdem ist er weltweit auf mehreren Festivals gelaufen und konnte auch bereits mehrere Preise ergattern, z.B. den<strong> Georges-M\u00e9li\u00e8s-Award f\u00fcr die besten Spezialeffekte<\/strong> in Sydney oder auch den Preis f\u00fcr den <strong>Besten SciFi Film 2019<\/strong> in London. Beim Berlin Sci-Fi Filmfest, unserer deutschen Urauff\u00fchrung erhielten wir den Preis f\u00fcr die <strong>Beste Kamera<\/strong> und eine Nominierung als <strong>Outstanding German Contribution<\/strong>. In Bogot\u00e1, Kolumbien wurden wir au\u00dferdem als <strong>Bester SciFi Feature Film<\/strong> und f\u00fcr das <strong>Beste Sounddesign<\/strong> nominiert.<\/span><\/p>\n<p style=\"text-align: justify;\"><span style=\"font-family: helvetica, arial, sans-serif;\">Alle News-Beitr\u00e4ge zum Thema: <a href=\"https:\/\/www.nocturnus-film.de\/home\/category\/a-living-dog\/\">&#8222;A Living Dog&#8220;<\/a>.<\/span><\/p>\n<p><strong><span style=\"font-family: helvetica, arial, sans-serif;\">Kontakt f\u00fcr Vertriebe ist sales[et]alivingdog.de<\/span><\/strong><\/p>\n","protected":false},"excerpt":{"rendered":"<p>&#8222;A Living dog&#8220; &#8211; Ein Spielfilmprojekt von Daniel Raboldt und Thorsten Franzen<\/p>\n","protected":false},"author":1,"featured_media":2762,"parent":46,"menu_order":1,"comment_status":"closed","ping_status":"closed","template":"","meta":{"footnotes":""},"class_list":["post-1685","page","type-page","status-publish","has-post-thumbnail","hentry"],"aioseo_notices":[],"_links":{"self":[{"href":"https:\/\/www.nocturnus-film.de\/home\/wp-json\/wp\/v2\/pages\/1685","targetHints":{"allow":["GET"]}}],"collection":[{"href":"https:\/\/www.nocturnus-film.de\/home\/wp-json\/wp\/v2\/pages"}],"about":[{"href":"https:\/\/www.nocturnus-film.de\/home\/wp-json\/wp\/v2\/types\/page"}],"author":[{"embeddable":true,"href":"https:\/\/www.nocturnus-film.de\/home\/wp-json\/wp\/v2\/users\/1"}],"replies":[{"embeddable":true,"href":"https:\/\/www.nocturnus-film.de\/home\/wp-json\/wp\/v2\/comments?post=1685"}],"version-history":[{"count":53,"href":"https:\/\/www.nocturnus-film.de\/home\/wp-json\/wp\/v2\/pages\/1685\/revisions"}],"predecessor-version":[{"id":3608,"href":"https:\/\/www.nocturnus-film.de\/home\/wp-json\/wp\/v2\/pages\/1685\/revisions\/3608"}],"up":[{"embeddable":true,"href":"https:\/\/www.nocturnus-film.de\/home\/wp-json\/wp\/v2\/pages\/46"}],"wp:featuredmedia":[{"embeddable":true,"href":"https:\/\/www.nocturnus-film.de\/home\/wp-json\/wp\/v2\/media\/2762"}],"wp:attachment":[{"href":"https:\/\/www.nocturnus-film.de\/home\/wp-json\/wp\/v2\/media?parent=1685"}],"curies":[{"name":"wp","href":"https:\/\/api.w.org\/{rel}","templated":true}]}}