{"id":1610,"date":"2015-08-31T11:43:58","date_gmt":"2015-08-31T09:43:58","guid":{"rendered":"http:\/\/www.nocturnus-film.de\/home\/?page_id=1610"},"modified":"2018-05-01T13:10:19","modified_gmt":"2018-05-01T11:10:19","slug":"die-molekularbiologin","status":"publish","type":"page","link":"https:\/\/www.nocturnus-film.de\/home\/filmprojekte\/die-molekularbiologin\/","title":{"rendered":"Die Molekularbiologin"},"content":{"rendered":"<ul>\n<li>Deutschland, 2015<\/li>\n<li>Genre: Science Fiction \/ Kom\u00f6die<\/li>\n<li>L\u00e4nge: ca. 5 min.<\/li>\n<li>Label: G.I.-Productions \/ Nocturnus Film<\/li>\n<\/ul>\n<p style=\"text-align: justify;\">Im August 2015 haben wir wieder einmal versucht, unser K\u00f6nnen beim 48-Stunden Festival in Leverkusen, dem 2880 Grandprix du film de NRW unter Beweis zu stellen.\u00a0Leider sind wir gnadenlos gescheitert \ud83d\ude09<\/p>\n<p style=\"text-align: justify;\">Wir haben die Abgabefrist um ganze zwei Stunden verpasst. W\u00e4re es ein 50-Stunden-Filmfestival, w\u00e4ren wir sicher ganz weit vorn gelandet. Der Film, der dabei entstanden ist, ist n\u00e4mlich recht cool geworden.<\/p>\n<h5 style=\"text-align: justify;\">Story<\/h5>\n<p style=\"text-align: justify;\">Das kleine Molek\u00fcl Anton ist sich sicher, dass seiner Welt eine gro\u00dfe Gefahr droht. Denn im Traum hatte er eine Vision von einem gro\u00dfen Auge, das ihn und seine Freunde wie durch ein riesiges Okular beobachtet. Doch als er seine Leute warnen will, spielen die ihm \u00fcbel mit. Ganz auf sich allein gestellt muss Anton sich auf eine gef\u00e4hrliche Reise begeben, um seinem Gott, der &#8222;Molekularbiologin&#8220; ins Auge zu sehen&#8230;<\/p>\n<h5>Cast und Crew<\/h5>\n<ul>\n<li><strong>Drehbuch und Regie<\/strong>: Daniel Raboldt<\/li>\n<li><strong>Produktion<\/strong>: Axel Ricke, Maik Evers, Daniel Raboldt<\/li>\n<li><strong>Kamera<\/strong>: Axel Ricke<\/li>\n<li><strong>Musik<\/strong>: Benjamin Garcia<\/li>\n<li><strong>Compositing \/ VFX-Artists<\/strong>: Daniel Raboldt, Henning Ricke, Niko Junge<\/li>\n<li><strong>Darsteller<\/strong>: Maik Evers, Axel Ricke, Daniel Raboldt<\/li>\n<\/ul>\n<p style=\"text-align: center;\"><iframe loading=\"lazy\" src=\"https:\/\/www.youtube.com\/embed\/7C0HSWLVweY\" width=\"640\" height=\"360\" frameborder=\"0\" allowfullscreen=\"allowfullscreen\"><\/iframe><\/p>\n","protected":false},"excerpt":{"rendered":"<p>Deutschland, 2015 Genre: Science Fiction \/ Kom\u00f6die L\u00e4nge: ca. 5 min. Label: G.I.-Productions \/ Nocturnus Film Im August 2015 haben wir wieder einmal versucht, unser K\u00f6nnen beim 48-Stunden Festival in Leverkusen, dem 2880 Grandprix du film de NRW unter Beweis zu stellen.\u00a0Leider sind wir gnadenlos gescheitert \ud83d\ude09 Wir haben die Abgabefrist um ganze zwei Stunden&#8230;<\/p>\n","protected":false},"author":1,"featured_media":1611,"parent":46,"menu_order":3,"comment_status":"closed","ping_status":"closed","template":"","meta":{"footnotes":""},"class_list":["post-1610","page","type-page","status-publish","has-post-thumbnail","hentry"],"aioseo_notices":[],"_links":{"self":[{"href":"https:\/\/www.nocturnus-film.de\/home\/wp-json\/wp\/v2\/pages\/1610","targetHints":{"allow":["GET"]}}],"collection":[{"href":"https:\/\/www.nocturnus-film.de\/home\/wp-json\/wp\/v2\/pages"}],"about":[{"href":"https:\/\/www.nocturnus-film.de\/home\/wp-json\/wp\/v2\/types\/page"}],"author":[{"embeddable":true,"href":"https:\/\/www.nocturnus-film.de\/home\/wp-json\/wp\/v2\/users\/1"}],"replies":[{"embeddable":true,"href":"https:\/\/www.nocturnus-film.de\/home\/wp-json\/wp\/v2\/comments?post=1610"}],"version-history":[{"count":17,"href":"https:\/\/www.nocturnus-film.de\/home\/wp-json\/wp\/v2\/pages\/1610\/revisions"}],"predecessor-version":[{"id":1767,"href":"https:\/\/www.nocturnus-film.de\/home\/wp-json\/wp\/v2\/pages\/1610\/revisions\/1767"}],"up":[{"embeddable":true,"href":"https:\/\/www.nocturnus-film.de\/home\/wp-json\/wp\/v2\/pages\/46"}],"wp:featuredmedia":[{"embeddable":true,"href":"https:\/\/www.nocturnus-film.de\/home\/wp-json\/wp\/v2\/media\/1611"}],"wp:attachment":[{"href":"https:\/\/www.nocturnus-film.de\/home\/wp-json\/wp\/v2\/media?parent=1610"}],"curies":[{"name":"wp","href":"https:\/\/api.w.org\/{rel}","templated":true}]}}