{"id":161,"date":"2009-09-28T06:22:48","date_gmt":"2009-09-28T04:22:48","guid":{"rendered":"http:\/\/www.nocturnus-film.de\/home\/?page_id=161"},"modified":"2023-09-05T23:23:35","modified_gmt":"2023-09-05T21:23:35","slug":"gruppentherapie","status":"publish","type":"page","link":"https:\/\/www.nocturnus-film.de\/home\/filmprojekte\/archiv\/gruppentherapie\/","title":{"rendered":"Gruppentherapie"},"content":{"rendered":"<div>\n<ul>\n<li><span style=\"font-size: 14pt;\">Deutschland, 2007<strong><br \/>\n<\/strong><\/span><\/li>\n<li><span style=\"font-size: 14pt;\">Genre: Krimi \/ Farce<\/span><\/li>\n<li><span style=\"font-size: 14pt;\">L\u00e4nge: 5 min.<\/span><\/li>\n<li><span style=\"font-size: 14pt;\">Label: G.I.-Productions<\/span><\/li>\n<\/ul>\n<p style=\"text-align: justify;\"><span style=\"font-size: 14pt;\">Dank der Unterst\u00fctzung von Arne Ahrens, dem Besitzer des (mittlerweile leider nicht mehr existierenden) <strong><a title=\"Das Caf\u00e9 Duddel in K\u00f6ln\" href=\"http:\/\/www.solana-theater.de\/duddel.html\" target=\"_blank\" rel=\"noopener\">Caf\u00e9 Duddel<\/a> in K\u00f6ln,<\/strong> konnten wir einen ganzen Tag lang den Caf\u00e9betrieb sperren, um dieses kleine Werk f\u00fcr das <a href=\"https:\/\/2880filmfestival.de\/\" target=\"_blank\" rel=\"noopener\"><strong>2880 &#8211; Grandprix du film de NRW Festival<\/strong><\/a> zu drehen, das immerhin den zehnten Platz machte.<\/span><\/p>\n<h5 style=\"text-align: justify;\"><span style=\"font-size: 14pt;\">Story<\/span><\/h5>\n<p style=\"text-align: justify;\"><span style=\"font-size: 14pt;\">Zwei Polizisten verfolgen eine Bankr\u00e4uberin, die sich mit dem Geld in eine Therapiesitzung fl\u00fcchtet. Die Beamten sind jedoch schnell mit der Situation und dem sofort ausbrechenden Chaos \u00fcberfordert, denn das hier ist keine normale Gruppentherapie&#8230;<\/span><\/p>\n<h5 style=\"text-align: justify;\"><span style=\"font-size: 14pt;\">Cast und Crew<\/span><\/h5>\n<ul>\n<li><span style=\"font-size: 14pt;\">Produktion, Kamera, Schnitt und Regie: Daniel Raboldt<\/span><\/li>\n<li><span style=\"font-size: 14pt;\">Drehbuch: Boris Siuda, Maik Evers, Axel Ricke, Christopher Pott, Daniel Raboldt<\/span><\/li>\n<li><span style=\"font-size: 14pt;\">Musik: Xaver R\u00f6mer<\/span><\/li>\n<li><span style=\"font-size: 14pt;\">Ton: Christopher Pott<\/span><\/li>\n<li><span style=\"font-size: 14pt;\">Darsteller: Maik Evers, Boris Siuda, Joseph Vicaire, Ina Munder, Sheila Kowalke, Gerd Buurmann, Isabelle Sch\u00e4fer, Julia Mota Carvalho<\/span><\/li>\n<\/ul>\n<p>&nbsp;<\/p>\n<\/div>\n<p><span style=\"font-size: 14pt;\"><object width=\"660\" height=\"525\" classid=\"clsid:d27cdb6e-ae6d-11cf-96b8-444553540000\" codebase=\"http:\/\/download.macromedia.com\/pub\/shockwave\/cabs\/flash\/swflash.cab#version=6,0,40,0\"><param name=\"allowFullScreen\" value=\"true\" \/><param name=\"allowscriptaccess\" value=\"always\" \/><param name=\"src\" value=\"http:\/\/www.youtube.com\/v\/A1TyUkuTFmo&amp;hl=de&amp;fs=1&amp;color1=0x3a3a3a&amp;color2=0x999999&amp;border=1\" \/><param name=\"allowfullscreen\" value=\"true\" \/><embed width=\"660\" height=\"525\" type=\"application\/x-shockwave-flash\" src=\"http:\/\/www.youtube.com\/v\/A1TyUkuTFmo&amp;hl=de&amp;fs=1&amp;color1=0x3a3a3a&amp;color2=0x999999&amp;border=1\" allowfullscreen=\"allowfullscreen\" allowscriptaccess=\"always\" allowfullscreen=\"allowfullscreen\" \/><\/object><\/span><br \/>\n<span style=\"font-size: 14pt;\"><img loading=\"lazy\" decoding=\"async\" class=\"alignleft size-full wp-image-438\" title=\"Daniel Raboldt\" src=\"https:\/\/www.nocturnus-film.de\/home\/wp-content\/uploads\/2009\/09\/19.jpg\" alt=\"Foto von Maik Evers\" width=\"330\" height=\"264\" srcset=\"https:\/\/www.nocturnus-film.de\/home\/wp-content\/uploads\/2009\/09\/19.jpg 330w, https:\/\/www.nocturnus-film.de\/home\/wp-content\/uploads\/2009\/09\/19-300x240.jpg 300w\" sizes=\"auto, (max-width: 330px) 100vw, 330px\" \/><img loading=\"lazy\" decoding=\"async\" class=\"alignleft size-full wp-image-439\" title=\"Darstellerinnen bei Gruppentherapie\" src=\"https:\/\/www.nocturnus-film.de\/home\/wp-content\/uploads\/2009\/09\/27.jpg\" alt=\"Foto von Maik Evers\" width=\"330\" height=\"264\" srcset=\"https:\/\/www.nocturnus-film.de\/home\/wp-content\/uploads\/2009\/09\/27.jpg 330w, https:\/\/www.nocturnus-film.de\/home\/wp-content\/uploads\/2009\/09\/27-300x240.jpg 300w\" sizes=\"auto, (max-width: 330px) 100vw, 330px\" \/><img loading=\"lazy\" decoding=\"async\" class=\"alignleft size-full wp-image-440\" title=\"Daniel Raboldt\" src=\"https:\/\/www.nocturnus-film.de\/home\/wp-content\/uploads\/2009\/09\/35.jpg\" alt=\"Foto von Maik Evers\" width=\"330\" height=\"264\" srcset=\"https:\/\/www.nocturnus-film.de\/home\/wp-content\/uploads\/2009\/09\/35.jpg 330w, https:\/\/www.nocturnus-film.de\/home\/wp-content\/uploads\/2009\/09\/35-300x240.jpg 300w\" sizes=\"auto, (max-width: 330px) 100vw, 330px\" \/><img loading=\"lazy\" decoding=\"async\" class=\"alignleft size-full wp-image-441\" title=\"Xaver R\u00f6mer\" src=\"https:\/\/www.nocturnus-film.de\/home\/wp-content\/uploads\/2009\/09\/47.jpg\" alt=\"Foto von Maik Evers\" width=\"330\" height=\"264\" srcset=\"https:\/\/www.nocturnus-film.de\/home\/wp-content\/uploads\/2009\/09\/47.jpg 330w, https:\/\/www.nocturnus-film.de\/home\/wp-content\/uploads\/2009\/09\/47-300x240.jpg 300w\" sizes=\"auto, (max-width: 330px) 100vw, 330px\" \/><img loading=\"lazy\" decoding=\"async\" class=\"alignleft size-full wp-image-442\" title=\"Boris Siuda\" src=\"https:\/\/www.nocturnus-film.de\/home\/wp-content\/uploads\/2009\/09\/55.jpg\" alt=\"Foto von Maik Evers\" width=\"330\" height=\"264\" srcset=\"https:\/\/www.nocturnus-film.de\/home\/wp-content\/uploads\/2009\/09\/55.jpg 330w, https:\/\/www.nocturnus-film.de\/home\/wp-content\/uploads\/2009\/09\/55-300x240.jpg 300w\" sizes=\"auto, (max-width: 330px) 100vw, 330px\" \/><img loading=\"lazy\" decoding=\"async\" class=\"alignleft size-full wp-image-443\" title=\"Gerd Buurmann und Joseph Vicaire\" src=\"https:\/\/www.nocturnus-film.de\/home\/wp-content\/uploads\/2009\/09\/64.jpg\" alt=\"Foto von Maik Evers\" width=\"330\" height=\"264\" srcset=\"https:\/\/www.nocturnus-film.de\/home\/wp-content\/uploads\/2009\/09\/64.jpg 330w, https:\/\/www.nocturnus-film.de\/home\/wp-content\/uploads\/2009\/09\/64-300x240.jpg 300w\" sizes=\"auto, (max-width: 330px) 100vw, 330px\" \/><img loading=\"lazy\" decoding=\"async\" class=\"alignleft size-full wp-image-451\" title=\"Am Set von Gruppentherapie\" src=\"https:\/\/www.nocturnus-film.de\/home\/wp-content\/uploads\/2009\/09\/72.jpg\" alt=\"Foto von Maik Evers\" width=\"330\" height=\"220\" srcset=\"https:\/\/www.nocturnus-film.de\/home\/wp-content\/uploads\/2009\/09\/72.jpg 330w, https:\/\/www.nocturnus-film.de\/home\/wp-content\/uploads\/2009\/09\/72-300x200.jpg 300w\" sizes=\"auto, (max-width: 330px) 100vw, 330px\" \/><img loading=\"lazy\" decoding=\"async\" class=\"alignleft size-full wp-image-452\" title=\"Boris Siuda und Maik Evers\" src=\"https:\/\/www.nocturnus-film.de\/home\/wp-content\/uploads\/2009\/09\/82.jpg\" alt=\"Foto von Daniel Raboldt\" width=\"330\" height=\"220\" srcset=\"https:\/\/www.nocturnus-film.de\/home\/wp-content\/uploads\/2009\/09\/82.jpg 330w, https:\/\/www.nocturnus-film.de\/home\/wp-content\/uploads\/2009\/09\/82-300x200.jpg 300w\" sizes=\"auto, (max-width: 330px) 100vw, 330px\" \/><\/span><\/p>\n<p><span style=\"font-size: 14pt;\">Fotos von Maik Evers<\/span><\/p>\n","protected":false},"excerpt":{"rendered":"<p>Deutschland, 2007 Genre: Krimi \/ Farce L\u00e4nge: 5 min. Label: G.I.-Productions Dank der Unterst\u00fctzung von Arne Ahrens, dem Besitzer des (mittlerweile leider nicht mehr existierenden) Caf\u00e9 Duddel in K\u00f6ln, konnten wir einen ganzen Tag lang den Caf\u00e9betrieb sperren, um dieses kleine Werk f\u00fcr das 2880 &#8211; Grandprix du film de NRW Festival zu drehen, das&#8230;<\/p>\n","protected":false},"author":1,"featured_media":450,"parent":2406,"menu_order":15,"comment_status":"closed","ping_status":"closed","template":"","meta":{"footnotes":""},"class_list":["post-161","page","type-page","status-publish","has-post-thumbnail","hentry"],"aioseo_notices":[],"_links":{"self":[{"href":"https:\/\/www.nocturnus-film.de\/home\/wp-json\/wp\/v2\/pages\/161","targetHints":{"allow":["GET"]}}],"collection":[{"href":"https:\/\/www.nocturnus-film.de\/home\/wp-json\/wp\/v2\/pages"}],"about":[{"href":"https:\/\/www.nocturnus-film.de\/home\/wp-json\/wp\/v2\/types\/page"}],"author":[{"embeddable":true,"href":"https:\/\/www.nocturnus-film.de\/home\/wp-json\/wp\/v2\/users\/1"}],"replies":[{"embeddable":true,"href":"https:\/\/www.nocturnus-film.de\/home\/wp-json\/wp\/v2\/comments?post=161"}],"version-history":[{"count":22,"href":"https:\/\/www.nocturnus-film.de\/home\/wp-json\/wp\/v2\/pages\/161\/revisions"}],"predecessor-version":[{"id":3300,"href":"https:\/\/www.nocturnus-film.de\/home\/wp-json\/wp\/v2\/pages\/161\/revisions\/3300"}],"up":[{"embeddable":true,"href":"https:\/\/www.nocturnus-film.de\/home\/wp-json\/wp\/v2\/pages\/2406"}],"wp:featuredmedia":[{"embeddable":true,"href":"https:\/\/www.nocturnus-film.de\/home\/wp-json\/wp\/v2\/media\/450"}],"wp:attachment":[{"href":"https:\/\/www.nocturnus-film.de\/home\/wp-json\/wp\/v2\/media?parent=161"}],"curies":[{"name":"wp","href":"https:\/\/api.w.org\/{rel}","templated":true}]}}