{"id":141,"date":"2009-09-28T05:18:04","date_gmt":"2009-09-28T03:18:04","guid":{"rendered":"http:\/\/www.nocturnus-film.de\/home\/?page_id=141"},"modified":"2018-05-01T13:10:42","modified_gmt":"2018-05-01T11:10:42","slug":"sein-letzter-zug","status":"publish","type":"page","link":"https:\/\/www.nocturnus-film.de\/home\/filmprojekte\/sein-letzter-zug\/","title":{"rendered":"Sein letzter Zug"},"content":{"rendered":"<div>\n<ul>\n<li>Titel: <strong>Sein letzter Zug<img loading=\"lazy\" decoding=\"async\" class=\"alignright size-full wp-image-431\" title=\"Titel\" alt=\"Titel\" src=\"https:\/\/www.nocturnus-film.de\/home\/wp-content\/uploads\/2009\/09\/Titel3.jpg\" width=\"250\" height=\"171\" \/><\/strong><\/li>\n<li>Genre: Film Noir<\/li>\n<li>L\u00e4nge: 9 min.<\/li>\n<li>Label: G.I.-Productions<\/li>\n<\/ul>\n<p style=\"text-align: justify;\">Dieser satirische Film Noir war unser zweiter Film f\u00fcr das 2880 &#8211; Grandprix du film de NRW Festival. Wie auch schon &#8222;Warum?&#8220; 2004 schaffte dieser Film, der beim Festival in einer stark gek\u00fcrzten Fassung unter dem Titel &#8222;Alles mal anders machen&#8220; eingereicht wurde, den zweiten Platz im Finale.<\/p>\n<p style=\"text-align: justify;\"><span>Ein Film Noir \u00fcber einen Detektiv, der einer finsteren Verschw\u00f6rung auf die Spur kommt, dabei jedoch einige Hindernisse zu \u00fcberwinden hat, wie z.B. ein echt gef\u00e4hrliches Treppenhaus und die unvermeidliche Femme Fatale&#8230;<\/span><\/p>\n<ul>\n<li>Drehbuch, Produktion und Regie: Daniel Raboldt<\/li>\n<li>Drehbuch, Kamera und Schnitt: Boris Siuda<\/li>\n<li>Ton: Christopher Pott<\/li>\n<li>Darsteller: Christian Cadenbach, Christopher Pott, Maik Evers, Gerd Buurmann, Boris Siuda, Caro Walter<\/li>\n<\/ul>\n<\/div>\n<div>\n<p><object width=\"660\" height=\"525\" classid=\"clsid:d27cdb6e-ae6d-11cf-96b8-444553540000\" codebase=\"http:\/\/download.macromedia.com\/pub\/shockwave\/cabs\/flash\/swflash.cab#version=6,0,40,0\"><param name=\"allowFullScreen\" value=\"true\" \/><param name=\"allowscriptaccess\" value=\"always\" \/><param name=\"src\" value=\"http:\/\/www.youtube.com\/v\/hZOhjsEtv1A&amp;hl=de&amp;fs=1&amp;color1=0x3a3a3a&amp;color2=0x999999&amp;border=1\" \/><param name=\"allowfullscreen\" value=\"true\" \/><embed width=\"660\" height=\"525\" type=\"application\/x-shockwave-flash\" src=\"http:\/\/www.youtube.com\/v\/hZOhjsEtv1A&amp;hl=de&amp;fs=1&amp;color1=0x3a3a3a&amp;color2=0x999999&amp;border=1\" allowFullScreen=\"true\" allowscriptaccess=\"always\" allowfullscreen=\"true\" \/><\/object><\/p>\n<p><img loading=\"lazy\" decoding=\"async\" class=\"alignleft size-full wp-image-423\" title=\"1\" alt=\"1\" src=\"https:\/\/www.nocturnus-film.de\/home\/wp-content\/uploads\/2009\/09\/18.jpg\" width=\"330\" height=\"264\" srcset=\"https:\/\/www.nocturnus-film.de\/home\/wp-content\/uploads\/2009\/09\/18.jpg 330w, https:\/\/www.nocturnus-film.de\/home\/wp-content\/uploads\/2009\/09\/18-300x240.jpg 300w\" sizes=\"auto, (max-width: 330px) 100vw, 330px\" \/><img loading=\"lazy\" decoding=\"async\" class=\"alignleft size-full wp-image-424\" title=\"2\" alt=\"2\" src=\"https:\/\/www.nocturnus-film.de\/home\/wp-content\/uploads\/2009\/09\/26.jpg\" width=\"330\" height=\"264\" srcset=\"https:\/\/www.nocturnus-film.de\/home\/wp-content\/uploads\/2009\/09\/26.jpg 330w, https:\/\/www.nocturnus-film.de\/home\/wp-content\/uploads\/2009\/09\/26-300x240.jpg 300w\" sizes=\"auto, (max-width: 330px) 100vw, 330px\" \/><img loading=\"lazy\" decoding=\"async\" class=\"alignleft size-full wp-image-425\" title=\"3\" alt=\"3\" src=\"https:\/\/www.nocturnus-film.de\/home\/wp-content\/uploads\/2009\/09\/34.jpg\" width=\"330\" height=\"264\" srcset=\"https:\/\/www.nocturnus-film.de\/home\/wp-content\/uploads\/2009\/09\/34.jpg 330w, https:\/\/www.nocturnus-film.de\/home\/wp-content\/uploads\/2009\/09\/34-300x240.jpg 300w\" sizes=\"auto, (max-width: 330px) 100vw, 330px\" \/><img loading=\"lazy\" decoding=\"async\" class=\"alignleft size-full wp-image-426\" title=\"4\" alt=\"4\" src=\"https:\/\/www.nocturnus-film.de\/home\/wp-content\/uploads\/2009\/09\/46.jpg\" width=\"330\" height=\"264\" srcset=\"https:\/\/www.nocturnus-film.de\/home\/wp-content\/uploads\/2009\/09\/46.jpg 330w, https:\/\/www.nocturnus-film.de\/home\/wp-content\/uploads\/2009\/09\/46-300x240.jpg 300w\" sizes=\"auto, (max-width: 330px) 100vw, 330px\" \/><\/p>\n<p>Fotos von Maik Evers<\/p>\n<\/div>\n","protected":false},"excerpt":{"rendered":"<p>Titel: Sein letzter Zug Genre: Film Noir L\u00e4nge: 9 min. Label: G.I.-Productions Dieser satirische Film Noir war unser zweiter Film f\u00fcr das 2880 &#8211; Grandprix du film de NRW Festival. Wie auch schon &#8222;Warum?&#8220; 2004 schaffte dieser Film, der beim Festival in einer stark gek\u00fcrzten Fassung unter dem Titel &#8222;Alles mal anders machen&#8220; eingereicht wurde,&#8230;<\/p>\n","protected":false},"author":1,"featured_media":0,"parent":46,"menu_order":17,"comment_status":"closed","ping_status":"closed","template":"","meta":{"footnotes":""},"class_list":["post-141","page","type-page","status-publish","hentry"],"aioseo_notices":[],"_links":{"self":[{"href":"https:\/\/www.nocturnus-film.de\/home\/wp-json\/wp\/v2\/pages\/141","targetHints":{"allow":["GET"]}}],"collection":[{"href":"https:\/\/www.nocturnus-film.de\/home\/wp-json\/wp\/v2\/pages"}],"about":[{"href":"https:\/\/www.nocturnus-film.de\/home\/wp-json\/wp\/v2\/types\/page"}],"author":[{"embeddable":true,"href":"https:\/\/www.nocturnus-film.de\/home\/wp-json\/wp\/v2\/users\/1"}],"replies":[{"embeddable":true,"href":"https:\/\/www.nocturnus-film.de\/home\/wp-json\/wp\/v2\/comments?post=141"}],"version-history":[{"count":14,"href":"https:\/\/www.nocturnus-film.de\/home\/wp-json\/wp\/v2\/pages\/141\/revisions"}],"predecessor-version":[{"id":2352,"href":"https:\/\/www.nocturnus-film.de\/home\/wp-json\/wp\/v2\/pages\/141\/revisions\/2352"}],"up":[{"embeddable":true,"href":"https:\/\/www.nocturnus-film.de\/home\/wp-json\/wp\/v2\/pages\/46"}],"wp:attachment":[{"href":"https:\/\/www.nocturnus-film.de\/home\/wp-json\/wp\/v2\/media?parent=141"}],"curies":[{"name":"wp","href":"https:\/\/api.w.org\/{rel}","templated":true}]}}