{"id":1305,"date":"2014-06-11T11:52:55","date_gmt":"2014-06-11T09:52:55","guid":{"rendered":"http:\/\/www.nocturnus-film.de\/home\/?page_id=1305"},"modified":"2018-05-01T13:10:19","modified_gmt":"2018-05-01T11:10:19","slug":"gendroids","status":"publish","type":"page","link":"https:\/\/www.nocturnus-film.de\/home\/filmprojekte\/gendroids\/","title":{"rendered":"Gendroids"},"content":{"rendered":"<ul>\n<li>Deutschland, 2014<\/li>\n<li>Genre: Science Fiction \/ Animationsfilm<\/li>\n<li>L\u00e4nge: 10 min.<\/li>\n<li>Label: Kinderspielhaus D\u00fcsseldorf<\/li>\n<\/ul>\n<p style=\"text-align: justify;\">In den Osterferien 2014 leitete Daniel Raboldt zusammen mit Designer <a title=\"Christian D\u00fcnow bei &quot;D\u00fcsseldorfer K\u00fcnstler.de&quot;\" href=\"http:\/\/www.duesseldorfer-kuenstler.de\/kuenstler\/grafitti\/christian-duenow.html\" target=\"_blank\">Christian D\u00fcnow<\/a> einen Animationsfilm-Workshop im <a title=\"Die Homepage des Kinderspielhauses\" href=\"http:\/\/www.kinderspielhaus-duesseldorf.de\/\" target=\"_blank\">Kinderspielhaus D\u00fcsseldorf<\/a>. &#8222;Gendroids&#8220; war das Ergebnis des f\u00fcnften Teils des mehrj\u00e4hrigen Gender-Projekts &#8222;Gemischte T\u00fcte &#8211; Alles ist drin!&#8220;, das von Jessica M\u00f6rtl ins Leben gerufen worden ist.<\/p>\n<p style=\"text-align: justify;\">In diesem Jahr &#8222;entwarfen die Kinder und Jugendlichen hingebungsvoll unverwechselbare Prototypen von Robotern, die von der Skizze \u00fcber das Modell bis hin zum selbstgemachten Animationsfilm im wahrsten Sinne des Wortes laufen lernten. Diesen einzigartigen mechanischen Wesen wurden durch die intensiv durchdachte Entwicklung, liebevolle Gestaltung, akribische Zeichnungen und individuelle Handschrift\u00a0 eines jeden Kindes und Jugendlichen im Laufe von \u201eGemischte T\u00fcte \u2013 Alles ist drin!\u201c Teil 5 Leben eingehaucht, sodass aus den sonst eint\u00f6nigen und grauen Flie\u00dfbandrobotern vielf\u00e4ltige Einzelst\u00fccke wurden.<\/p>\n<p style=\"text-align: justify;\">Die Kinder und Jugendlichen entdeckten, dass ihre selbst erschaffenen Figuren mehr sind als die Summe ihrer Einzelteile. Genauso wie auch sie selber mehr ausmacht als nur ihr Aussehen, ihr Geschlecht und ihre Nationalit\u00e4t.&#8220; (Zitat vom DVD-Booklet von &#8222;Gendroids&#8220;)<\/p>\n<p style=\"text-align: justify;\">Und damit der ganze Text nicht so lang aussieht, gibt&#8217;s hier mal einen Trailer zwischendurch:<\/p>\n<p><iframe loading=\"lazy\" src=\"\/\/www.youtube.com\/embed\/2xn2QlwqLWQ\" width=\"640\" height=\"360\" frameborder=\"0\" allowfullscreen=\"allowfullscreen\"><\/iframe><\/p>\n<h5>Story<\/h5>\n<div>Die &#8222;Gendroids&#8220; leben in einer Welt, in der nur Roboter existieren. Sie schuften tagein tagaus in einer d\u00fcsteren und verfallenen Fabrik, in der ausschlie\u00dflich Verbotsschilder (&#8222;Spielen verboten&#8220;) hergestellt werden. \u00dcberwacht werden sie von einem \u00fcberm\u00e4chtigen Programm, das ihnen jede Kreativit\u00e4t und Individualit\u00e4t raubt. Doch eines Tages kommt es zur Katastrophe. Der Hauptreaktor der Fabrik bricht zusammen und die Roboter verlieren ihre Programmierung. Jetzt sind sie zum ersten Mal gezwungen, f\u00fcr sich selber zu denken und ihre eigenen Entscheidungen zu treffen&#8230;<\/div>\n<div style=\"text-align: justify;\"><\/div>\n<h5 style=\"text-align: justify;\">Cast und Crew<\/h5>\n<div style=\"text-align: justify;\"><\/div>\n<div>\n<div>\n<ul>\n<li><strong>Charakterentw\u00fcrfe und Zeichnungen<\/strong>: die TeilnehmerInnen des Workshops (im Alter von 12 bis 15)<\/li>\n<li><strong>Drehbuch<\/strong>:\u00a0die TeilnehmerInnen des Workshops (im Alter von 12 bis 15)<\/li>\n<li><strong>Film, Konzept und k\u00fcnstlerische Gestaltung<\/strong>: Christian D\u00fcnow<\/li>\n<li><strong>Film, Konzept, Schnitt, Animation und Sound<\/strong>: Daniel Raboldt<\/li>\n<li><strong>Film, Konzept und Organisation<\/strong>: Jessica M\u00f6rtl<\/li>\n<li><strong>Konzept<\/strong>: Max Lommel<\/li>\n<\/ul>\n<\/div>\n<div style=\"text-align: center;\"><iframe loading=\"lazy\" src=\"\/\/www.youtube.com\/embed\/sv-vgHZSaH4\" width=\"640\" height=\"360\" frameborder=\"0\" allowfullscreen=\"allowfullscreen\"><\/iframe><\/div>\n<\/div>\n","protected":false},"excerpt":{"rendered":"<p>Die &#8222;Gendroids&#8220; leben in einer Welt, in der nur Roboter existieren. Sie schuften tagein tagaus in einer d\u00fcsteren und verfallenen Fabrik, in der ausschlie\u00dflich Verbotsschilder (&#8222;Spielen verboten&#8220;) hergestellt werden. \u00dcberwacht werden sie von einem \u00fcberm\u00e4chtigen Programm, das ihnen jede Kreativit\u00e4t und Individualit\u00e4t raubt. Doch eines Tages kommt es zur Katastrophe. Der Hauptreaktor der Fabrik bricht zusammen und die Roboter verlieren ihre Programmierung. Jetzt sind sie zum ersten Mal gezwungen, f\u00fcr sich selber zu denken und ihre eigenen Entscheidungen zu treffen&#8230;<\/p>\n","protected":false},"author":1,"featured_media":1306,"parent":46,"menu_order":4,"comment_status":"closed","ping_status":"closed","template":"","meta":{"footnotes":""},"class_list":["post-1305","page","type-page","status-publish","has-post-thumbnail","hentry"],"aioseo_notices":[],"_links":{"self":[{"href":"https:\/\/www.nocturnus-film.de\/home\/wp-json\/wp\/v2\/pages\/1305","targetHints":{"allow":["GET"]}}],"collection":[{"href":"https:\/\/www.nocturnus-film.de\/home\/wp-json\/wp\/v2\/pages"}],"about":[{"href":"https:\/\/www.nocturnus-film.de\/home\/wp-json\/wp\/v2\/types\/page"}],"author":[{"embeddable":true,"href":"https:\/\/www.nocturnus-film.de\/home\/wp-json\/wp\/v2\/users\/1"}],"replies":[{"embeddable":true,"href":"https:\/\/www.nocturnus-film.de\/home\/wp-json\/wp\/v2\/comments?post=1305"}],"version-history":[{"count":17,"href":"https:\/\/www.nocturnus-film.de\/home\/wp-json\/wp\/v2\/pages\/1305\/revisions"}],"predecessor-version":[{"id":1768,"href":"https:\/\/www.nocturnus-film.de\/home\/wp-json\/wp\/v2\/pages\/1305\/revisions\/1768"}],"up":[{"embeddable":true,"href":"https:\/\/www.nocturnus-film.de\/home\/wp-json\/wp\/v2\/pages\/46"}],"wp:featuredmedia":[{"embeddable":true,"href":"https:\/\/www.nocturnus-film.de\/home\/wp-json\/wp\/v2\/media\/1306"}],"wp:attachment":[{"href":"https:\/\/www.nocturnus-film.de\/home\/wp-json\/wp\/v2\/media?parent=1305"}],"curies":[{"name":"wp","href":"https:\/\/api.w.org\/{rel}","templated":true}]}}