{"id":118,"date":"2009-09-28T04:41:52","date_gmt":"2009-09-28T02:41:52","guid":{"rendered":"http:\/\/www.nocturnus-film.de\/home\/?page_id=118"},"modified":"2025-06-28T00:38:39","modified_gmt":"2025-06-27T22:38:39","slug":"warum","status":"publish","type":"page","link":"https:\/\/www.nocturnus-film.de\/home\/filmprojekte\/archiv\/warum\/","title":{"rendered":"Warum?"},"content":{"rendered":"<div>\n<ul>\n<li><span style=\"font-family: helvetica, arial, sans-serif; font-size: 14pt;\">Titel: <strong>Warum?<\/strong><\/span><\/li>\n<li><span style=\"font-family: helvetica, arial, sans-serif; font-size: 14pt;\">Genre: Krimi<\/span><\/li>\n<li><span style=\"font-family: helvetica, arial, sans-serif; font-size: 14pt;\">L\u00e4nge: 6 min.<\/span><\/li>\n<li><span style=\"font-family: helvetica, arial, sans-serif; font-size: 14pt;\">Label: G.I.-Productions<\/span><\/li>\n<\/ul>\n<div style=\"text-align: justify;\"><span style=\"font-family: helvetica, arial, sans-serif; font-size: 14pt;\">Dieser kurze Krimi war der erste Film, den wir f\u00fcr das 2880 &#8211; Grandprix du film de NRW Festival produziert haben. Die Vorgaben (neben Titel und Genre) waren: Er musste innerhalb von 48 Stunden geschrieben, gedreht und fertiggestellt werden und durfte nicht l\u00e4nger als f\u00fcnf Minuten sein (dass die aktuelle Version l\u00e4nger ist, ist nur Vor- und Abspann zu verdanken).<\/span><\/div>\n<div>&#8211;<\/div>\n<div style=\"text-align: justify;\"><span style=\"font-family: helvetica, arial, sans-serif; font-size: 14pt;\">Ein Kleingangster hat f\u00fcnf Minuten Zeit, seinem Boss zu erkl\u00e4ren, wo dessen Geld hin verschwunden ist. Die Geschichte, die er erz\u00e4hlt, klingt jedoch ziemlich fantastisch&#8230;<\/span><\/div>\n<\/div>\n<div>&#8211;<\/div>\n<div style=\"text-align: justify;\"><span style=\"font-family: helvetica, arial, sans-serif; font-size: 14pt;\">Mit diesem Film landeten wir direkt im Finale und wurden von der Jury auf den zweiten Platz gew\u00e4hlt. Der dazu geh\u00f6rige Buchpreis (ein sehr hochwertiges Buch \u00fcber Beleuchtungstechniken beim Film) war somit der erste Filmpreis, den wir je bekommen haben.<\/span><\/div>\n<div>\n<div><\/div>\n<ul>\n<li><span style=\"font-family: helvetica, arial, sans-serif; font-size: 14pt;\">Drehbuch, Produktion, Schnitt und Regie: Daniel Raboldt<\/span><\/li>\n<li><span style=\"font-family: helvetica, arial, sans-serif; font-size: 14pt;\">Drehbuch und Kamera: Boris Siuda<\/span><\/li>\n<li><span style=\"font-family: helvetica, arial, sans-serif; font-size: 14pt;\">Darsteller: Gerd Buurmann, Ariane Raspe<\/span><\/li>\n<\/ul>\n<div><span style=\"font-family: helvetica, arial, sans-serif; font-size: 14pt;\"><img loading=\"lazy\" decoding=\"async\" class=\"alignleft size-full wp-image-416\" title=\"1\" src=\"https:\/\/www.nocturnus-film.de\/home\/wp-content\/uploads\/2009\/09\/GerdAriane41.jpg\" alt=\"1\" width=\"330\" height=\"264\" srcset=\"https:\/\/www.nocturnus-film.de\/home\/wp-content\/uploads\/2009\/09\/GerdAriane41.jpg 330w, https:\/\/www.nocturnus-film.de\/home\/wp-content\/uploads\/2009\/09\/GerdAriane41-300x240.jpg 300w\" sizes=\"auto, (max-width: 330px) 100vw, 330px\" \/><img loading=\"lazy\" decoding=\"async\" class=\"alignleft size-full wp-image-417\" title=\"2\" src=\"https:\/\/www.nocturnus-film.de\/home\/wp-content\/uploads\/2009\/09\/GerdDaniel1.jpg\" alt=\"2\" width=\"330\" height=\"264\" srcset=\"https:\/\/www.nocturnus-film.de\/home\/wp-content\/uploads\/2009\/09\/GerdDaniel1.jpg 330w, https:\/\/www.nocturnus-film.de\/home\/wp-content\/uploads\/2009\/09\/GerdDaniel1-300x240.jpg 300w\" sizes=\"auto, (max-width: 330px) 100vw, 330px\" \/><img loading=\"lazy\" decoding=\"async\" class=\"alignleft size-full wp-image-418\" title=\"3\" src=\"https:\/\/www.nocturnus-film.de\/home\/wp-content\/uploads\/2009\/09\/GerdKoffer21.jpg\" alt=\"GerdKoffer2\" width=\"330\" height=\"264\" srcset=\"https:\/\/www.nocturnus-film.de\/home\/wp-content\/uploads\/2009\/09\/GerdKoffer21.jpg 330w, https:\/\/www.nocturnus-film.de\/home\/wp-content\/uploads\/2009\/09\/GerdKoffer21-300x240.jpg 300w\" sizes=\"auto, (max-width: 330px) 100vw, 330px\" \/><img loading=\"lazy\" decoding=\"async\" class=\"alignleft size-full wp-image-419\" title=\"4\" src=\"https:\/\/www.nocturnus-film.de\/home\/wp-content\/uploads\/2009\/09\/GerdUBahn1.jpg\" alt=\"5\" width=\"330\" height=\"264\" srcset=\"https:\/\/www.nocturnus-film.de\/home\/wp-content\/uploads\/2009\/09\/GerdUBahn1.jpg 330w, https:\/\/www.nocturnus-film.de\/home\/wp-content\/uploads\/2009\/09\/GerdUBahn1-300x240.jpg 300w\" sizes=\"auto, (max-width: 330px) 100vw, 330px\" \/><img loading=\"lazy\" decoding=\"async\" class=\"alignleft size-full wp-image-420\" title=\"5\" src=\"https:\/\/www.nocturnus-film.de\/home\/wp-content\/uploads\/2009\/09\/GerdDaniel21.jpg\" alt=\"4\" width=\"330\" height=\"264\" srcset=\"https:\/\/www.nocturnus-film.de\/home\/wp-content\/uploads\/2009\/09\/GerdDaniel21.jpg 330w, https:\/\/www.nocturnus-film.de\/home\/wp-content\/uploads\/2009\/09\/GerdDaniel21-300x240.jpg 300w\" sizes=\"auto, (max-width: 330px) 100vw, 330px\" \/><img loading=\"lazy\" decoding=\"async\" class=\"alignleft size-full wp-image-421\" title=\"Die Magnetbandwixerbande\" src=\"https:\/\/www.nocturnus-film.de\/home\/wp-content\/uploads\/2009\/09\/Magnetwixerbande1.jpg\" alt=\"Die Magnetbandwixerbande\" width=\"330\" height=\"264\" srcset=\"https:\/\/www.nocturnus-film.de\/home\/wp-content\/uploads\/2009\/09\/Magnetwixerbande1.jpg 330w, https:\/\/www.nocturnus-film.de\/home\/wp-content\/uploads\/2009\/09\/Magnetwixerbande1-300x240.jpg 300w\" sizes=\"auto, (max-width: 330px) 100vw, 330px\" \/><\/span><\/div>\n<\/div>\n","protected":false},"excerpt":{"rendered":"<p>Titel: Warum? Genre: Krimi L\u00e4nge: 6 min. Label: G.I.-Productions Dieser kurze Krimi war der erste Film, den wir f\u00fcr das 2880 &#8211; Grandprix du film de NRW Festival produziert haben. Die Vorgaben (neben Titel und Genre) waren: Er musste innerhalb von 48 Stunden geschrieben, gedreht und fertiggestellt werden und durfte nicht l\u00e4nger als f\u00fcnf Minuten&#8230;<\/p>\n","protected":false},"author":1,"featured_media":0,"parent":2406,"menu_order":17,"comment_status":"closed","ping_status":"closed","template":"","meta":{"footnotes":""},"class_list":["post-118","page","type-page","status-publish","hentry"],"aioseo_notices":[],"_links":{"self":[{"href":"https:\/\/www.nocturnus-film.de\/home\/wp-json\/wp\/v2\/pages\/118","targetHints":{"allow":["GET"]}}],"collection":[{"href":"https:\/\/www.nocturnus-film.de\/home\/wp-json\/wp\/v2\/pages"}],"about":[{"href":"https:\/\/www.nocturnus-film.de\/home\/wp-json\/wp\/v2\/types\/page"}],"author":[{"embeddable":true,"href":"https:\/\/www.nocturnus-film.de\/home\/wp-json\/wp\/v2\/users\/1"}],"replies":[{"embeddable":true,"href":"https:\/\/www.nocturnus-film.de\/home\/wp-json\/wp\/v2\/comments?post=118"}],"version-history":[{"count":20,"href":"https:\/\/www.nocturnus-film.de\/home\/wp-json\/wp\/v2\/pages\/118\/revisions"}],"predecessor-version":[{"id":3488,"href":"https:\/\/www.nocturnus-film.de\/home\/wp-json\/wp\/v2\/pages\/118\/revisions\/3488"}],"up":[{"embeddable":true,"href":"https:\/\/www.nocturnus-film.de\/home\/wp-json\/wp\/v2\/pages\/2406"}],"wp:attachment":[{"href":"https:\/\/www.nocturnus-film.de\/home\/wp-json\/wp\/v2\/media?parent=118"}],"curies":[{"name":"wp","href":"https:\/\/api.w.org\/{rel}","templated":true}]}}