{"id":1114,"date":"2013-10-19T16:15:03","date_gmt":"2013-10-19T14:15:03","guid":{"rendered":"http:\/\/www.nocturnus-film.de\/home\/?page_id=1114"},"modified":"2018-05-01T13:10:19","modified_gmt":"2018-05-01T11:10:19","slug":"furple-reign","status":"publish","type":"page","link":"https:\/\/www.nocturnus-film.de\/home\/filmprojekte\/furple-reign\/","title":{"rendered":"Furple Reign"},"content":{"rendered":"<ul>\n<li>Deutschland, 2013<\/li>\n<li>Genre: Science-Fiction \/ Kom\u00f6die<strong><br \/>\n<\/strong><\/li>\n<li>L\u00e4nge: 12 min<\/li>\n<li>Label: Nocturnus Film<\/li>\n<\/ul>\n<p style=\"text-align: justify;\">Aus einer v\u00f6llig absurden Idee und dem Entwurf von Maik Evers zum &#8222;Furple&#8220;-Kost\u00fcm entstand diese kurzweilige kleine Weltraum-Farce mit Anspielungen an &#8222;Star Trek&#8220;, &#8222;Star Wars&#8220;, &#8222;War of the worlds&#8220;, &#8222;Planet of the Apes&#8220; und nat\u00fcrlich den Meister aller Robotersagen: Isaac Asimov. In nur anderthalb Tagen wurde die SciFi-Farce mit der Hilfe von Kameramann Thorsten Franzen und Stefan Weski in D\u00fcsseldorf bei <a title=\"Die Website von Akki e.V. D\u00fcsseldorf\" href=\"http:\/\/www.akki-ev.de\/\" target=\"_blank\">Akki e.V.<\/a> in demselben Raumschiff-Set gedreht, in dem auch<a title=\"The Last Survivor\" href=\"https:\/\/www.nocturnus-film.de\/home\/?page_id=692\"> &#8222;The Last Survivor&#8220;<\/a>, <a title=\"Star Crew \u2013 Die Grenzen der Realit\u00e4t\" href=\"https:\/\/www.nocturnus-film.de\/home\/?page_id=606\">&#8222;Star Crew &#8211; Die Grenzen der Realit\u00e4t&#8220;<\/a> und Henning Rickes <a title=\"&quot;Theseus&quot; auf YouTube\" href=\"http:\/\/www.youtube.com\/watch?v=TmnWFyEn7sc&amp;feature=youtu.be\" target=\"_blank\">&#8222;Theseus&#8220;<\/a> (eine skurrile Parodie auf Ridley Scotts Filme &#8222;Alien&#8220; und &#8222;Prometheus&#8220;) entstanden sind.<\/p>\n<h5 style=\"text-align: justify;\">Story<\/h5>\n<p style=\"text-align: justify;\">Das &#8222;Furple&#8220; (gespielt von <a title=\"Die Homepage von Maik Evers\" href=\"http:\/\/www.maik-evers.de\/\" target=\"_blank\">Maik Evers<\/a>), das s\u00fc\u00dfeste au\u00dferirdische Lebewesen seit der Kreuzung aus E.T. und Chewbacca ist in seinem Raumschiff unterwegs durch die unendlichen Weiten des Weltalls. Nur begleitet vom etwas t\u00f6lpeligen Roboter &#8222;Arnold&#8220; (gesprochen von Daniel Raboldt) verbringt es seine Zeit haupts\u00e4chlich damit, B\u00fccher zu lesen, die es nicht versteht, Videogames zu zocken, die es nicht beherrscht, mit Arnold Fu\u00dfball zu spielen, Jonglieren zu lernen und gelegentlich einem Asteroiden auszuweichen&#8230; Oder auch nicht. Das Ziel der beiden Tolpatsche: die Erde! Ihre Mission: streng geheim!<\/p>\n<h5>Cast und Crew<\/h5>\n<ul>\n<li><strong>Regie und Drehbuch<\/strong>: Daniel Raboldt<\/li>\n<li><strong>Creature Design<\/strong>: Maik Evers<\/li>\n<li><strong>Kamera<\/strong>: Thorsten Franzen<\/li>\n<li><strong>Kamera-Assistenz<\/strong>: Stefan Weski<\/li>\n<li><strong>Schnitt und Ton<\/strong>: Daniel Raboldt<\/li>\n<li><strong>Musik<\/strong>: Leo-Lucas Schwemin u.a.<\/li>\n<li><strong>Ausstattung<\/strong>: Stefan Weski, Thorsten Franzen, Axel Ricke, Daniel Raboldt<\/li>\n<li><strong>VFX \/ Compositing<\/strong>: Daniel Raboldt<\/li>\n<li><strong>Standfotographie<\/strong>: Stefan Weski<\/li>\n<li><strong>Darsteller<\/strong>: Maik Evers, Daniel Raboldt<\/li>\n<\/ul>\n<p><iframe loading=\"lazy\" src=\"\/\/www.youtube.com\/embed\/M3YDBVaUjT8\" width=\"640\" height=\"480\" frameborder=\"0\" allowfullscreen=\"allowfullscreen\"><\/iframe><br \/>\n<img loading=\"lazy\" decoding=\"async\" class=\"alignleft size-medium wp-image-1117\" title=\"Daniel Raboldt, Maik Evers und Thorsten Franzen (Foto von Stefan Weski)\" src=\"https:\/\/www.nocturnus-film.de\/home\/wp-content\/uploads\/2013\/10\/Daniel_Raboldt_Thorsten_Franzen-300x199.jpg\" alt=\"Daniel Raboldt, Maik Evers und Thorsten Franzen (Foto von Stefan Weski)\" width=\"300\" height=\"199\" srcset=\"https:\/\/www.nocturnus-film.de\/home\/wp-content\/uploads\/2013\/10\/Daniel_Raboldt_Thorsten_Franzen-300x199.jpg 300w, https:\/\/www.nocturnus-film.de\/home\/wp-content\/uploads\/2013\/10\/Daniel_Raboldt_Thorsten_Franzen.jpg 1000w\" sizes=\"auto, (max-width: 300px) 100vw, 300px\" \/><img loading=\"lazy\" decoding=\"async\" class=\"size-medium wp-image-1118 alignright\" title=\"Maik Evers als &quot;Furple&quot; (Foto von Stefan Weski)\" src=\"https:\/\/www.nocturnus-film.de\/home\/wp-content\/uploads\/2013\/10\/Maik_Evers-300x199.jpg\" alt=\"Maik Evers als &quot;Furple&quot; (Foto von Stefan Weski)\" width=\"300\" height=\"199\" srcset=\"https:\/\/www.nocturnus-film.de\/home\/wp-content\/uploads\/2013\/10\/Maik_Evers-300x199.jpg 300w, https:\/\/www.nocturnus-film.de\/home\/wp-content\/uploads\/2013\/10\/Maik_Evers.jpg 1000w\" sizes=\"auto, (max-width: 300px) 100vw, 300px\" \/><\/p>\n","protected":false},"excerpt":{"rendered":"<p>Story of &#8222;Furple Reign&#8220;: The cutest alien since the child of Steven Spielbergs E.T. and George Lucas&#8216; Chewbacca&#8230; The Furple is on its way through space along with the tiny robot &#8222;Arnold&#8220;. Their destination: Earth! Their mission: Top Secret!<\/p>\n","protected":false},"author":1,"featured_media":1115,"parent":46,"menu_order":6,"comment_status":"closed","ping_status":"closed","template":"","meta":{"footnotes":""},"class_list":["post-1114","page","type-page","status-publish","has-post-thumbnail","hentry"],"aioseo_notices":[],"_links":{"self":[{"href":"https:\/\/www.nocturnus-film.de\/home\/wp-json\/wp\/v2\/pages\/1114","targetHints":{"allow":["GET"]}}],"collection":[{"href":"https:\/\/www.nocturnus-film.de\/home\/wp-json\/wp\/v2\/pages"}],"about":[{"href":"https:\/\/www.nocturnus-film.de\/home\/wp-json\/wp\/v2\/types\/page"}],"author":[{"embeddable":true,"href":"https:\/\/www.nocturnus-film.de\/home\/wp-json\/wp\/v2\/users\/1"}],"replies":[{"embeddable":true,"href":"https:\/\/www.nocturnus-film.de\/home\/wp-json\/wp\/v2\/comments?post=1114"}],"version-history":[{"count":13,"href":"https:\/\/www.nocturnus-film.de\/home\/wp-json\/wp\/v2\/pages\/1114\/revisions"}],"predecessor-version":[{"id":1770,"href":"https:\/\/www.nocturnus-film.de\/home\/wp-json\/wp\/v2\/pages\/1114\/revisions\/1770"}],"up":[{"embeddable":true,"href":"https:\/\/www.nocturnus-film.de\/home\/wp-json\/wp\/v2\/pages\/46"}],"wp:featuredmedia":[{"embeddable":true,"href":"https:\/\/www.nocturnus-film.de\/home\/wp-json\/wp\/v2\/media\/1115"}],"wp:attachment":[{"href":"https:\/\/www.nocturnus-film.de\/home\/wp-json\/wp\/v2\/media?parent=1114"}],"curies":[{"name":"wp","href":"https:\/\/api.w.org\/{rel}","templated":true}]}}